{"id":2217,"date":"2024-12-03T11:53:16","date_gmt":"2024-12-03T11:53:16","guid":{"rendered":"https:\/\/healthcare-plaza.eu\/?page_id=2217"},"modified":"2025-09-23T06:29:48","modified_gmt":"2025-09-23T06:29:48","slug":"partners","status":"publish","type":"page","link":"https:\/\/www.nanohealthcare.eu\/it\/partners\/","title":{"rendered":"Partner"},"content":{"rendered":"<div data-elementor-type=\"wp-page\" data-elementor-id=\"2217\" class=\"elementor elementor-2217\" data-elementor-post-type=\"page\">\n\t\t\t\t<div class=\"elementor-element elementor-element-0ddbb3e e-flex e-con-boxed e-con e-parent\" data-id=\"0ddbb3e\" data-element_type=\"container\" data-settings=\"{&quot;background_background&quot;:&quot;classic&quot;}\">\n\t\t\t\t\t<div class=\"e-con-inner\">\n\t\t\t\t<div class=\"elementor-element elementor-element-620e468 elementor-widget-mobile__width-initial elementor-widget elementor-widget-heading\" data-id=\"620e468\" data-element_type=\"widget\" data-widget_type=\"heading.default\">\n\t\t\t\t<div class=\"elementor-widget-container\">\n\t\t\t\t\t<h1 class=\"elementor-heading-title elementor-size-default\">Partner<\/h1>\t\t\t\t<\/div>\n\t\t\t\t<\/div>\n\t\t\t\t<div class=\"elementor-element elementor-element-7764923 elementor-widget__width-initial elementor-widget elementor-widget-text-editor\" data-id=\"7764923\" data-element_type=\"widget\" data-widget_type=\"text-editor.default\">\n\t\t\t\t<div class=\"elementor-widget-container\">\n\t\t\t\t\t\t\t\t\t<p>Puoi trovare il tuo rispettivo terapista Nano CellCare tramite\u00a0<strong><a href=\"https:\/\/www.nanohealthcare.eu\/it\/locator\/\">localizzatore di trattamento<\/a>. <\/strong>Interessato a diventare un partner? Compila il modulo nella nostra pagina dei contatti o chiama <strong>+31 297 74 35 72<\/strong> per maggiori informazioni.<\/p>\t\t\t\t\t\t\t\t<\/div>\n\t\t\t\t<\/div>\n\t\t\t\t\t<\/div>\n\t\t\t\t<\/div>\n\t\t<div class=\"elementor-element elementor-element-9d2c889 e-flex e-con-boxed e-con e-parent\" data-id=\"9d2c889\" data-element_type=\"container\">\n\t\t\t\t\t<div class=\"e-con-inner\">\n\t\t\t\t<div class=\"elementor-element elementor-element-4dafff0 elementor-posts--align-left elementor-grid-3 elementor-grid-tablet-2 elementor-grid-mobile-1 elementor-posts--thumbnail-top elementor-widget elementor-widget-posts\" data-id=\"4dafff0\" data-element_type=\"widget\" data-settings=\"{&quot;pagination_type&quot;:&quot;numbers&quot;,&quot;classic_columns&quot;:&quot;3&quot;,&quot;classic_columns_tablet&quot;:&quot;2&quot;,&quot;classic_columns_mobile&quot;:&quot;1&quot;,&quot;classic_row_gap&quot;:{&quot;unit&quot;:&quot;px&quot;,&quot;size&quot;:35,&quot;sizes&quot;:[]},&quot;classic_row_gap_tablet&quot;:{&quot;unit&quot;:&quot;px&quot;,&quot;size&quot;:&quot;&quot;,&quot;sizes&quot;:[]},&quot;classic_row_gap_mobile&quot;:{&quot;unit&quot;:&quot;px&quot;,&quot;size&quot;:&quot;&quot;,&quot;sizes&quot;:[]}}\" data-widget_type=\"posts.classic\">\n\t\t\t\t<div class=\"elementor-widget-container\">\n\t\t\t\t\t\t\t<div class=\"elementor-posts-container elementor-posts elementor-posts--skin-classic elementor-grid\">\n\t\t\t\t<article class=\"elementor-post elementor-grid-item post-2377 partnerss type-partnerss status-publish format-standard has-post-thumbnail hentry\">\n\t\t\t\t<a class=\"elementor-post__thumbnail__link\" href=\"https:\/\/www.nanohealthcare.eu\/it\/partnerss\/praktijk-hayo-bol\/\" tabindex=\"-1\">\n\t\t\t<div class=\"elementor-post__thumbnail\"><img fetchpriority=\"high\" decoding=\"async\" width=\"915\" height=\"610\" src=\"https:\/\/www.nanohealthcare.eu\/wp-content\/uploads\/2024\/12\/over-IMC-pic2.jpg\" class=\"attachment-full size-full wp-image-2379\" alt=\"\" srcset=\"https:\/\/www.nanohealthcare.eu\/wp-content\/uploads\/2024\/12\/over-IMC-pic2.jpg 915w, https:\/\/www.nanohealthcare.eu\/wp-content\/uploads\/2024\/12\/over-IMC-pic2-300x200.jpg 300w, https:\/\/www.nanohealthcare.eu\/wp-content\/uploads\/2024\/12\/over-IMC-pic2-768x512.jpg 768w, https:\/\/www.nanohealthcare.eu\/wp-content\/uploads\/2024\/12\/over-IMC-pic2-18x12.jpg 18w\" sizes=\"(max-width: 915px) 100vw, 915px\" \/><\/div>\n\t\t<\/a>\n\t\t\t\t<div class=\"elementor-post__text\">\n\t\t\t\t<h3 class=\"elementor-post__title\">\n\t\t\t<a href=\"https:\/\/www.nanohealthcare.eu\/it\/partnerss\/praktijk-hayo-bol\/\">\n\t\t\t\tPratica Hayo Bol\t\t\t<\/a>\n\t\t<\/h3>\n\t\t\t\t<div class=\"elementor-post__excerpt\">\n\t\t\t<p>Praktijk Hayo Bol Praktijk Hayo Bol De praktijkDe praktijk van Hayo Bol is te vinden in het Friese Joure. Tweewekelijks \u00e8 hij ook in het Integraal Medisch Centrum van Amsterdam te vinden voor consulten. Dal 1995 \u00e8 Hayo un terapista naturale gediplomeerd. Il suo lavoro vanta una prospettiva olistica basata su diversi principi: energia, drenaggio, drenaggio, svuotamento e benessere generale. De behandelingenHet<\/p>\n\t\t<\/div>\n\t\t\t\t\t<div class=\"elementor-post__read-more-wrapper\">\n\t\t\n\t\t<a class=\"elementor-post__read-more\" href=\"https:\/\/www.nanohealthcare.eu\/it\/partnerss\/praktijk-hayo-bol\/\" aria-label=\"Leggi tutto Praktijk Hayo Bol\" tabindex=\"-1\">\n\t\t\tLeggi di pi\u00f9 \u27f6\t\t<\/a>\n\n\t\t\t\t\t<\/div>\n\t\t\t\t<\/div>\n\t\t\t\t<\/article>\n\t\t\t\t<article class=\"elementor-post elementor-grid-item post-2369 partnerss type-partnerss status-publish format-standard has-post-thumbnail hentry\">\n\t\t\t\t<a class=\"elementor-post__thumbnail__link\" href=\"https:\/\/www.nanohealthcare.eu\/it\/partnerss\/instituut-zeewind\/\" tabindex=\"-1\">\n\t\t\t<div class=\"elementor-post__thumbnail\"><img decoding=\"async\" width=\"2560\" height=\"1704\" src=\"https:\/\/www.nanohealthcare.eu\/wp-content\/uploads\/2024\/12\/Zeewind-foto-1-scaled.jpg\" class=\"attachment-full size-full wp-image-2594\" alt=\"\" srcset=\"https:\/\/www.nanohealthcare.eu\/wp-content\/uploads\/2024\/12\/Zeewind-foto-1-scaled.jpg 2560w, https:\/\/www.nanohealthcare.eu\/wp-content\/uploads\/2024\/12\/Zeewind-foto-1-300x200.jpg 300w, https:\/\/www.nanohealthcare.eu\/wp-content\/uploads\/2024\/12\/Zeewind-foto-1-1024x682.jpg 1024w, https:\/\/www.nanohealthcare.eu\/wp-content\/uploads\/2024\/12\/Zeewind-foto-1-768x511.jpg 768w, https:\/\/www.nanohealthcare.eu\/wp-content\/uploads\/2024\/12\/Zeewind-foto-1-1536x1022.jpg 1536w, https:\/\/www.nanohealthcare.eu\/wp-content\/uploads\/2024\/12\/Zeewind-foto-1-2048x1363.jpg 2048w, https:\/\/www.nanohealthcare.eu\/wp-content\/uploads\/2024\/12\/Zeewind-foto-1-18x12.jpg 18w\" sizes=\"(max-width: 2560px) 100vw, 2560px\" \/><\/div>\n\t\t<\/a>\n\t\t\t\t<div class=\"elementor-post__text\">\n\t\t\t\t<h3 class=\"elementor-post__title\">\n\t\t\t<a href=\"https:\/\/www.nanohealthcare.eu\/it\/partnerss\/instituut-zeewind\/\">\n\t\t\t\tIstituto Zeewind\t\t\t<\/a>\n\t\t<\/h3>\n\t\t\t\t<div class=\"elementor-post__excerpt\">\n\t\t\t<p>Instituut Zeewind Instituut Zeewind Het instituutInstituut Zeewind opende in 1995 haar deuren. De praktijk \u00e8 gevestigd in het &#039;Oude Dorp&#039; van Amstelveen. Dal 2005, il gerundio di Zeewind \u00e8 stato scritto da Hanna Hasnaoui. Zij werkt samen ha incontrato un team di schoonheidsspecialistes. Il Bij Instituut Zeewind pu\u00f2 essere adatto a tutti coloro che hanno a che fare con la bellezza. Zodra je de salon binnenstapt, kun je er zeker van zijn<\/p>\n\t\t<\/div>\n\t\t\t\t\t<div class=\"elementor-post__read-more-wrapper\">\n\t\t\n\t\t<a class=\"elementor-post__read-more\" href=\"https:\/\/www.nanohealthcare.eu\/it\/partnerss\/instituut-zeewind\/\" aria-label=\"Leggi tutto Instituut Zeewind\" tabindex=\"-1\">\n\t\t\tLeggi di pi\u00f9 \u27f6\t\t<\/a>\n\n\t\t\t\t\t<\/div>\n\t\t\t\t<\/div>\n\t\t\t\t<\/article>\n\t\t\t\t<article class=\"elementor-post elementor-grid-item post-2355 partnerss type-partnerss status-publish format-standard has-post-thumbnail hentry\">\n\t\t\t\t<a class=\"elementor-post__thumbnail__link\" href=\"https:\/\/www.nanohealthcare.eu\/it\/partnerss\/herrots-health-energy\/\" tabindex=\"-1\">\n\t\t\t<div class=\"elementor-post__thumbnail\"><img decoding=\"async\" width=\"2560\" height=\"1704\" src=\"https:\/\/www.nanohealthcare.eu\/wp-content\/uploads\/2024\/12\/4D44666-scaled.jpg\" class=\"attachment-full size-full wp-image-2360\" alt=\"\" srcset=\"https:\/\/www.nanohealthcare.eu\/wp-content\/uploads\/2024\/12\/4D44666-scaled.jpg 2560w, https:\/\/www.nanohealthcare.eu\/wp-content\/uploads\/2024\/12\/4D44666-300x200.jpg 300w, https:\/\/www.nanohealthcare.eu\/wp-content\/uploads\/2024\/12\/4D44666-1024x682.jpg 1024w, https:\/\/www.nanohealthcare.eu\/wp-content\/uploads\/2024\/12\/4D44666-768x511.jpg 768w, https:\/\/www.nanohealthcare.eu\/wp-content\/uploads\/2024\/12\/4D44666-1536x1022.jpg 1536w, https:\/\/www.nanohealthcare.eu\/wp-content\/uploads\/2024\/12\/4D44666-2048x1363.jpg 2048w, https:\/\/www.nanohealthcare.eu\/wp-content\/uploads\/2024\/12\/4D44666-18x12.jpg 18w\" sizes=\"(max-width: 2560px) 100vw, 2560px\" \/><\/div>\n\t\t<\/a>\n\t\t\t\t<div class=\"elementor-post__text\">\n\t\t\t\t<h3 class=\"elementor-post__title\">\n\t\t\t<a href=\"https:\/\/www.nanohealthcare.eu\/it\/partnerss\/herrots-health-energy\/\">\n\t\t\t\tSalute ed energia di HERROT\t\t\t<\/a>\n\t\t<\/h3>\n\t\t\t\t<div class=\"elementor-post__excerpt\">\n\t\t\t<p>HERROT&#039;S Salute ed energia HERROT&#039;S Salute ed energia HERROT&#039;s Salute ed energiaVeronike \u00e8 un terapeutico Nano CellCare certificato. Daarnaast heeft zij nog een tiental opleidingen gevolgd, waaronder darmspecialist and orthomolecular voedingsadviseur. I nostri clienti possono usufruire di diversi trattamenti HERROT, tra cui la terapia Nano CellCare, la terapia ortomolecolare, la terapia Total Reset e il percorso di coaching. \u201cIk work vanuit de visie dat het lichaam zichzelf kan verbeteren<\/p>\n\t\t<\/div>\n\t\t\t\t\t<div class=\"elementor-post__read-more-wrapper\">\n\t\t\n\t\t<a class=\"elementor-post__read-more\" href=\"https:\/\/www.nanohealthcare.eu\/it\/partnerss\/herrots-health-energy\/\" aria-label=\"Leggi tutto HERROT&#039;S Salute ed Energia\" tabindex=\"-1\">\n\t\t\tLeggi di pi\u00f9 \u27f6\t\t<\/a>\n\n\t\t\t\t\t<\/div>\n\t\t\t\t<\/div>\n\t\t\t\t<\/article>\n\t\t\t\t<article class=\"elementor-post elementor-grid-item post-2333 partnerss type-partnerss status-publish format-standard has-post-thumbnail hentry\">\n\t\t\t\t<a class=\"elementor-post__thumbnail__link\" href=\"https:\/\/www.nanohealthcare.eu\/it\/partnerss\/vitality-management\/\" tabindex=\"-1\">\n\t\t\t<div class=\"elementor-post__thumbnail\"><img loading=\"lazy\" decoding=\"async\" width=\"2560\" height=\"2048\" src=\"https:\/\/www.nanohealthcare.eu\/wp-content\/uploads\/2024\/12\/4D43802-scaled.jpg\" class=\"attachment-full size-full wp-image-2337\" alt=\"\" srcset=\"https:\/\/www.nanohealthcare.eu\/wp-content\/uploads\/2024\/12\/4D43802-scaled.jpg 2560w, https:\/\/www.nanohealthcare.eu\/wp-content\/uploads\/2024\/12\/4D43802-300x240.jpg 300w, https:\/\/www.nanohealthcare.eu\/wp-content\/uploads\/2024\/12\/4D43802-1024x819.jpg 1024w, https:\/\/www.nanohealthcare.eu\/wp-content\/uploads\/2024\/12\/4D43802-768x614.jpg 768w, https:\/\/www.nanohealthcare.eu\/wp-content\/uploads\/2024\/12\/4D43802-1536x1229.jpg 1536w, https:\/\/www.nanohealthcare.eu\/wp-content\/uploads\/2024\/12\/4D43802-2048x1638.jpg 2048w, https:\/\/www.nanohealthcare.eu\/wp-content\/uploads\/2024\/12\/4D43802-15x12.jpg 15w\" sizes=\"(max-width: 2560px) 100vw, 2560px\" \/><\/div>\n\t\t<\/a>\n\t\t\t\t<div class=\"elementor-post__text\">\n\t\t\t\t<h3 class=\"elementor-post__title\">\n\t\t\t<a href=\"https:\/\/www.nanohealthcare.eu\/it\/partnerss\/vitality-management\/\">\n\t\t\t\tGestione della vitalit\u00e0\t\t\t<\/a>\n\t\t<\/h3>\n\t\t\t\t<div class=\"elementor-post__excerpt\">\n\t\t\t<p>Vitality Management Vitality Management Werk aan je vitaliteitSinds 1996 staat Derk de Kloet aan het roer van zijn bedrijf Vitality Management. La nostra pratica di coaching aiuta i suoi individui e i team a sfruttare la loro vitalit\u00e0. Ha molta voglia di fare in modo che i clienti possano presterersi da un&#039;altra pressione. Derk biedt personlijke ondersteuning on mental and fysiek vlak. La gestione della vitalit\u00e0 \u00e8 gestita a Kortenhoef. Allenamento<\/p>\n\t\t<\/div>\n\t\t\t\t\t<div class=\"elementor-post__read-more-wrapper\">\n\t\t\n\t\t<a class=\"elementor-post__read-more\" href=\"https:\/\/www.nanohealthcare.eu\/it\/partnerss\/vitality-management\/\" aria-label=\"Leggi tutto Gestione della vitalit\u00e0\" tabindex=\"-1\">\n\t\t\tLeggi di pi\u00f9 \u27f6\t\t<\/a>\n\n\t\t\t\t\t<\/div>\n\t\t\t\t<\/div>\n\t\t\t\t<\/article>\n\t\t\t\t<article class=\"elementor-post elementor-grid-item post-2325 partnerss type-partnerss status-publish format-standard has-post-thumbnail hentry\">\n\t\t\t\t<a class=\"elementor-post__thumbnail__link\" href=\"https:\/\/www.nanohealthcare.eu\/it\/partnerss\/natural-health-checck\/\" tabindex=\"-1\">\n\t\t\t<div class=\"elementor-post__thumbnail\"><img loading=\"lazy\" decoding=\"async\" width=\"1500\" height=\"1000\" src=\"https:\/\/www.nanohealthcare.eu\/wp-content\/uploads\/2024\/12\/Foto-2-Natural-Nano-Therapy-.jpeg\" class=\"attachment-full size-full wp-image-2511\" alt=\"\" srcset=\"https:\/\/www.nanohealthcare.eu\/wp-content\/uploads\/2024\/12\/Foto-2-Natural-Nano-Therapy-.jpeg 1500w, https:\/\/www.nanohealthcare.eu\/wp-content\/uploads\/2024\/12\/Foto-2-Natural-Nano-Therapy--300x200.jpeg 300w, https:\/\/www.nanohealthcare.eu\/wp-content\/uploads\/2024\/12\/Foto-2-Natural-Nano-Therapy--1024x683.jpeg 1024w, https:\/\/www.nanohealthcare.eu\/wp-content\/uploads\/2024\/12\/Foto-2-Natural-Nano-Therapy--768x512.jpeg 768w, https:\/\/www.nanohealthcare.eu\/wp-content\/uploads\/2024\/12\/Foto-2-Natural-Nano-Therapy--18x12.jpeg 18w\" sizes=\"(max-width: 1500px) 100vw, 1500px\" \/><\/div>\n\t\t<\/a>\n\t\t\t\t<div class=\"elementor-post__text\">\n\t\t\t\t<h3 class=\"elementor-post__title\">\n\t\t\t<a href=\"https:\/\/www.nanohealthcare.eu\/it\/partnerss\/natural-health-checck\/\">\n\t\t\t\tControllo della salute naturale\t\t\t<\/a>\n\t\t<\/h3>\n\t\t\t\t<div class=\"elementor-post__excerpt\">\n\t\t\t<p>Natural Health Check Natural Health Check Van carri\u00e8re in het bedrijfsleven naar eigen gezondheidspraktijkNatural Health Check \u00e8 nel 2007 opgericht di Tanja den Dunnen. La sua carriera \u00e8 iniziata nelle ore del mattino e in un anno \u00e8 iniziata la formazione di un terapista kPNI ortomolecolare e di un elettroagopuntore. Na haar bevallingen aveva ze langdurig vermoeidheidsklachten ed \u00e8 ze zich gaan verdiepen in de orthomoleculaire geneeskunde.<\/p>\n\t\t<\/div>\n\t\t\t\t\t<div class=\"elementor-post__read-more-wrapper\">\n\t\t\n\t\t<a class=\"elementor-post__read-more\" href=\"https:\/\/www.nanohealthcare.eu\/it\/partnerss\/natural-health-checck\/\" aria-label=\"Leggi tutto Controllo della salute naturale\" tabindex=\"-1\">\n\t\t\tLeggi di pi\u00f9 \u27f6\t\t<\/a>\n\n\t\t\t\t\t<\/div>\n\t\t\t\t<\/div>\n\t\t\t\t<\/article>\n\t\t\t\t<article class=\"elementor-post elementor-grid-item post-2277 partnerss type-partnerss status-publish format-standard has-post-thumbnail hentry\">\n\t\t\t\t<a class=\"elementor-post__thumbnail__link\" href=\"https:\/\/www.nanohealthcare.eu\/it\/partnerss\/body-plaza-nano-center\/\" tabindex=\"-1\">\n\t\t\t<div class=\"elementor-post__thumbnail\"><img loading=\"lazy\" decoding=\"async\" width=\"2560\" height=\"1704\" src=\"https:\/\/www.nanohealthcare.eu\/wp-content\/uploads\/2024\/12\/4D46937-scaled.jpg\" class=\"attachment-full size-full wp-image-2294\" alt=\"Body Plaza Nano Center - Behandeling\" srcset=\"https:\/\/www.nanohealthcare.eu\/wp-content\/uploads\/2024\/12\/4D46937-scaled.jpg 2560w, https:\/\/www.nanohealthcare.eu\/wp-content\/uploads\/2024\/12\/4D46937-300x200.jpg 300w, https:\/\/www.nanohealthcare.eu\/wp-content\/uploads\/2024\/12\/4D46937-1024x682.jpg 1024w, https:\/\/www.nanohealthcare.eu\/wp-content\/uploads\/2024\/12\/4D46937-768x511.jpg 768w, https:\/\/www.nanohealthcare.eu\/wp-content\/uploads\/2024\/12\/4D46937-1536x1022.jpg 1536w, https:\/\/www.nanohealthcare.eu\/wp-content\/uploads\/2024\/12\/4D46937-2048x1363.jpg 2048w, https:\/\/www.nanohealthcare.eu\/wp-content\/uploads\/2024\/12\/4D46937-18x12.jpg 18w\" sizes=\"(max-width: 2560px) 100vw, 2560px\" \/><\/div>\n\t\t<\/a>\n\t\t\t\t<div class=\"elementor-post__text\">\n\t\t\t\t<h3 class=\"elementor-post__title\">\n\t\t\t<a href=\"https:\/\/www.nanohealthcare.eu\/it\/partnerss\/body-plaza-nano-center\/\">\n\t\t\t\tCentro Nano Body Plaza\t\t\t<\/a>\n\t\t<\/h3>\n\t\t\t\t<div class=\"elementor-post__excerpt\">\n\t\t\t<p>Body Plaza Nano Center Body Plaza Nano Center Zorgcentrum ha incontrato diverse disciplineBody Plaza Nano Center \u00e8 situato in uno zorgcentrum a Veghel. Qui ho visto un osteopata, un terapista voetreflex, un podoterapista, un personal trainer e un terapista Nano CellCare. Con tutte queste discipline \u00e8 possibile che il miglior comportamento venga offerto al cliente. Body Plaza Nano Center si trova sotto la guida di Hans Zwart. Ciao<\/p>\n\t\t<\/div>\n\t\t\t\t\t<div class=\"elementor-post__read-more-wrapper\">\n\t\t\n\t\t<a class=\"elementor-post__read-more\" href=\"https:\/\/www.nanohealthcare.eu\/it\/partnerss\/body-plaza-nano-center\/\" aria-label=\"Leggi tutto Body Plaza Nano Center\" tabindex=\"-1\">\n\t\t\tLeggi di pi\u00f9 \u27f6\t\t<\/a>\n\n\t\t\t\t\t<\/div>\n\t\t\t\t<\/div>\n\t\t\t\t<\/article>\n\t\t\t\t<article class=\"elementor-post elementor-grid-item post-2166 partnerss type-partnerss status-publish format-standard has-post-thumbnail hentry\">\n\t\t\t\t<a class=\"elementor-post__thumbnail__link\" href=\"https:\/\/www.nanohealthcare.eu\/it\/partnerss\/hayo-bol-practice\/\" tabindex=\"-1\">\n\t\t\t<div class=\"elementor-post__thumbnail\"><img loading=\"lazy\" decoding=\"async\" width=\"2048\" height=\"1348\" src=\"https:\/\/www.nanohealthcare.eu\/wp-content\/uploads\/2024\/12\/4D41740-scaled-e1732873827684-2048x1348-1.jpg\" class=\"attachment-full size-full wp-image-2215\" alt=\"\" srcset=\"https:\/\/www.nanohealthcare.eu\/wp-content\/uploads\/2024\/12\/4D41740-scaled-e1732873827684-2048x1348-1.jpg 2048w, https:\/\/www.nanohealthcare.eu\/wp-content\/uploads\/2024\/12\/4D41740-scaled-e1732873827684-2048x1348-1-300x197.jpg 300w, https:\/\/www.nanohealthcare.eu\/wp-content\/uploads\/2024\/12\/4D41740-scaled-e1732873827684-2048x1348-1-1024x674.jpg 1024w, https:\/\/www.nanohealthcare.eu\/wp-content\/uploads\/2024\/12\/4D41740-scaled-e1732873827684-2048x1348-1-768x506.jpg 768w, https:\/\/www.nanohealthcare.eu\/wp-content\/uploads\/2024\/12\/4D41740-scaled-e1732873827684-2048x1348-1-1536x1011.jpg 1536w, https:\/\/www.nanohealthcare.eu\/wp-content\/uploads\/2024\/12\/4D41740-scaled-e1732873827684-2048x1348-1-18x12.jpg 18w\" sizes=\"(max-width: 2048px) 100vw, 2048px\" \/><\/div>\n\t\t<\/a>\n\t\t\t\t<div class=\"elementor-post__text\">\n\t\t\t\t<h3 class=\"elementor-post__title\">\n\t\t\t<a href=\"https:\/\/www.nanohealthcare.eu\/it\/partnerss\/hayo-bol-practice\/\">\n\t\t\t\tEquilibrio e alimentazione\t\t\t<\/a>\n\t\t<\/h3>\n\t\t\t\t<div class=\"elementor-post__excerpt\">\n\t\t\t<p>La pratica<br \/> Balans &amp; Voeding \u00e8 una pratica di Rob Visscher. Hij is de praktijk gestart in 2013 en is momenteel gevestigd aan de Witherenstraat a Venlo. In pratica, \u00e8 possibile che tu abbia problemi con l&#039;emicrania e l&#039;emicrania e con il mal di testa a un sistema immunitario estensivo. Rob ha avuto un trattamento per Nano CellCare e oggi lo troverai qui\t\t<\/div>\n\t\t\t\t\t<div class=\"elementor-post__read-more-wrapper\">\n\t\t\n\t\t<a class=\"elementor-post__read-more\" href=\"https:\/\/www.nanohealthcare.eu\/it\/partnerss\/hayo-bol-practice\/\" aria-label=\"Leggi tutto Balans en Voeding\" tabindex=\"-1\">\n\t\t\tLeggi di pi\u00f9 \u27f6\t\t<\/a>\n\n\t\t\t\t\t<\/div>\n\t\t\t\t<\/div>\n\t\t\t\t<\/article>\n\t\t\t\t<\/div>\n\t\t\n\t\t\t\t\t\t<\/div>\n\t\t\t\t<\/div>\n\t\t\t\t\t<\/div>\n\t\t\t\t<\/div>\n\t\t\t\t<\/div>","protected":false},"excerpt":{"rendered":"<p>Partner Puoi trovare il tuo terapista Nano CellCare tramite il localizzatore di trattamenti. Sei interessato a diventare un partner? Compila il modulo [\u2026]<\/p>","protected":false},"author":1,"featured_media":0,"parent":0,"menu_order":0,"comment_status":"closed","ping_status":"closed","template":"","meta":{"_acf_changed":false,"site-sidebar-layout":"no-sidebar","site-content-layout":"","ast-site-content-layout":"full-width-container","site-content-style":"default","site-sidebar-style":"default","ast-global-header-display":"","ast-banner-title-visibility":"","ast-main-header-display":"","ast-hfb-above-header-display":"","ast-hfb-below-header-display":"","ast-hfb-mobile-header-display":"","site-post-title":"disabled","ast-breadcrumbs-content":"","ast-featured-img":"disabled","footer-sml-layout":"","theme-transparent-header-meta":"","adv-header-id-meta":"","stick-header-meta":"","header-above-stick-meta":"","header-main-stick-meta":"","header-below-stick-meta":"","astra-migrate-meta-layouts":"default","ast-page-background-enabled":"default","ast-page-background-meta":{"desktop":{"background-color":"var(--ast-global-color-5)","background-image":"","background-repeat":"repeat","background-position":"center center","background-size":"auto","background-attachment":"scroll","background-type":"","background-media":"","overlay-type":"","overlay-color":"","overlay-opacity":"","overlay-gradient":""},"tablet":{"background-color":"","background-image":"","background-repeat":"repeat","background-position":"center center","background-size":"auto","background-attachment":"scroll","background-type":"","background-media":"","overlay-type":"","overlay-color":"","overlay-opacity":"","overlay-gradient":""},"mobile":{"background-color":"","background-image":"","background-repeat":"repeat","background-position":"center center","background-size":"auto","background-attachment":"scroll","background-type":"","background-media":"","overlay-type":"","overlay-color":"","overlay-opacity":"","overlay-gradient":""}},"ast-content-background-meta":{"desktop":{"background-color":"var(--ast-global-color-4)","background-image":"","background-repeat":"repeat","background-position":"center center","background-size":"auto","background-attachment":"scroll","background-type":"","background-media":"","overlay-type":"","overlay-color":"","overlay-opacity":"","overlay-gradient":""},"tablet":{"background-color":"var(--ast-global-color-4)","background-image":"","background-repeat":"repeat","background-position":"center center","background-size":"auto","background-attachment":"scroll","background-type":"","background-media":"","overlay-type":"","overlay-color":"","overlay-opacity":"","overlay-gradient":""},"mobile":{"background-color":"var(--ast-global-color-4)","background-image":"","background-repeat":"repeat","background-position":"center center","background-size":"auto","background-attachment":"scroll","background-type":"","background-media":"","overlay-type":"","overlay-color":"","overlay-opacity":"","overlay-gradient":""}},"footnotes":""},"class_list":["post-2217","page","type-page","status-publish","hentry"],"acf":[],"_links":{"self":[{"href":"https:\/\/www.nanohealthcare.eu\/it\/wp-json\/wp\/v2\/pages\/2217","targetHints":{"allow":["GET"]}}],"collection":[{"href":"https:\/\/www.nanohealthcare.eu\/it\/wp-json\/wp\/v2\/pages"}],"about":[{"href":"https:\/\/www.nanohealthcare.eu\/it\/wp-json\/wp\/v2\/types\/page"}],"author":[{"embeddable":true,"href":"https:\/\/www.nanohealthcare.eu\/it\/wp-json\/wp\/v2\/users\/1"}],"replies":[{"embeddable":true,"href":"https:\/\/www.nanohealthcare.eu\/it\/wp-json\/wp\/v2\/comments?post=2217"}],"version-history":[{"count":64,"href":"https:\/\/www.nanohealthcare.eu\/it\/wp-json\/wp\/v2\/pages\/2217\/revisions"}],"predecessor-version":[{"id":3729,"href":"https:\/\/www.nanohealthcare.eu\/it\/wp-json\/wp\/v2\/pages\/2217\/revisions\/3729"}],"wp:attachment":[{"href":"https:\/\/www.nanohealthcare.eu\/it\/wp-json\/wp\/v2\/media?parent=2217"}],"curies":[{"name":"parola chiave","href":"https:\/\/api.w.org\/{rel}","templated":true}]}}