{"id":634,"date":"2024-07-02T20:11:30","date_gmt":"2024-07-02T20:11:30","guid":{"rendered":"https:\/\/healthcare-plaza.eu\/?page_id=634"},"modified":"2025-09-23T06:27:10","modified_gmt":"2025-09-23T06:27:10","slug":"nano-cellcare","status":"publish","type":"page","link":"https:\/\/www.nanohealthcare.eu\/fr\/nano-cellcare\/","title":{"rendered":"Nano Cellcare"},"content":{"rendered":"<div data-elementor-type=\"wp-page\" data-elementor-id=\"634\" class=\"elementor elementor-634\" data-elementor-post-type=\"page\">\n\t\t\t\t<div class=\"elementor-element elementor-element-9927488 e-flex e-con-boxed e-con e-parent\" data-id=\"9927488\" data-element_type=\"container\" data-settings=\"{&quot;background_background&quot;:&quot;classic&quot;}\">\n\t\t\t\t\t<div class=\"e-con-inner\">\n\t\t\t\t<div class=\"elementor-element elementor-element-a51d079 elementor-widget-mobile__width-initial elementor-widget elementor-widget-heading\" data-id=\"a51d079\" data-element_type=\"widget\" data-widget_type=\"heading.default\">\n\t\t\t\t<div class=\"elementor-widget-container\">\n\t\t\t\t\t<h1 class=\"elementor-heading-title elementor-size-default\">Nano Cellcare\n<\/h1>\t\t\t\t<\/div>\n\t\t\t\t<\/div>\n\t\t\t\t<div class=\"elementor-element elementor-element-6816cca elementor-widget__width-initial elementor-widget elementor-widget-text-editor\" data-id=\"6816cca\" data-element_type=\"widget\" data-widget_type=\"text-editor.default\">\n\t\t\t\t<div class=\"elementor-widget-container\">\n\t\t\t\t\t\t\t\t\t<p>Avec Nano Healthcare, rester en meilleure sant\u00e9 et retrouver toute sa vitalit\u00e9 est d\u00e9sormais une r\u00e9alit\u00e9. D\u00e9fiez le temps, sentez-vous en meilleure forme et rayonnez de jeunesse.<\/p>\t\t\t\t\t\t\t\t<\/div>\n\t\t\t\t<\/div>\n\t\t\t\t\t<\/div>\n\t\t\t\t<\/div>\n\t\t<div class=\"elementor-element elementor-element-05b6c0c e-flex e-con-boxed e-con e-child\" data-id=\"05b6c0c\" data-element_type=\"container\">\n\t\t\t\t\t<div class=\"e-con-inner\">\n\t\t\t\t<div class=\"elementor-element elementor-element-8dd812f elementor-widget__width-auto elementor-widget elementor-widget-text-editor\" data-id=\"8dd812f\" data-element_type=\"widget\" data-widget_type=\"text-editor.default\">\n\t\t\t\t<div class=\"elementor-widget-container\">\n\t\t\t\t\t\t\t\t\t<p>NANO CELL CARE<\/p>\t\t\t\t\t\t\t\t<\/div>\n\t\t\t\t<\/div>\n\t\t\t\t<div class=\"elementor-element elementor-element-84ac021 elementor-widget elementor-widget-text-editor\" data-id=\"84ac021\" data-element_type=\"widget\" data-widget_type=\"text-editor.default\">\n\t\t\t\t<div class=\"elementor-widget-container\">\n\t\t\t\t\t\t\t\t\t<p><strong>Combinaison d&#039;ingr\u00e9dients naturels et de nanotechnologie<\/strong><\/p>\t\t\t\t\t\t\t\t<\/div>\n\t\t\t\t<\/div>\n\t\t\t\t<div class=\"elementor-element elementor-element-5ee503f elementor-widget__width-initial elementor-widget elementor-widget-text-editor\" data-id=\"5ee503f\" data-element_type=\"widget\" data-widget_type=\"text-editor.default\">\n\t\t\t\t<div class=\"elementor-widget-container\">\n\t\t\t\t\t\t\t\t\t<p>L&#039;une des caract\u00e9ristiques cl\u00e9s de la th\u00e9rapie Nano CellCare r\u00e9side dans l&#039;association intelligente d&#039;acide hyaluronique et de nanoparticules sp\u00e9cialement con\u00e7ues. Substance naturelle aux propri\u00e9t\u00e9s r\u00e9g\u00e9n\u00e9ratrices prouv\u00e9es, l&#039;acide hyaluronique joue un r\u00f4le crucial dans la r\u00e9paration cellulaire. Cet effet synergique am\u00e9liore non seulement la texture de la peau, mais b\u00e9n\u00e9ficie \u00e9galement aux tissus profonds et aux articulations, ce qui en fait un traitement particuli\u00e8rement adapt\u00e9 aux personnes souffrant de probl\u00e8mes articulaires et de maladies inflammatoires.<\/p>\t\t\t\t\t\t\t\t<\/div>\n\t\t\t\t<\/div>\n\t\t\t\t<div class=\"elementor-element elementor-element-ec1a64c elementor-widget__width-initial elementor-widget elementor-widget-text-editor\" data-id=\"ec1a64c\" data-element_type=\"widget\" data-widget_type=\"text-editor.default\">\n\t\t\t\t<div class=\"elementor-widget-container\">\n\t\t\t\t\t\t\t\t\t<p>La fusion des sels min\u00e9raux de la Mer Morte et de la nanotechnologie avanc\u00e9e lib\u00e8re le potentiel de r\u00e9g\u00e9n\u00e9ration cellulaire, contribuant ainsi \u00e0 restaurer les processus cellulaires et \u00e0 leur donner un aspect plus jeune. Il est essentiel pour les th\u00e9rapeutes et les professionnels de sant\u00e9 d&#039;adopter des approches innovantes comme Nano CellCare, fond\u00e9es sur des principes naturels et appuy\u00e9es par la recherche scientifique, offrant une approche holistique de la sant\u00e9 et du bien-\u00eatre.<\/p>\t\t\t\t\t\t\t\t<\/div>\n\t\t\t\t<\/div>\n\t\t\t\t<div class=\"elementor-element elementor-element-5dcdcb1 elementor-widget__width-initial elementor-widget elementor-widget-text-editor\" data-id=\"5dcdcb1\" data-element_type=\"widget\" data-widget_type=\"text-editor.default\">\n\t\t\t\t<div class=\"elementor-widget-container\">\n\t\t\t\t\t\t\t\t\t<p>La th\u00e9rapie Nano CellCare est un traitement compl\u00e9mentaire non m\u00e9dical qui peut \u00eatre appliqu\u00e9 ind\u00e9pendamment ou en compl\u00e9ment de th\u00e9rapies m\u00e9dicales, param\u00e9dicales et alternatives.<\/p>\t\t\t\t\t\t\t\t<\/div>\n\t\t\t\t<\/div>\n\t\t\t\t\t<\/div>\n\t\t\t\t<\/div>\n\t\t<div class=\"elementor-element elementor-element-af244f8 e-flex e-con-boxed e-con e-parent\" data-id=\"af244f8\" data-element_type=\"container\">\n\t\t\t\t\t<div class=\"e-con-inner\">\n\t\t\t\t<div class=\"elementor-element elementor-element-f423c85 elementor-widget elementor-widget-video\" data-id=\"f423c85\" data-element_type=\"widget\" data-settings=\"{&quot;youtube_url&quot;:&quot;https:\\\/\\\/www.youtube.com\\\/watch?v=i9_K52A3YLU&quot;,&quot;show_image_overlay&quot;:&quot;yes&quot;,&quot;image_overlay&quot;:{&quot;url&quot;:&quot;https:\\\/\\\/www.nanohealthcare.eu\\\/wp-content\\\/uploads\\\/2024\\\/11\\\/cellcare-video-afbeelding.png&quot;,&quot;id&quot;:1929,&quot;size&quot;:&quot;&quot;,&quot;alt&quot;:&quot;&quot;,&quot;source&quot;:&quot;library&quot;},&quot;video_type&quot;:&quot;youtube&quot;,&quot;controls&quot;:&quot;yes&quot;}\" data-widget_type=\"video.default\">\n\t\t\t\t<div class=\"elementor-widget-container\">\n\t\t\t\t\t\t\t<div class=\"elementor-wrapper elementor-open-inline\">\n\t\t\t<div class=\"elementor-video\"><\/div>\t\t\t\t<div class=\"elementor-custom-embed-image-overlay\" style=\"background-image: url(https:\/\/www.nanohealthcare.eu\/wp-content\/uploads\/2024\/11\/cellcare-video-afbeelding.png);\">\n\t\t\t\t\t\t\t\t\t\t\t\t\t\t\t\t<div class=\"elementor-custom-embed-play\" role=\"button\" aria-label=\"Video abspielen\" tabindex=\"0\" data-no-translation-aria-label=\"\">\n\t\t\t\t\t\t\t<svg aria-hidden=\"true\" class=\"e-font-icon-svg e-eicon-play\" viewbox=\"0 0 1000 1000\" xmlns=\"http:\/\/www.w3.org\/2000\/svg\"><path d=\"M838 162C746 71 633 25 500 25 371 25 258 71 163 162 71 254 25 367 25 500 25 633 71 746 163 837 254 929 367 979 500 979 633 979 746 933 838 837 929 746 975 633 975 500 975 367 929 254 838 162M808 192C892 279 933 379 933 500 933 621 892 725 808 808 725 892 621 938 500 938 379 938 279 896 196 808 113 725 67 621 67 500 67 379 108 279 196 192 279 108 383 62 500 62 621 62 721 108 808 192M438 392V642L642 517 438 392Z\"><\/path><\/svg>\t\t\t\t\t\t<\/div>\n\t\t\t\t\t\t\t\t\t<\/div>\n\t\t\t\t\t<\/div>\n\t\t\t\t\t\t<\/div>\n\t\t\t\t<\/div>\n\t\t\t\t\t<\/div>\n\t\t\t\t<\/div>\n\t\t<div class=\"elementor-element elementor-element-4db0f72 e-flex e-con-boxed e-con e-parent\" data-id=\"4db0f72\" data-element_type=\"container\" id=\"salt\">\n\t\t\t\t\t<div class=\"e-con-inner\">\n\t\t<div class=\"elementor-element elementor-element-77bf7b0 e-con-full e-flex e-con e-child\" data-id=\"77bf7b0\" data-element_type=\"container\">\n\t\t\t\t<div class=\"elementor-element elementor-element-f877758 elementor-widget__width-auto elementor-widget elementor-widget-text-editor\" data-id=\"f877758\" data-element_type=\"widget\" data-widget_type=\"text-editor.default\">\n\t\t\t\t<div class=\"elementor-widget-container\">\n\t\t\t\t\t\t\t\t\tNano-cartouches\t\t\t\t\t\t\t\t<\/div>\n\t\t\t\t<\/div>\n\t\t\t\t<div class=\"elementor-element elementor-element-4217c39 elementor-widget elementor-widget-text-editor\" data-id=\"4217c39\" data-element_type=\"widget\" data-widget_type=\"text-editor.default\">\n\t\t\t\t<div class=\"elementor-widget-container\">\n\t\t\t\t\t\t\t\t\tAcide hyaluronique (HYA) :\n\t\t\t\t\t\t\t\t<\/div>\n\t\t\t\t<\/div>\n\t\t\t\t<div class=\"elementor-element elementor-element-d395f2d elementor-widget__width-initial elementor-widget elementor-widget-text-editor\" data-id=\"d395f2d\" data-element_type=\"widget\" data-widget_type=\"text-editor.default\">\n\t\t\t\t<div class=\"elementor-widget-container\">\n\t\t\t\t\t\t\t\t\t<p>Avec une connaissance croissante du r\u00f4le de l&#039;acide hyaluronique dans le corps et de son application dans la th\u00e9rapie Nano CellCare, les th\u00e9rapeutes compl\u00e9mentaires et alternatifs, les physioth\u00e9rapeutes et les m\u00e9decins ont d\u00e9sormais acc\u00e8s \u00e0 une base scientifique solide.<\/p><p>\u00a0<\/p><p>L&#039;association d&#039;ingr\u00e9dients naturels et de notre nanotechnologie, comme le d\u00e9montre le syst\u00e8me Nano CellCare, offre des perspectives prometteuses pour le traitement de diverses pathologies. S&#039;appuyant sur des ann\u00e9es d&#039;exp\u00e9rience pratique et de recherche scientifique, cette th\u00e9rapie repr\u00e9sente une avanc\u00e9e significative vers une approche holistique de la sant\u00e9 et du bien-\u00eatre.<\/p>\t\t\t\t\t\t\t\t<\/div>\n\t\t\t\t<\/div>\n\t\t\t\t<\/div>\n\t\t<div class=\"elementor-element elementor-element-44ca3ba e-con-full e-flex e-con e-child\" data-id=\"44ca3ba\" data-element_type=\"container\">\n\t\t\t\t<div class=\"elementor-element elementor-element-42bd2fa elementor-widget__width-auto elementor-widget elementor-widget-text-editor\" data-id=\"42bd2fa\" data-element_type=\"widget\" data-widget_type=\"text-editor.default\">\n\t\t\t\t<div class=\"elementor-widget-container\">\n\t\t\t\t\t\t\t\t\tNano-cartouches\t\t\t\t\t\t\t\t<\/div>\n\t\t\t\t<\/div>\n\t\t\t\t<div class=\"elementor-element elementor-element-9a7bd73 elementor-widget elementor-widget-text-editor\" data-id=\"9a7bd73\" data-element_type=\"widget\" data-widget_type=\"text-editor.default\">\n\t\t\t\t<div class=\"elementor-widget-container\">\n\t\t\t\t\t\t\t\t\t<p>Sels min\u00e9raux de la mer Morte :<\/p>\t\t\t\t\t\t\t\t<\/div>\n\t\t\t\t<\/div>\n\t\t\t\t<div class=\"elementor-element elementor-element-be59f6c elementor-widget__width-initial elementor-widget elementor-widget-text-editor\" data-id=\"be59f6c\" data-element_type=\"widget\" data-widget_type=\"text-editor.default\">\n\t\t\t\t<div class=\"elementor-widget-container\">\n\t\t\t\t\t\t\t\t\t<p>L&#039;utilisation de sels min\u00e9raux de la mer Morte est un \u00e9l\u00e9ment cl\u00e9 de la th\u00e9rapie Nano CellCare. Ces sels sont riches en min\u00e9raux essentiels tels que le magn\u00e9sium, le calcium, le potassium et le bromure. Des \u00e9tudes scientifiques d\u00e9montrent que ces min\u00e9raux jouent un r\u00f4le essentiel dans de nombreux processus biologiques, notamment la respiration, la fonction musculaire, la conduction nerveuse et la r\u00e9g\u00e9n\u00e9ration cellulaire.<\/p><p>\u00a0<\/p><p>La th\u00e9rapie Nano CellCare allie intelligemment min\u00e9raux naturels de la Mer Morte et nanotechnologie avanc\u00e9e. Elle garantit une absorption efficace et efficiente de ces min\u00e9raux essentiels au niveau cellulaire, un atout crucial car la capacit\u00e9 de l&#039;organisme \u00e0 absorber les min\u00e9raux alimentaires diminue avec l&#039;\u00e2ge.<\/p>\t\t\t\t\t\t\t\t<\/div>\n\t\t\t\t<\/div>\n\t\t\t\t<\/div>\n\t\t\t\t\t<\/div>\n\t\t\t\t<\/div>\n\t\t<div class=\"elementor-element elementor-element-96d5724 elementor-hidden-mobile e-flex e-con-boxed e-con e-parent\" data-id=\"96d5724\" data-element_type=\"container\" data-settings=\"{&quot;background_background&quot;:&quot;classic&quot;}\">\n\t\t\t\t\t<div class=\"e-con-inner\">\n\t\t<div class=\"elementor-element elementor-element-3e5de07 e-con-full e-flex e-con e-child\" data-id=\"3e5de07\" data-element_type=\"container\">\n\t\t\t\t<\/div>\n\t\t<div class=\"elementor-element elementor-element-354d633 e-con-full e-flex e-con e-child\" data-id=\"354d633\" data-element_type=\"container\" data-settings=\"{&quot;background_background&quot;:&quot;classic&quot;}\">\n\t\t\t\t<div class=\"elementor-element elementor-element-9547207 elementor-widget__width-initial elementor-widget elementor-widget-text-editor\" data-id=\"9547207\" data-element_type=\"widget\" data-widget_type=\"text-editor.default\">\n\t\t\t\t<div class=\"elementor-widget-container\">\n\t\t\t\t\t\t\t\t\tBody Plaza Europe\t\t\t\t\t\t\t\t<\/div>\n\t\t\t\t<\/div>\n\t\t\t\t<div class=\"elementor-element elementor-element-7b38cae elementor-widget__width-initial elementor-widget elementor-widget-text-editor\" data-id=\"7b38cae\" data-element_type=\"widget\" data-widget_type=\"text-editor.default\">\n\t\t\t\t<div class=\"elementor-widget-container\">\n\t\t\t\t\t\t\t\t\t<p>Body Plaza Europe est un conglom\u00e9rat dynamique et innovant du secteur de la beaut\u00e9 et de la sant\u00e9. Il propose la gamme de produits r\u00e9volutionnaire et brevet\u00e9e Nano CellCare.<\/p>\t\t\t\t\t\t\t\t<\/div>\n\t\t\t\t<\/div>\n\t\t<div class=\"elementor-element elementor-element-c900524 e-con-full e-flex e-con e-child\" data-id=\"c900524\" data-element_type=\"container\">\n\t\t\t\t<div class=\"elementor-element elementor-element-b35bf20 elementor-icon-list--layout-inline elementor-list-item-link-inline elementor-align-left elementor-widget__width-initial Zicon elementor-widget elementor-widget-icon-list\" data-id=\"b35bf20\" data-element_type=\"widget\" data-widget_type=\"icon-list.default\">\n\t\t\t\t<div class=\"elementor-widget-container\">\n\t\t\t\t\t\t\t<ul class=\"elementor-icon-list-items elementor-inline-items\">\n\t\t\t\t\t\t\t<li class=\"elementor-icon-list-item elementor-inline-item\">\n\t\t\t\t\t\t\t\t\t\t\t<a href=\"https:\/\/www.nanohealthcare.eu\/fr\/contact\/\">\n\n\t\t\t\t\t\t\t\t\t\t\t<span class=\"elementor-icon-list-text\">Trouver un th\u00e9rapeute<\/span>\n\t\t\t\t\t\t\t\t\t\t\t<\/a>\n\t\t\t\t\t\t\t\t\t<\/li>\n\t\t\t\t\t\t<\/ul>\n\t\t\t\t\t\t<\/div>\n\t\t\t\t<\/div>\n\t\t\t\t<div class=\"elementor-element elementor-element-649a4c3 elementor-icon-list--layout-inline elementor-list-item-link-inline elementor-align-left elementor-widget__width-initial Zicon elementor-widget elementor-widget-icon-list\" data-id=\"649a4c3\" data-element_type=\"widget\" data-widget_type=\"icon-list.default\">\n\t\t\t\t<div class=\"elementor-widget-container\">\n\t\t\t\t\t\t\t<ul class=\"elementor-icon-list-items elementor-inline-items\">\n\t\t\t\t\t\t\t<li class=\"elementor-icon-list-item elementor-inline-item\">\n\t\t\t\t\t\t\t\t\t\t\t<a href=\"https:\/\/www.nanohealthcare.eu\/fr\/contact\/\">\n\n\t\t\t\t\t\t\t\t\t\t\t<span class=\"elementor-icon-list-text\">Devenir partenaire<\/span>\n\t\t\t\t\t\t\t\t\t\t\t<\/a>\n\t\t\t\t\t\t\t\t\t<\/li>\n\t\t\t\t\t\t<\/ul>\n\t\t\t\t\t\t<\/div>\n\t\t\t\t<\/div>\n\t\t\t\t<\/div>\n\t\t\t\t<div class=\"elementor-element elementor-element-5bf9cf1 elementor-align-left elementor-widget elementor-widget-button\" data-id=\"5bf9cf1\" data-element_type=\"widget\" data-widget_type=\"button.default\">\n\t\t\t\t<div class=\"elementor-widget-container\">\n\t\t\t\t\t\t\t\t\t<div class=\"elementor-button-wrapper\">\n\t\t\t\t\t<a class=\"elementor-button elementor-button-link elementor-size-sm\" href=\"https:\/\/www.nanohealthcare.eu\/fr\/\">\n\t\t\t\t\t\t<span class=\"elementor-button-content-wrapper\">\n\t\t\t\t\t\t\t\t\t<span class=\"elementor-button-text\">En savoir plus sur nous<\/span>\n\t\t\t\t\t<\/span>\n\t\t\t\t\t<\/a>\n\t\t\t\t<\/div>\n\t\t\t\t\t\t\t\t<\/div>\n\t\t\t\t<\/div>\n\t\t\t\t<\/div>\n\t\t\t\t\t<\/div>\n\t\t\t\t<\/div>\n\t\t\t\t<\/div>","protected":false},"excerpt":{"rendered":"<p>Nano Cellcare. Gr\u00e2ce \u00e0 Nano Healthcare, rester en meilleure sant\u00e9 et plus dynamique est d\u00e9sormais une r\u00e9alit\u00e9. D\u00e9fiez le temps, sentez-vous plus en forme et rayonnez\u00a0!<\/p>","protected":false},"author":1,"featured_media":0,"parent":0,"menu_order":0,"comment_status":"closed","ping_status":"closed","template":"","meta":{"_acf_changed":false,"site-sidebar-layout":"no-sidebar","site-content-layout":"","ast-site-content-layout":"full-width-container","site-content-style":"default","site-sidebar-style":"default","ast-global-header-display":"","ast-banner-title-visibility":"","ast-main-header-display":"","ast-hfb-above-header-display":"","ast-hfb-below-header-display":"","ast-hfb-mobile-header-display":"","site-post-title":"disabled","ast-breadcrumbs-content":"","ast-featured-img":"disabled","footer-sml-layout":"","theme-transparent-header-meta":"","adv-header-id-meta":"","stick-header-meta":"","header-above-stick-meta":"","header-main-stick-meta":"","header-below-stick-meta":"","astra-migrate-meta-layouts":"default","ast-page-background-enabled":"default","ast-page-background-meta":{"desktop":{"background-color":"var(--ast-global-color-5)","background-image":"","background-repeat":"repeat","background-position":"center center","background-size":"auto","background-attachment":"scroll","background-type":"","background-media":"","overlay-type":"","overlay-color":"","overlay-opacity":"","overlay-gradient":""},"tablet":{"background-color":"","background-image":"","background-repeat":"repeat","background-position":"center center","background-size":"auto","background-attachment":"scroll","background-type":"","background-media":"","overlay-type":"","overlay-color":"","overlay-opacity":"","overlay-gradient":""},"mobile":{"background-color":"","background-image":"","background-repeat":"repeat","background-position":"center center","background-size":"auto","background-attachment":"scroll","background-type":"","background-media":"","overlay-type":"","overlay-color":"","overlay-opacity":"","overlay-gradient":""}},"ast-content-background-meta":{"desktop":{"background-color":"var(--ast-global-color-4)","background-image":"","background-repeat":"repeat","background-position":"center center","background-size":"auto","background-attachment":"scroll","background-type":"","background-media":"","overlay-type":"","overlay-color":"","overlay-opacity":"","overlay-gradient":""},"tablet":{"background-color":"var(--ast-global-color-4)","background-image":"","background-repeat":"repeat","background-position":"center center","background-size":"auto","background-attachment":"scroll","background-type":"","background-media":"","overlay-type":"","overlay-color":"","overlay-opacity":"","overlay-gradient":""},"mobile":{"background-color":"var(--ast-global-color-4)","background-image":"","background-repeat":"repeat","background-position":"center center","background-size":"auto","background-attachment":"scroll","background-type":"","background-media":"","overlay-type":"","overlay-color":"","overlay-opacity":"","overlay-gradient":""}},"footnotes":""},"class_list":["post-634","page","type-page","status-publish","hentry"],"acf":[],"_links":{"self":[{"href":"https:\/\/www.nanohealthcare.eu\/fr\/wp-json\/wp\/v2\/pages\/634","targetHints":{"allow":["GET"]}}],"collection":[{"href":"https:\/\/www.nanohealthcare.eu\/fr\/wp-json\/wp\/v2\/pages"}],"about":[{"href":"https:\/\/www.nanohealthcare.eu\/fr\/wp-json\/wp\/v2\/types\/page"}],"author":[{"embeddable":true,"href":"https:\/\/www.nanohealthcare.eu\/fr\/wp-json\/wp\/v2\/users\/1"}],"replies":[{"embeddable":true,"href":"https:\/\/www.nanohealthcare.eu\/fr\/wp-json\/wp\/v2\/comments?post=634"}],"version-history":[{"count":30,"href":"https:\/\/www.nanohealthcare.eu\/fr\/wp-json\/wp\/v2\/pages\/634\/revisions"}],"predecessor-version":[{"id":3714,"href":"https:\/\/www.nanohealthcare.eu\/fr\/wp-json\/wp\/v2\/pages\/634\/revisions\/3714"}],"wp:attachment":[{"href":"https:\/\/www.nanohealthcare.eu\/fr\/wp-json\/wp\/v2\/media?parent=634"}],"curies":[{"name":"wp","href":"https:\/\/api.w.org\/{rel}","templated":true}]}}