{"id":242,"date":"2024-06-28T18:01:44","date_gmt":"2024-06-28T18:01:44","guid":{"rendered":"https:\/\/healthcare-plaza.eu\/?page_id=242"},"modified":"2025-09-23T06:29:22","modified_gmt":"2025-09-23T06:29:22","slug":"about","status":"publish","type":"page","link":"https:\/\/www.nanohealthcare.eu\/fr\/about\/","title":{"rendered":"\u00c0 propos"},"content":{"rendered":"<div data-elementor-type=\"wp-page\" data-elementor-id=\"242\" class=\"elementor elementor-242\" data-elementor-post-type=\"page\">\n\t\t\t\t<div class=\"elementor-element elementor-element-9e56554 e-flex e-con-boxed e-con e-parent\" data-id=\"9e56554\" data-element_type=\"container\" data-settings=\"{&quot;background_background&quot;:&quot;classic&quot;}\">\n\t\t\t\t\t<div class=\"e-con-inner\">\n\t\t\t\t<div class=\"elementor-element elementor-element-a2892d8 elementor-widget elementor-widget-heading\" data-id=\"a2892d8\" data-element_type=\"widget\" data-widget_type=\"heading.default\">\n\t\t\t\t<div class=\"elementor-widget-container\">\n\t\t\t\t\t<h1 class=\"elementor-heading-title elementor-size-default\">\u00c0 PROPOS DE NANO HEALTHCARE\n<\/h1>\t\t\t\t<\/div>\n\t\t\t\t<\/div>\n\t\t\t\t<div class=\"elementor-element elementor-element-8ff2b16 elementor-widget__width-initial elementor-widget elementor-widget-text-editor\" data-id=\"8ff2b16\" data-element_type=\"widget\" data-widget_type=\"text-editor.default\">\n\t\t\t\t<div class=\"elementor-widget-container\">\n\t\t\t\t\t\t\t\t\tAvec Nano Healthcare, rester en meilleure sant\u00e9 et revitaliser sa jeunesse est d\u00e9sormais une r\u00e9alit\u00e9. Gagnez du temps, sentez-vous en meilleure forme et rayonnez \u00e0 nouveau comme avant.\n\t\t\t\t\t\t\t\t<\/div>\n\t\t\t\t<\/div>\n\t\t\t\t\t<\/div>\n\t\t\t\t<\/div>\n\t\t<div class=\"elementor-element elementor-element-855a61c e-flex e-con-boxed e-con e-parent\" data-id=\"855a61c\" data-element_type=\"container\">\n\t\t\t\t\t<div class=\"e-con-inner\">\n\t\t<div class=\"elementor-element elementor-element-25c55f7 e-con-full e-flex e-con e-child\" data-id=\"25c55f7\" data-element_type=\"container\">\n\t\t\t\t<div class=\"elementor-element elementor-element-8698f98 elementor-widget__width-auto elementor-widget elementor-widget-text-editor\" data-id=\"8698f98\" data-element_type=\"widget\" data-widget_type=\"text-editor.default\">\n\t\t\t\t<div class=\"elementor-widget-container\">\n\t\t\t\t\t\t\t\t\tsoins cellulaires nano\t\t\t\t\t\t\t\t<\/div>\n\t\t\t\t<\/div>\n\t\t\t\t<div class=\"elementor-element elementor-element-da021b8 elementor-widget elementor-widget-text-editor\" data-id=\"da021b8\" data-element_type=\"widget\" data-widget_type=\"text-editor.default\">\n\t\t\t\t<div class=\"elementor-widget-container\">\n\t\t\t\t\t\t\t\t\t<p>O\u00f9 peux-tu aller ?<\/p>\t\t\t\t\t\t\t\t<\/div>\n\t\t\t\t<\/div>\n\t\t\t\t<div class=\"elementor-element elementor-element-72f746b elementor-widget__width-initial elementor-widget elementor-widget-text-editor\" data-id=\"72f746b\" data-element_type=\"widget\" data-widget_type=\"text-editor.default\">\n\t\t\t\t<div class=\"elementor-widget-container\">\n\t\t\t\t\t\t\t\t\t<p>La th\u00e9rapie Nano CellCare est disponible dans les secteurs Sant\u00e9 et Sport et Beaut\u00e9 et Bien-\u00eatre. Vous pouvez consulter diff\u00e9rents th\u00e9rapeutes certifi\u00e9s Nano CellCare, allant des dermatologues aux kin\u00e9sith\u00e9rapeutes (du sport), en passant par les cliniques esth\u00e9tiques, les naturopathes et les th\u00e9rapeutes orthomol\u00e9culaires, r\u00e9partis dans toute l&#039;Europe.<\/p>\t\t\t\t\t\t\t\t<\/div>\n\t\t\t\t<\/div>\n\t\t\t\t<\/div>\n\t\t<div class=\"elementor-element elementor-element-906cd0c e-con-full e-flex e-con e-child\" data-id=\"906cd0c\" data-element_type=\"container\">\n\t\t\t\t<div class=\"elementor-element elementor-element-a611ac6 elementor-widget__width-auto elementor-widget elementor-widget-text-editor\" data-id=\"a611ac6\" data-element_type=\"widget\" data-widget_type=\"text-editor.default\">\n\t\t\t\t<div class=\"elementor-widget-container\">\n\t\t\t\t\t\t\t\t\tsoins cellulaires nano\t\t\t\t\t\t\t\t<\/div>\n\t\t\t\t<\/div>\n\t\t\t\t<div class=\"elementor-element elementor-element-33f1e60 elementor-widget elementor-widget-text-editor\" data-id=\"33f1e60\" data-element_type=\"widget\" data-widget_type=\"text-editor.default\">\n\t\t\t\t<div class=\"elementor-widget-container\">\n\t\t\t\t\t\t\t\t\t<h3>Comment fonctionne la th\u00e9rapie Nano CellCare ?<\/h3>\t\t\t\t\t\t\t\t<\/div>\n\t\t\t\t<\/div>\n\t\t\t\t<div class=\"elementor-element elementor-element-0d0e7d3 elementor-widget__width-initial elementor-widget elementor-widget-text-editor\" data-id=\"0d0e7d3\" data-element_type=\"widget\" data-widget_type=\"text-editor.default\">\n\t\t\t\t<div class=\"elementor-widget-container\">\n\t\t\t\t\t\t\t\t\t<p>Dans le domaine des th\u00e9rapies compl\u00e9mentaires et alternatives, Nano CellCare se distingue comme une innovation remarquable, soutenue par des recherches r\u00e9volutionnaires men\u00e9es par le docteur professeur Andreas Zimmer et son \u00e9quipe \u00e0 l&#039;Universit\u00e9 de Graz en Autriche.<\/p><p>Cette th\u00e9rapie utilise des nanoparticules liquides, d&#039;une taille moyenne comprise entre 100 et 800 nm, qui peuvent \u00eatre absorb\u00e9es par l&#039;organisme par voie cutan\u00e9e et par inhalation. Ceci est rendu possible gr\u00e2ce au syst\u00e8me Nano CellCare, qui utilise une nanotechnologie allemande brevet\u00e9e unique.<\/p><p>Le syst\u00e8me produit non seulement un liquide charg\u00e9 n\u00e9gativement, contrairement \u00e0 notre corps charg\u00e9 positivement, mais n\u00e9bulise \u00e9galement les nanoparticules \u00e0 grande vitesse, am\u00e9liorant consid\u00e9rablement leur absorption \u00e0 travers la peau.<\/p>\t\t\t\t\t\t\t\t<\/div>\n\t\t\t\t<\/div>\n\t\t\t\t<\/div>\n\t\t\t\t\t<\/div>\n\t\t\t\t<\/div>\n\t\t<div class=\"elementor-element elementor-element-a1cf940 e-flex e-con-boxed e-con e-parent\" data-id=\"a1cf940\" data-element_type=\"container\">\n\t\t\t\t\t<div class=\"e-con-inner\">\n\t\t\t\t<div class=\"elementor-element elementor-element-85e0441 elementor-widget elementor-widget-video\" data-id=\"85e0441\" data-element_type=\"widget\" data-settings=\"{&quot;youtube_url&quot;:&quot;https:\\\/\\\/www.youtube.com\\\/watch?v=XHOmBV4js_E&quot;,&quot;show_image_overlay&quot;:&quot;yes&quot;,&quot;image_overlay&quot;:{&quot;url&quot;:&quot;https:\\\/\\\/www.nanohealthcare.eu\\\/wp-content\\\/uploads\\\/2024\\\/06\\\/Image.jpg&quot;,&quot;id&quot;:313,&quot;size&quot;:&quot;&quot;,&quot;alt&quot;:&quot;&quot;,&quot;source&quot;:&quot;library&quot;},&quot;lazy_load&quot;:&quot;yes&quot;,&quot;video_type&quot;:&quot;youtube&quot;,&quot;controls&quot;:&quot;yes&quot;}\" data-widget_type=\"video.default\">\n\t\t\t\t<div class=\"elementor-widget-container\">\n\t\t\t\t\t\t\t<div class=\"elementor-wrapper elementor-open-inline\">\n\t\t\t<div class=\"elementor-video\"><\/div>\t\t\t\t<div class=\"elementor-custom-embed-image-overlay\" style=\"background-image: url(https:\/\/www.nanohealthcare.eu\/wp-content\/uploads\/2024\/06\/Image.jpg);\">\n\t\t\t\t\t\t\t\t\t\t\t\t\t\t\t\t<div class=\"elementor-custom-embed-play\" role=\"button\" aria-label=\"Lire la vid\u00e9o\" tabindex=\"0\">\n\t\t\t\t\t\t\t<svg aria-hidden=\"true\" class=\"e-font-icon-svg e-fas-play-circle\" viewbox=\"0 0 512 512\" xmlns=\"http:\/\/www.w3.org\/2000\/svg\"><path d=\"M256 8C119 8 8 119 8 256s111 248 248 248 248-111 248-248S393 8 256 8zm115.7 272l-176 101c-15.8 8.8-35.7-2.5-35.7-21V152c0-18.4 19.8-29.8 35.7-21l176 107c16.4 9.2 16.4 32.9 0 42z\"><\/path><\/svg>\t\t\t\t\t\t<\/div>\n\t\t\t\t\t\t\t\t\t<\/div>\n\t\t\t\t\t<\/div>\n\t\t\t\t\t\t<\/div>\n\t\t\t\t<\/div>\n\t\t\t\t\t<\/div>\n\t\t\t\t<\/div>\n\t\t<div class=\"elementor-element elementor-element-ed423cc e-flex e-con-boxed e-con e-parent\" data-id=\"ed423cc\" data-element_type=\"container\">\n\t\t\t\t\t<div class=\"e-con-inner\">\n\t\t\t\t<div class=\"elementor-element elementor-element-b693f86 elementor-widget__width-auto elementor-widget elementor-widget-text-editor\" data-id=\"b693f86\" data-element_type=\"widget\" data-widget_type=\"text-editor.default\">\n\t\t\t\t<div class=\"elementor-widget-container\">\n\t\t\t\t\t\t\t\t\tsoins cellulaires nano\t\t\t\t\t\t\t\t<\/div>\n\t\t\t\t<\/div>\n\t\t\t\t<div class=\"elementor-element elementor-element-2f2344d elementor-widget elementor-widget-text-editor\" data-id=\"2f2344d\" data-element_type=\"widget\" data-widget_type=\"text-editor.default\">\n\t\t\t\t<div class=\"elementor-widget-container\">\n\t\t\t\t\t\t\t\t\t<h3>Combinaison d&#039;ingr\u00e9dients naturels et de nanotechnologie<\/h3>\t\t\t\t\t\t\t\t<\/div>\n\t\t\t\t<\/div>\n\t\t\t\t<div class=\"elementor-element elementor-element-c1c31ad elementor-widget__width-initial elementor-widget elementor-widget-text-editor\" data-id=\"c1c31ad\" data-element_type=\"widget\" data-widget_type=\"text-editor.default\">\n\t\t\t\t<div class=\"elementor-widget-container\">\n\t\t\t\t\t\t\t\t\t<p>L&#039;une des caract\u00e9ristiques remarquables de la th\u00e9rapie Nano CellCare est l&#039;association intelligente de l&#039;acide hyaluronique et des nanoparticules produites. L&#039;acide hyaluronique, une substance naturellement pr\u00e9sente dans l&#039;organisme aux propri\u00e9t\u00e9s r\u00e9g\u00e9n\u00e9ratrices prouv\u00e9es, agit comme un puissant alli\u00e9 pour la r\u00e9cup\u00e9ration cellulaire.<\/p><p>L&#039;action compl\u00e9mentaire de l&#039;acide hyaluronique dans les nanoparticules liquides favorise non seulement l&#039;am\u00e9lioration de la texture de la peau, mais peut \u00e9galement affecter les tissus plus profonds et les articulations, ce qui la rend particuli\u00e8rement pr\u00e9cieuse pour les patients souffrant de probl\u00e8mes articulaires et de maladies inflammatoires.<\/p>\t\t\t\t\t\t\t\t<\/div>\n\t\t\t\t<\/div>\n\t\t\t\t<div class=\"elementor-element elementor-element-cb2501e elementor-widget__width-initial elementor-widget elementor-widget-text-editor\" data-id=\"cb2501e\" data-element_type=\"widget\" data-widget_type=\"text-editor.default\">\n\t\t\t\t<div class=\"elementor-widget-container\">\n\t\t\t\t\t\t\t\t\t<p>Le m\u00e9lange de min\u00e9raux provenant du sel de la mer Morte et de nanotechnologie avanc\u00e9e ouvre la voie \u00e0 la r\u00e9g\u00e9n\u00e9ration cellulaire et peut aider \u00e0 restaurer les processus cellulaires \u00e0 leur \u00e9tat pendant une phase plus jeune de la vie.<\/p><p>Il est essentiel pour les th\u00e9rapeutes et les m\u00e9decins d\u2019adopter des approches innovantes comme Nano CellCare, qui sont non seulement fond\u00e9es sur des principes naturels mais sont \u00e9galement largement soutenues par la recherche scientifique, offrant une approche holistique de la sant\u00e9 et du bien-\u00eatre de leurs clients.<\/p>\t\t\t\t\t\t\t\t<\/div>\n\t\t\t\t<\/div>\n\t\t\t\t\t<\/div>\n\t\t\t\t<\/div>\n\t\t<div class=\"elementor-element elementor-element-2b60e247 elementor-hidden-mobile e-flex e-con-boxed e-con e-parent\" data-id=\"2b60e247\" data-element_type=\"container\" data-settings=\"{&quot;background_background&quot;:&quot;classic&quot;}\">\n\t\t\t\t\t<div class=\"e-con-inner\">\n\t\t<div class=\"elementor-element elementor-element-631232ad e-con-full e-flex e-con e-child\" data-id=\"631232ad\" data-element_type=\"container\">\n\t\t\t\t<\/div>\n\t\t<div class=\"elementor-element elementor-element-b5f786c e-con-full e-flex e-con e-child\" data-id=\"b5f786c\" data-element_type=\"container\" data-settings=\"{&quot;background_background&quot;:&quot;classic&quot;}\">\n\t\t\t\t<div class=\"elementor-element elementor-element-2b578015 elementor-widget__width-initial elementor-widget elementor-widget-text-editor\" data-id=\"2b578015\" data-element_type=\"widget\" data-widget_type=\"text-editor.default\">\n\t\t\t\t<div class=\"elementor-widget-container\">\n\t\t\t\t\t\t\t\t\tBody Plaza Europe\t\t\t\t\t\t\t\t<\/div>\n\t\t\t\t<\/div>\n\t\t\t\t<div class=\"elementor-element elementor-element-422c3ead elementor-widget__width-initial elementor-widget elementor-widget-text-editor\" data-id=\"422c3ead\" data-element_type=\"widget\" data-widget_type=\"text-editor.default\">\n\t\t\t\t<div class=\"elementor-widget-container\">\n\t\t\t\t\t\t\t\t\t<p>Body Plaza Europe est un conglom\u00e9rat dynamique et innovant du secteur de la beaut\u00e9 et de la sant\u00e9. Il propose la gamme de produits r\u00e9volutionnaire et brevet\u00e9e Nano CellCare.<\/p>\t\t\t\t\t\t\t\t<\/div>\n\t\t\t\t<\/div>\n\t\t<div class=\"elementor-element elementor-element-3a37a6ca e-con-full e-flex e-con e-child\" data-id=\"3a37a6ca\" data-element_type=\"container\">\n\t\t\t\t<div class=\"elementor-element elementor-element-340eb01d elementor-icon-list--layout-inline elementor-list-item-link-inline elementor-align-left elementor-widget__width-initial Zicon elementor-widget elementor-widget-icon-list\" data-id=\"340eb01d\" data-element_type=\"widget\" data-widget_type=\"icon-list.default\">\n\t\t\t\t<div class=\"elementor-widget-container\">\n\t\t\t\t\t\t\t<ul class=\"elementor-icon-list-items elementor-inline-items\">\n\t\t\t\t\t\t\t<li class=\"elementor-icon-list-item elementor-inline-item\">\n\t\t\t\t\t\t\t\t\t\t\t<a href=\"https:\/\/www.nanohealthcare.eu\/fr\/locator\/\">\n\n\t\t\t\t\t\t\t\t\t\t\t<span class=\"elementor-icon-list-text\">Trouver un th\u00e9rapeute<\/span>\n\t\t\t\t\t\t\t\t\t\t\t<\/a>\n\t\t\t\t\t\t\t\t\t<\/li>\n\t\t\t\t\t\t<\/ul>\n\t\t\t\t\t\t<\/div>\n\t\t\t\t<\/div>\n\t\t\t\t<div class=\"elementor-element elementor-element-61e8d2bf elementor-icon-list--layout-inline elementor-list-item-link-inline elementor-align-left elementor-widget__width-initial Zicon elementor-widget elementor-widget-icon-list\" data-id=\"61e8d2bf\" data-element_type=\"widget\" data-widget_type=\"icon-list.default\">\n\t\t\t\t<div class=\"elementor-widget-container\">\n\t\t\t\t\t\t\t<ul class=\"elementor-icon-list-items elementor-inline-items\">\n\t\t\t\t\t\t\t<li class=\"elementor-icon-list-item elementor-inline-item\">\n\t\t\t\t\t\t\t\t\t\t\t<a href=\"https:\/\/www.nanocellcaretherapy.com\/\" target=\"_blank\" rel=\"noopener\">\n\n\t\t\t\t\t\t\t\t\t\t\t<span class=\"elementor-icon-list-text\">Devenir partenaire<\/span>\n\t\t\t\t\t\t\t\t\t\t\t<\/a>\n\t\t\t\t\t\t\t\t\t<\/li>\n\t\t\t\t\t\t<\/ul>\n\t\t\t\t\t\t<\/div>\n\t\t\t\t<\/div>\n\t\t\t\t<\/div>\n\t\t\t\t<div class=\"elementor-element elementor-element-7cb0dfd8 elementor-align-left elementor-widget elementor-widget-button\" data-id=\"7cb0dfd8\" data-element_type=\"widget\" data-widget_type=\"button.default\">\n\t\t\t\t<div class=\"elementor-widget-container\">\n\t\t\t\t\t\t\t\t\t<div class=\"elementor-button-wrapper\">\n\t\t\t\t\t<a class=\"elementor-button elementor-button-link elementor-size-sm\" href=\"https:\/\/www.nanohealthcare.eu\/fr\/\">\n\t\t\t\t\t\t<span class=\"elementor-button-content-wrapper\">\n\t\t\t\t\t\t\t\t\t<span class=\"elementor-button-text\">En savoir plus sur nous<\/span>\n\t\t\t\t\t<\/span>\n\t\t\t\t\t<\/a>\n\t\t\t\t<\/div>\n\t\t\t\t\t\t\t\t<\/div>\n\t\t\t\t<\/div>\n\t\t\t\t<\/div>\n\t\t\t\t\t<\/div>\n\t\t\t\t<\/div>\n\t\t\t\t<\/div>","protected":false},"excerpt":{"rendered":"<p>\u00c0 PROPOS DE NANO HEALTHCARE Avec Nano Healthcare, rester en meilleure sant\u00e9 et para\u00eetre plus jeune est d\u00e9sormais une r\u00e9alit\u00e9. Il suffit de rivaliser avec [\u2026]<\/p>","protected":false},"author":1,"featured_media":0,"parent":0,"menu_order":0,"comment_status":"closed","ping_status":"closed","template":"","meta":{"_acf_changed":false,"site-sidebar-layout":"no-sidebar","site-content-layout":"","ast-site-content-layout":"full-width-container","site-content-style":"default","site-sidebar-style":"default","ast-global-header-display":"","ast-banner-title-visibility":"","ast-main-header-display":"","ast-hfb-above-header-display":"","ast-hfb-below-header-display":"","ast-hfb-mobile-header-display":"","site-post-title":"disabled","ast-breadcrumbs-content":"","ast-featured-img":"disabled","footer-sml-layout":"","theme-transparent-header-meta":"","adv-header-id-meta":"","stick-header-meta":"","header-above-stick-meta":"","header-main-stick-meta":"","header-below-stick-meta":"","astra-migrate-meta-layouts":"default","ast-page-background-enabled":"default","ast-page-background-meta":{"desktop":{"background-color":"var(--ast-global-color-5)","background-image":"","background-repeat":"repeat","background-position":"center center","background-size":"auto","background-attachment":"scroll","background-type":"","background-media":"","overlay-type":"","overlay-color":"","overlay-opacity":"","overlay-gradient":""},"tablet":{"background-color":"","background-image":"","background-repeat":"repeat","background-position":"center center","background-size":"auto","background-attachment":"scroll","background-type":"","background-media":"","overlay-type":"","overlay-color":"","overlay-opacity":"","overlay-gradient":""},"mobile":{"background-color":"","background-image":"","background-repeat":"repeat","background-position":"center center","background-size":"auto","background-attachment":"scroll","background-type":"","background-media":"","overlay-type":"","overlay-color":"","overlay-opacity":"","overlay-gradient":""}},"ast-content-background-meta":{"desktop":{"background-color":"var(--ast-global-color-4)","background-image":"","background-repeat":"repeat","background-position":"center center","background-size":"auto","background-attachment":"scroll","background-type":"","background-media":"","overlay-type":"","overlay-color":"","overlay-opacity":"","overlay-gradient":""},"tablet":{"background-color":"var(--ast-global-color-4)","background-image":"","background-repeat":"repeat","background-position":"center center","background-size":"auto","background-attachment":"scroll","background-type":"","background-media":"","overlay-type":"","overlay-color":"","overlay-opacity":"","overlay-gradient":""},"mobile":{"background-color":"var(--ast-global-color-4)","background-image":"","background-repeat":"repeat","background-position":"center center","background-size":"auto","background-attachment":"scroll","background-type":"","background-media":"","overlay-type":"","overlay-color":"","overlay-opacity":"","overlay-gradient":""}},"footnotes":""},"class_list":["post-242","page","type-page","status-publish","hentry"],"acf":[],"_links":{"self":[{"href":"https:\/\/www.nanohealthcare.eu\/fr\/wp-json\/wp\/v2\/pages\/242","targetHints":{"allow":["GET"]}}],"collection":[{"href":"https:\/\/www.nanohealthcare.eu\/fr\/wp-json\/wp\/v2\/pages"}],"about":[{"href":"https:\/\/www.nanohealthcare.eu\/fr\/wp-json\/wp\/v2\/types\/page"}],"author":[{"embeddable":true,"href":"https:\/\/www.nanohealthcare.eu\/fr\/wp-json\/wp\/v2\/users\/1"}],"replies":[{"embeddable":true,"href":"https:\/\/www.nanohealthcare.eu\/fr\/wp-json\/wp\/v2\/comments?post=242"}],"version-history":[{"count":15,"href":"https:\/\/www.nanohealthcare.eu\/fr\/wp-json\/wp\/v2\/pages\/242\/revisions"}],"predecessor-version":[{"id":3726,"href":"https:\/\/www.nanohealthcare.eu\/fr\/wp-json\/wp\/v2\/pages\/242\/revisions\/3726"}],"wp:attachment":[{"href":"https:\/\/www.nanohealthcare.eu\/fr\/wp-json\/wp\/v2\/media?parent=242"}],"curies":[{"name":"wp","href":"https:\/\/api.w.org\/{rel}","templated":true}]}}