{"id":2217,"date":"2024-12-03T11:53:16","date_gmt":"2024-12-03T11:53:16","guid":{"rendered":"https:\/\/healthcare-plaza.eu\/?page_id=2217"},"modified":"2025-09-23T06:29:48","modified_gmt":"2025-09-23T06:29:48","slug":"partners","status":"publish","type":"page","link":"https:\/\/www.nanohealthcare.eu\/fr\/partners\/","title":{"rendered":"Partenaires"},"content":{"rendered":"<div data-elementor-type=\"wp-page\" data-elementor-id=\"2217\" class=\"elementor elementor-2217\" data-elementor-post-type=\"page\">\n\t\t\t\t<div class=\"elementor-element elementor-element-0ddbb3e e-flex e-con-boxed e-con e-parent\" data-id=\"0ddbb3e\" data-element_type=\"container\" data-settings=\"{&quot;background_background&quot;:&quot;classic&quot;}\">\n\t\t\t\t\t<div class=\"e-con-inner\">\n\t\t\t\t<div class=\"elementor-element elementor-element-620e468 elementor-widget-mobile__width-initial elementor-widget elementor-widget-heading\" data-id=\"620e468\" data-element_type=\"widget\" data-widget_type=\"heading.default\">\n\t\t\t\t<div class=\"elementor-widget-container\">\n\t\t\t\t\t<h1 class=\"elementor-heading-title elementor-size-default\">Partenaires<\/h1>\t\t\t\t<\/div>\n\t\t\t\t<\/div>\n\t\t\t\t<div class=\"elementor-element elementor-element-7764923 elementor-widget__width-initial elementor-widget elementor-widget-text-editor\" data-id=\"7764923\" data-element_type=\"widget\" data-widget_type=\"text-editor.default\">\n\t\t\t\t<div class=\"elementor-widget-container\">\n\t\t\t\t\t\t\t\t\t<p>Vous pouvez trouver votre th\u00e9rapeute Nano CellCare respectif via le\u00a0<strong><a href=\"https:\/\/www.nanohealthcare.eu\/fr\/locator\/\">localisateur de traitement<\/a>. <\/strong>Vous souhaitez devenir partenaire\u00a0? Remplissez le formulaire sur notre page de contact ou appelez-nous. <strong>+31 297 74 35 72<\/strong> pour plus d&#039;informations.<\/p>\t\t\t\t\t\t\t\t<\/div>\n\t\t\t\t<\/div>\n\t\t\t\t\t<\/div>\n\t\t\t\t<\/div>\n\t\t<div class=\"elementor-element elementor-element-9d2c889 e-flex e-con-boxed e-con e-parent\" data-id=\"9d2c889\" data-element_type=\"container\">\n\t\t\t\t\t<div class=\"e-con-inner\">\n\t\t\t\t<div class=\"elementor-element elementor-element-4dafff0 elementor-posts--align-left elementor-grid-3 elementor-grid-tablet-2 elementor-grid-mobile-1 elementor-posts--thumbnail-top elementor-widget elementor-widget-posts\" data-id=\"4dafff0\" data-element_type=\"widget\" data-settings=\"{&quot;pagination_type&quot;:&quot;numbers&quot;,&quot;classic_columns&quot;:&quot;3&quot;,&quot;classic_columns_tablet&quot;:&quot;2&quot;,&quot;classic_columns_mobile&quot;:&quot;1&quot;,&quot;classic_row_gap&quot;:{&quot;unit&quot;:&quot;px&quot;,&quot;size&quot;:35,&quot;sizes&quot;:[]},&quot;classic_row_gap_tablet&quot;:{&quot;unit&quot;:&quot;px&quot;,&quot;size&quot;:&quot;&quot;,&quot;sizes&quot;:[]},&quot;classic_row_gap_mobile&quot;:{&quot;unit&quot;:&quot;px&quot;,&quot;size&quot;:&quot;&quot;,&quot;sizes&quot;:[]}}\" data-widget_type=\"posts.classic\">\n\t\t\t\t<div class=\"elementor-widget-container\">\n\t\t\t\t\t\t\t<div class=\"elementor-posts-container elementor-posts elementor-posts--skin-classic elementor-grid\">\n\t\t\t\t<article class=\"elementor-post elementor-grid-item post-2377 partnerss type-partnerss status-publish format-standard has-post-thumbnail hentry\">\n\t\t\t\t<a class=\"elementor-post__thumbnail__link\" href=\"https:\/\/www.nanohealthcare.eu\/fr\/partnerss\/praktijk-hayo-bol\/\" tabindex=\"-1\">\n\t\t\t<div class=\"elementor-post__thumbnail\"><img fetchpriority=\"high\" decoding=\"async\" width=\"915\" height=\"610\" src=\"https:\/\/www.nanohealthcare.eu\/wp-content\/uploads\/2024\/12\/over-IMC-pic2.jpg\" class=\"attachment-full size-full wp-image-2379\" alt=\"\" srcset=\"https:\/\/www.nanohealthcare.eu\/wp-content\/uploads\/2024\/12\/over-IMC-pic2.jpg 915w, https:\/\/www.nanohealthcare.eu\/wp-content\/uploads\/2024\/12\/over-IMC-pic2-300x200.jpg 300w, https:\/\/www.nanohealthcare.eu\/wp-content\/uploads\/2024\/12\/over-IMC-pic2-768x512.jpg 768w, https:\/\/www.nanohealthcare.eu\/wp-content\/uploads\/2024\/12\/over-IMC-pic2-18x12.jpg 18w\" sizes=\"(max-width: 915px) 100vw, 915px\" \/><\/div>\n\t\t<\/a>\n\t\t\t\t<div class=\"elementor-post__text\">\n\t\t\t\t<h3 class=\"elementor-post__title\">\n\t\t\t<a href=\"https:\/\/www.nanohealthcare.eu\/fr\/partnerss\/praktijk-hayo-bol\/\">\n\t\t\t\tPratique Hayo Bol\t\t\t<\/a>\n\t\t<\/h3>\n\t\t\t\t<div class=\"elementor-post__excerpt\">\n\t\t\t<p>Praktijk Hayo Bol Praktijk Hayo Bol De praktijkDe praktijk van Hayo Bol est te vinden in het Friese Joure. Tweewekelijks est pr\u00e9sent dans le Integraal Medisch Centrum d&#039;Amsterdam pour vous conseiller. Depuis 1995, Hayo est un th\u00e9rapeute sp\u00e9cialis\u00e9 en m\u00e9decine naturelle. Notre travail repose sur une perspective holistique fond\u00e9e sur des principes concrets\u00a0: l&#039;\u00e9nergie, le drainage, le drainage, l&#039;alimentation et le monde occidental. De behandelingenHet<\/p>\n\t\t<\/div>\n\t\t\t\t\t<div class=\"elementor-post__read-more-wrapper\">\n\t\t\n\t\t<a class=\"elementor-post__read-more\" href=\"https:\/\/www.nanohealthcare.eu\/fr\/partnerss\/praktijk-hayo-bol\/\" aria-label=\"En savoir plus sur Praktijk Hayo Bol\" tabindex=\"-1\">\n\t\t\tLire la suite \u27f6\t\t<\/a>\n\n\t\t\t\t\t<\/div>\n\t\t\t\t<\/div>\n\t\t\t\t<\/article>\n\t\t\t\t<article class=\"elementor-post elementor-grid-item post-2369 partnerss type-partnerss status-publish format-standard has-post-thumbnail hentry\">\n\t\t\t\t<a class=\"elementor-post__thumbnail__link\" href=\"https:\/\/www.nanohealthcare.eu\/fr\/partnerss\/instituut-zeewind\/\" tabindex=\"-1\">\n\t\t\t<div class=\"elementor-post__thumbnail\"><img decoding=\"async\" width=\"2560\" height=\"1704\" src=\"https:\/\/www.nanohealthcare.eu\/wp-content\/uploads\/2024\/12\/Zeewind-foto-1-scaled.jpg\" class=\"attachment-full size-full wp-image-2594\" alt=\"\" srcset=\"https:\/\/www.nanohealthcare.eu\/wp-content\/uploads\/2024\/12\/Zeewind-foto-1-scaled.jpg 2560w, https:\/\/www.nanohealthcare.eu\/wp-content\/uploads\/2024\/12\/Zeewind-foto-1-300x200.jpg 300w, https:\/\/www.nanohealthcare.eu\/wp-content\/uploads\/2024\/12\/Zeewind-foto-1-1024x682.jpg 1024w, https:\/\/www.nanohealthcare.eu\/wp-content\/uploads\/2024\/12\/Zeewind-foto-1-768x511.jpg 768w, https:\/\/www.nanohealthcare.eu\/wp-content\/uploads\/2024\/12\/Zeewind-foto-1-1536x1022.jpg 1536w, https:\/\/www.nanohealthcare.eu\/wp-content\/uploads\/2024\/12\/Zeewind-foto-1-2048x1363.jpg 2048w, https:\/\/www.nanohealthcare.eu\/wp-content\/uploads\/2024\/12\/Zeewind-foto-1-18x12.jpg 18w\" sizes=\"(max-width: 2560px) 100vw, 2560px\" \/><\/div>\n\t\t<\/a>\n\t\t\t\t<div class=\"elementor-post__text\">\n\t\t\t\t<h3 class=\"elementor-post__title\">\n\t\t\t<a href=\"https:\/\/www.nanohealthcare.eu\/fr\/partnerss\/instituut-zeewind\/\">\n\t\t\t\tInstitut Zeewind\t\t\t<\/a>\n\t\t<\/h3>\n\t\t\t\t<div class=\"elementor-post__excerpt\">\n\t\t\t<p>Instituut Zeewind Instituut Zeewind L&#039;institutInstituut Zeewind a ouvert ses portes en 1995 \u00e0 proximit\u00e9. Le terrain de jeu est situ\u00e9 dans le &quot;Oude Dorp&quot; d&#039;Amstelveen. Depuis 2005, le mot Zeewind est un g\u00e9rondif pour Hanna Hasnaoui. Nous avons travaill\u00e9 de la m\u00eame mani\u00e8re avec une \u00e9quipe de sp\u00e9cialistes des \u00e9coles. L&#039;Institut Zeewind peut vous aider \u00e0 faire en sorte que la beaut\u00e9 soit efficace. Zodra je de salon binnenstapt, kun je er zeker van zijn<\/p>\n\t\t<\/div>\n\t\t\t\t\t<div class=\"elementor-post__read-more-wrapper\">\n\t\t\n\t\t<a class=\"elementor-post__read-more\" href=\"https:\/\/www.nanohealthcare.eu\/fr\/partnerss\/instituut-zeewind\/\" aria-label=\"En savoir plus sur Instituut Zeewind\" tabindex=\"-1\">\n\t\t\tLire la suite \u27f6\t\t<\/a>\n\n\t\t\t\t\t<\/div>\n\t\t\t\t<\/div>\n\t\t\t\t<\/article>\n\t\t\t\t<article class=\"elementor-post elementor-grid-item post-2355 partnerss type-partnerss status-publish format-standard has-post-thumbnail hentry\">\n\t\t\t\t<a class=\"elementor-post__thumbnail__link\" href=\"https:\/\/www.nanohealthcare.eu\/fr\/partnerss\/herrots-health-energy\/\" tabindex=\"-1\">\n\t\t\t<div class=\"elementor-post__thumbnail\"><img decoding=\"async\" width=\"2560\" height=\"1704\" src=\"https:\/\/www.nanohealthcare.eu\/wp-content\/uploads\/2024\/12\/4D44666-scaled.jpg\" class=\"attachment-full size-full wp-image-2360\" alt=\"\" srcset=\"https:\/\/www.nanohealthcare.eu\/wp-content\/uploads\/2024\/12\/4D44666-scaled.jpg 2560w, https:\/\/www.nanohealthcare.eu\/wp-content\/uploads\/2024\/12\/4D44666-300x200.jpg 300w, https:\/\/www.nanohealthcare.eu\/wp-content\/uploads\/2024\/12\/4D44666-1024x682.jpg 1024w, https:\/\/www.nanohealthcare.eu\/wp-content\/uploads\/2024\/12\/4D44666-768x511.jpg 768w, https:\/\/www.nanohealthcare.eu\/wp-content\/uploads\/2024\/12\/4D44666-1536x1022.jpg 1536w, https:\/\/www.nanohealthcare.eu\/wp-content\/uploads\/2024\/12\/4D44666-2048x1363.jpg 2048w, https:\/\/www.nanohealthcare.eu\/wp-content\/uploads\/2024\/12\/4D44666-18x12.jpg 18w\" sizes=\"(max-width: 2560px) 100vw, 2560px\" \/><\/div>\n\t\t<\/a>\n\t\t\t\t<div class=\"elementor-post__text\">\n\t\t\t\t<h3 class=\"elementor-post__title\">\n\t\t\t<a href=\"https:\/\/www.nanohealthcare.eu\/fr\/partnerss\/herrots-health-energy\/\">\n\t\t\t\tHERROT&#039;S Sant\u00e9 et \u00c9nergie\t\t\t<\/a>\n\t\t<\/h3>\n\t\t\t\t<div class=\"elementor-post__excerpt\">\n\t\t\t<p>HERROT&#039;S Health &amp; Energy HERROT&#039;S Health &amp; Energy HERROT&#039;S Health &amp; EnergyVeronike est une th\u00e9rapeute certifi\u00e9e Nano CellCare. Il existe d\u00e9j\u00e0 un sp\u00e9cialiste en la mati\u00e8re, un sp\u00e9cialiste en m\u00e9decine orthomol\u00e9culaire et un conseiller juridique orthomol\u00e9culaire. Vous pouvez trouver des clients avec les services d&#039;HERROT avec diverses pratiques, notamment la th\u00e9rapie Nano CellCare, la th\u00e9rapie orthomol\u00e9culaire, la th\u00e9rapie Total Reset et les projets de coaching. \u00ab Je travaille vanuit de voir que le Lichaam lui-m\u00eame peut dire<\/p>\n\t\t<\/div>\n\t\t\t\t\t<div class=\"elementor-post__read-more-wrapper\">\n\t\t\n\t\t<a class=\"elementor-post__read-more\" href=\"https:\/\/www.nanohealthcare.eu\/fr\/partnerss\/herrots-health-energy\/\" aria-label=\"En savoir plus sur HERROT&#039;S Sant\u00e9 &amp; \u00c9nergie\" tabindex=\"-1\">\n\t\t\tLire la suite \u27f6\t\t<\/a>\n\n\t\t\t\t\t<\/div>\n\t\t\t\t<\/div>\n\t\t\t\t<\/article>\n\t\t\t\t<article class=\"elementor-post elementor-grid-item post-2333 partnerss type-partnerss status-publish format-standard has-post-thumbnail hentry\">\n\t\t\t\t<a class=\"elementor-post__thumbnail__link\" href=\"https:\/\/www.nanohealthcare.eu\/fr\/partnerss\/vitality-management\/\" tabindex=\"-1\">\n\t\t\t<div class=\"elementor-post__thumbnail\"><img loading=\"lazy\" decoding=\"async\" width=\"2560\" height=\"2048\" src=\"https:\/\/www.nanohealthcare.eu\/wp-content\/uploads\/2024\/12\/4D43802-scaled.jpg\" class=\"attachment-full size-full wp-image-2337\" alt=\"\" srcset=\"https:\/\/www.nanohealthcare.eu\/wp-content\/uploads\/2024\/12\/4D43802-scaled.jpg 2560w, https:\/\/www.nanohealthcare.eu\/wp-content\/uploads\/2024\/12\/4D43802-300x240.jpg 300w, https:\/\/www.nanohealthcare.eu\/wp-content\/uploads\/2024\/12\/4D43802-1024x819.jpg 1024w, https:\/\/www.nanohealthcare.eu\/wp-content\/uploads\/2024\/12\/4D43802-768x614.jpg 768w, https:\/\/www.nanohealthcare.eu\/wp-content\/uploads\/2024\/12\/4D43802-1536x1229.jpg 1536w, https:\/\/www.nanohealthcare.eu\/wp-content\/uploads\/2024\/12\/4D43802-2048x1638.jpg 2048w, https:\/\/www.nanohealthcare.eu\/wp-content\/uploads\/2024\/12\/4D43802-15x12.jpg 15w\" sizes=\"(max-width: 2560px) 100vw, 2560px\" \/><\/div>\n\t\t<\/a>\n\t\t\t\t<div class=\"elementor-post__text\">\n\t\t\t\t<h3 class=\"elementor-post__title\">\n\t\t\t<a href=\"https:\/\/www.nanohealthcare.eu\/fr\/partnerss\/vitality-management\/\">\n\t\t\t\tGestion de la vitalit\u00e9\t\t\t<\/a>\n\t\t<\/h3>\n\t\t\t\t<div class=\"elementor-post__excerpt\">\n\t\t\t<p>Vitality Management Vitality Management L&#039;entreprise Vitality Management a \u00e9t\u00e9 fond\u00e9e en 1996 par Derk de Kloet qui s&#039;occupe de votre entreprise Vitality Management. Avec votre pratique de coaching, vous aidez vos individus et vos \u00e9quipes \u00e0 mettre en \u0153uvre votre vitalit\u00e9. Il s&#039;agit ici de donner aux clients les moyens de prendre sous haute pression. Derk s&#039;occupe personnellement du soutien mental et de l&#039;exercice physique. Vitality Managementest d\u00e9velopp\u00e9 \u00e0 Kortenhoef. Entra\u00eenement<\/p>\n\t\t<\/div>\n\t\t\t\t\t<div class=\"elementor-post__read-more-wrapper\">\n\t\t\n\t\t<a class=\"elementor-post__read-more\" href=\"https:\/\/www.nanohealthcare.eu\/fr\/partnerss\/vitality-management\/\" aria-label=\"En savoir plus sur Vitality Management\" tabindex=\"-1\">\n\t\t\tLire la suite \u27f6\t\t<\/a>\n\n\t\t\t\t\t<\/div>\n\t\t\t\t<\/div>\n\t\t\t\t<\/article>\n\t\t\t\t<article class=\"elementor-post elementor-grid-item post-2325 partnerss type-partnerss status-publish format-standard has-post-thumbnail hentry\">\n\t\t\t\t<a class=\"elementor-post__thumbnail__link\" href=\"https:\/\/www.nanohealthcare.eu\/fr\/partnerss\/natural-health-checck\/\" tabindex=\"-1\">\n\t\t\t<div class=\"elementor-post__thumbnail\"><img loading=\"lazy\" decoding=\"async\" width=\"1500\" height=\"1000\" src=\"https:\/\/www.nanohealthcare.eu\/wp-content\/uploads\/2024\/12\/Foto-2-Natural-Nano-Therapy-.jpeg\" class=\"attachment-full size-full wp-image-2511\" alt=\"\" srcset=\"https:\/\/www.nanohealthcare.eu\/wp-content\/uploads\/2024\/12\/Foto-2-Natural-Nano-Therapy-.jpeg 1500w, https:\/\/www.nanohealthcare.eu\/wp-content\/uploads\/2024\/12\/Foto-2-Natural-Nano-Therapy--300x200.jpeg 300w, https:\/\/www.nanohealthcare.eu\/wp-content\/uploads\/2024\/12\/Foto-2-Natural-Nano-Therapy--1024x683.jpeg 1024w, https:\/\/www.nanohealthcare.eu\/wp-content\/uploads\/2024\/12\/Foto-2-Natural-Nano-Therapy--768x512.jpeg 768w, https:\/\/www.nanohealthcare.eu\/wp-content\/uploads\/2024\/12\/Foto-2-Natural-Nano-Therapy--18x12.jpeg 18w\" sizes=\"(max-width: 1500px) 100vw, 1500px\" \/><\/div>\n\t\t<\/a>\n\t\t\t\t<div class=\"elementor-post__text\">\n\t\t\t\t<h3 class=\"elementor-post__title\">\n\t\t\t<a href=\"https:\/\/www.nanohealthcare.eu\/fr\/partnerss\/natural-health-checck\/\">\n\t\t\t\tBilan de sant\u00e9 naturel\t\t\t<\/a>\n\t\t<\/h3>\n\t\t\t\t<div class=\"elementor-post__excerpt\">\n\t\t\t<p>Bilan de sant\u00e9 naturel Bilan de sant\u00e9 naturel Van carri\u00e8re in het bedrijfsleven naar gezondheidspraktijkBilan de sant\u00e9 naturel a \u00e9t\u00e9 cr\u00e9\u00e9 en 2007 par Tanja den Dunnen. Nous avons commenc\u00e9 une carri\u00e8re dans le domaine de l&#039;\u00e9ducation et de la sant\u00e9, o\u00f9 nous avons d\u00e9j\u00e0 \u00e9tudi\u00e9 la formation d&#039;un th\u00e9rapeute orthomol\u00e9culaire KPNI et d&#039;un \u00e9lectro-acupuncteur. Naar bevallingen hadze langdurig vermoeidheidsklachten and is ze zich gaan verdiepen in the orthomoleculaire geneeskunde.<\/p>\n\t\t<\/div>\n\t\t\t\t\t<div class=\"elementor-post__read-more-wrapper\">\n\t\t\n\t\t<a class=\"elementor-post__read-more\" href=\"https:\/\/www.nanohealthcare.eu\/fr\/partnerss\/natural-health-checck\/\" aria-label=\"En savoir plus sur Bilan de sant\u00e9 naturel\" tabindex=\"-1\">\n\t\t\tLire la suite \u27f6\t\t<\/a>\n\n\t\t\t\t\t<\/div>\n\t\t\t\t<\/div>\n\t\t\t\t<\/article>\n\t\t\t\t<article class=\"elementor-post elementor-grid-item post-2277 partnerss type-partnerss status-publish format-standard has-post-thumbnail hentry\">\n\t\t\t\t<a class=\"elementor-post__thumbnail__link\" href=\"https:\/\/www.nanohealthcare.eu\/fr\/partnerss\/body-plaza-nano-center\/\" tabindex=\"-1\">\n\t\t\t<div class=\"elementor-post__thumbnail\"><img loading=\"lazy\" decoding=\"async\" width=\"2560\" height=\"1704\" src=\"https:\/\/www.nanohealthcare.eu\/wp-content\/uploads\/2024\/12\/4D46937-scaled.jpg\" class=\"attachment-full size-full wp-image-2294\" alt=\"Body Plaza Nano Center - Behandeling\" srcset=\"https:\/\/www.nanohealthcare.eu\/wp-content\/uploads\/2024\/12\/4D46937-scaled.jpg 2560w, https:\/\/www.nanohealthcare.eu\/wp-content\/uploads\/2024\/12\/4D46937-300x200.jpg 300w, https:\/\/www.nanohealthcare.eu\/wp-content\/uploads\/2024\/12\/4D46937-1024x682.jpg 1024w, https:\/\/www.nanohealthcare.eu\/wp-content\/uploads\/2024\/12\/4D46937-768x511.jpg 768w, https:\/\/www.nanohealthcare.eu\/wp-content\/uploads\/2024\/12\/4D46937-1536x1022.jpg 1536w, https:\/\/www.nanohealthcare.eu\/wp-content\/uploads\/2024\/12\/4D46937-2048x1363.jpg 2048w, https:\/\/www.nanohealthcare.eu\/wp-content\/uploads\/2024\/12\/4D46937-18x12.jpg 18w\" sizes=\"(max-width: 2560px) 100vw, 2560px\" \/><\/div>\n\t\t<\/a>\n\t\t\t\t<div class=\"elementor-post__text\">\n\t\t\t\t<h3 class=\"elementor-post__title\">\n\t\t\t<a href=\"https:\/\/www.nanohealthcare.eu\/fr\/partnerss\/body-plaza-nano-center\/\">\n\t\t\t\tCentre Body Plaza Nano\t\t\t<\/a>\n\t\t<\/h3>\n\t\t\t\t<div class=\"elementor-post__excerpt\">\n\t\t\t<p>Body Plaza Nano Center Le centre Body Plaza Nano Center r\u00e9unit diverses disciplines. Le centre Body Plaza Nano est situ\u00e9 dans un centre zorg \u00e0 Veghel. Je vous propose ici un ost\u00e9opathe, un th\u00e9rapeute voetreflex, un podologue, un entra\u00eeneur personnel et un th\u00e9rapeute Nano CellCare. Avec toutes ces disciplines, vous pouvez obtenir la meilleure gestion possible pour les clients. Le Body Plaza Nano Center se trouve sous la direction de Hans Zwart. Hij<\/p>\n\t\t<\/div>\n\t\t\t\t\t<div class=\"elementor-post__read-more-wrapper\">\n\t\t\n\t\t<a class=\"elementor-post__read-more\" href=\"https:\/\/www.nanohealthcare.eu\/fr\/partnerss\/body-plaza-nano-center\/\" aria-label=\"En savoir plus sur Body Plaza Nano Center\" tabindex=\"-1\">\n\t\t\tLire la suite \u27f6\t\t<\/a>\n\n\t\t\t\t\t<\/div>\n\t\t\t\t<\/div>\n\t\t\t\t<\/article>\n\t\t\t\t<article class=\"elementor-post elementor-grid-item post-2166 partnerss type-partnerss status-publish format-standard has-post-thumbnail hentry\">\n\t\t\t\t<a class=\"elementor-post__thumbnail__link\" href=\"https:\/\/www.nanohealthcare.eu\/fr\/partnerss\/hayo-bol-practice\/\" tabindex=\"-1\">\n\t\t\t<div class=\"elementor-post__thumbnail\"><img loading=\"lazy\" decoding=\"async\" width=\"2048\" height=\"1348\" src=\"https:\/\/www.nanohealthcare.eu\/wp-content\/uploads\/2024\/12\/4D41740-scaled-e1732873827684-2048x1348-1.jpg\" class=\"attachment-full size-full wp-image-2215\" alt=\"\" srcset=\"https:\/\/www.nanohealthcare.eu\/wp-content\/uploads\/2024\/12\/4D41740-scaled-e1732873827684-2048x1348-1.jpg 2048w, https:\/\/www.nanohealthcare.eu\/wp-content\/uploads\/2024\/12\/4D41740-scaled-e1732873827684-2048x1348-1-300x197.jpg 300w, https:\/\/www.nanohealthcare.eu\/wp-content\/uploads\/2024\/12\/4D41740-scaled-e1732873827684-2048x1348-1-1024x674.jpg 1024w, https:\/\/www.nanohealthcare.eu\/wp-content\/uploads\/2024\/12\/4D41740-scaled-e1732873827684-2048x1348-1-768x506.jpg 768w, https:\/\/www.nanohealthcare.eu\/wp-content\/uploads\/2024\/12\/4D41740-scaled-e1732873827684-2048x1348-1-1536x1011.jpg 1536w, https:\/\/www.nanohealthcare.eu\/wp-content\/uploads\/2024\/12\/4D41740-scaled-e1732873827684-2048x1348-1-18x12.jpg 18w\" sizes=\"(max-width: 2048px) 100vw, 2048px\" \/><\/div>\n\t\t<\/a>\n\t\t\t\t<div class=\"elementor-post__text\">\n\t\t\t\t<h3 class=\"elementor-post__title\">\n\t\t\t<a href=\"https:\/\/www.nanohealthcare.eu\/fr\/partnerss\/hayo-bol-practice\/\">\n\t\t\t\tBalance et alimentation\t\t\t<\/a>\n\t\t<\/h3>\n\t\t\t\t<div class=\"elementor-post__excerpt\">\n\t\t\t<p>La pratique<br \/> Balans &amp; Voeding est le cabinet de Rob Visscher. Il a commenc\u00e9 son stage en 2013 et est actuellement en cours dans la Witherenstraat \u00e0 Venlo. Dans la pratique, je peux avoir des probl\u00e8mes de crises uiteenlopende, de migraine jusqu&#039;\u00e0 de nombreuses crises et de troubles de la sant\u00e9 jusqu&#039;\u00e0 un syst\u00e8me immunitaire invers\u00e9. Rob a un service \u00e0 la client\u00e8le pour Nano CellCare et vous l&#039;a amen\u00e9 \u00e0 venir\t\t<\/div>\n\t\t\t\t\t<div class=\"elementor-post__read-more-wrapper\">\n\t\t\n\t\t<a class=\"elementor-post__read-more\" href=\"https:\/\/www.nanohealthcare.eu\/fr\/partnerss\/hayo-bol-practice\/\" aria-label=\"En savoir plus sur Balans en Voeding\" tabindex=\"-1\">\n\t\t\tLire la suite \u27f6\t\t<\/a>\n\n\t\t\t\t\t<\/div>\n\t\t\t\t<\/div>\n\t\t\t\t<\/article>\n\t\t\t\t<\/div>\n\t\t\n\t\t\t\t\t\t<\/div>\n\t\t\t\t<\/div>\n\t\t\t\t\t<\/div>\n\t\t\t\t<\/div>\n\t\t\t\t<\/div>","protected":false},"excerpt":{"rendered":"<p>Partenaires Vous pouvez trouver votre th\u00e9rapeute Nano CellCare gr\u00e2ce \u00e0 l&#039;outil de localisation des traitements. Vous souhaitez devenir partenaire\u00a0? Remplissez le formulaire [\u2026]<\/p>","protected":false},"author":1,"featured_media":0,"parent":0,"menu_order":0,"comment_status":"closed","ping_status":"closed","template":"","meta":{"_acf_changed":false,"site-sidebar-layout":"no-sidebar","site-content-layout":"","ast-site-content-layout":"full-width-container","site-content-style":"default","site-sidebar-style":"default","ast-global-header-display":"","ast-banner-title-visibility":"","ast-main-header-display":"","ast-hfb-above-header-display":"","ast-hfb-below-header-display":"","ast-hfb-mobile-header-display":"","site-post-title":"disabled","ast-breadcrumbs-content":"","ast-featured-img":"disabled","footer-sml-layout":"","theme-transparent-header-meta":"","adv-header-id-meta":"","stick-header-meta":"","header-above-stick-meta":"","header-main-stick-meta":"","header-below-stick-meta":"","astra-migrate-meta-layouts":"default","ast-page-background-enabled":"default","ast-page-background-meta":{"desktop":{"background-color":"var(--ast-global-color-5)","background-image":"","background-repeat":"repeat","background-position":"center center","background-size":"auto","background-attachment":"scroll","background-type":"","background-media":"","overlay-type":"","overlay-color":"","overlay-opacity":"","overlay-gradient":""},"tablet":{"background-color":"","background-image":"","background-repeat":"repeat","background-position":"center center","background-size":"auto","background-attachment":"scroll","background-type":"","background-media":"","overlay-type":"","overlay-color":"","overlay-opacity":"","overlay-gradient":""},"mobile":{"background-color":"","background-image":"","background-repeat":"repeat","background-position":"center center","background-size":"auto","background-attachment":"scroll","background-type":"","background-media":"","overlay-type":"","overlay-color":"","overlay-opacity":"","overlay-gradient":""}},"ast-content-background-meta":{"desktop":{"background-color":"var(--ast-global-color-4)","background-image":"","background-repeat":"repeat","background-position":"center center","background-size":"auto","background-attachment":"scroll","background-type":"","background-media":"","overlay-type":"","overlay-color":"","overlay-opacity":"","overlay-gradient":""},"tablet":{"background-color":"var(--ast-global-color-4)","background-image":"","background-repeat":"repeat","background-position":"center center","background-size":"auto","background-attachment":"scroll","background-type":"","background-media":"","overlay-type":"","overlay-color":"","overlay-opacity":"","overlay-gradient":""},"mobile":{"background-color":"var(--ast-global-color-4)","background-image":"","background-repeat":"repeat","background-position":"center center","background-size":"auto","background-attachment":"scroll","background-type":"","background-media":"","overlay-type":"","overlay-color":"","overlay-opacity":"","overlay-gradient":""}},"footnotes":""},"class_list":["post-2217","page","type-page","status-publish","hentry"],"acf":[],"_links":{"self":[{"href":"https:\/\/www.nanohealthcare.eu\/fr\/wp-json\/wp\/v2\/pages\/2217","targetHints":{"allow":["GET"]}}],"collection":[{"href":"https:\/\/www.nanohealthcare.eu\/fr\/wp-json\/wp\/v2\/pages"}],"about":[{"href":"https:\/\/www.nanohealthcare.eu\/fr\/wp-json\/wp\/v2\/types\/page"}],"author":[{"embeddable":true,"href":"https:\/\/www.nanohealthcare.eu\/fr\/wp-json\/wp\/v2\/users\/1"}],"replies":[{"embeddable":true,"href":"https:\/\/www.nanohealthcare.eu\/fr\/wp-json\/wp\/v2\/comments?post=2217"}],"version-history":[{"count":64,"href":"https:\/\/www.nanohealthcare.eu\/fr\/wp-json\/wp\/v2\/pages\/2217\/revisions"}],"predecessor-version":[{"id":3729,"href":"https:\/\/www.nanohealthcare.eu\/fr\/wp-json\/wp\/v2\/pages\/2217\/revisions\/3729"}],"wp:attachment":[{"href":"https:\/\/www.nanohealthcare.eu\/fr\/wp-json\/wp\/v2\/media?parent=2217"}],"curies":[{"name":"wp","href":"https:\/\/api.w.org\/{rel}","templated":true}]}}