{"id":242,"date":"2024-06-28T18:01:44","date_gmt":"2024-06-28T18:01:44","guid":{"rendered":"https:\/\/healthcare-plaza.eu\/?page_id=242"},"modified":"2025-09-23T06:29:22","modified_gmt":"2025-09-23T06:29:22","slug":"about","status":"publish","type":"page","link":"https:\/\/www.nanohealthcare.eu\/es\/about\/","title":{"rendered":"Acerca de"},"content":{"rendered":"<div data-elementor-type=\"wp-page\" data-elementor-id=\"242\" class=\"elementor elementor-242\" data-elementor-post-type=\"page\">\n\t\t\t\t<div class=\"elementor-element elementor-element-9e56554 e-flex e-con-boxed e-con e-parent\" data-id=\"9e56554\" data-element_type=\"container\" data-settings=\"{&quot;background_background&quot;:&quot;classic&quot;}\">\n\t\t\t\t\t<div class=\"e-con-inner\">\n\t\t\t\t<div class=\"elementor-element elementor-element-a2892d8 elementor-widget elementor-widget-heading\" data-id=\"a2892d8\" data-element_type=\"widget\" data-widget_type=\"heading.default\">\n\t\t\t\t<div class=\"elementor-widget-container\">\n\t\t\t\t\t<h1 class=\"elementor-heading-title elementor-size-default\">ACERCA DE NANO HEALTHCARE\n<\/h1>\t\t\t\t<\/div>\n\t\t\t\t<\/div>\n\t\t\t\t<div class=\"elementor-element elementor-element-8ff2b16 elementor-widget__width-initial elementor-widget elementor-widget-text-editor\" data-id=\"8ff2b16\" data-element_type=\"widget\" data-widget_type=\"text-editor.default\">\n\t\t\t\t<div class=\"elementor-widget-container\">\n\t\t\t\t\t\t\t\t\tCon Nano Healthcare, mantenerse m\u00e1s sano y vitalmente joven ya es una realidad. Simplemente compita contra el tiempo, si\u00e9ntase en mejor forma y recupere su brillo original.\n\t\t\t\t\t\t\t\t<\/div>\n\t\t\t\t<\/div>\n\t\t\t\t\t<\/div>\n\t\t\t\t<\/div>\n\t\t<div class=\"elementor-element elementor-element-855a61c e-flex e-con-boxed e-con e-parent\" data-id=\"855a61c\" data-element_type=\"container\">\n\t\t\t\t\t<div class=\"e-con-inner\">\n\t\t<div class=\"elementor-element elementor-element-25c55f7 e-con-full e-flex e-con e-child\" data-id=\"25c55f7\" data-element_type=\"container\">\n\t\t\t\t<div class=\"elementor-element elementor-element-8698f98 elementor-widget__width-auto elementor-widget elementor-widget-text-editor\" data-id=\"8698f98\" data-element_type=\"widget\" data-widget_type=\"text-editor.default\">\n\t\t\t\t<div class=\"elementor-widget-container\">\n\t\t\t\t\t\t\t\t\tnano cuidado celular\t\t\t\t\t\t\t\t<\/div>\n\t\t\t\t<\/div>\n\t\t\t\t<div class=\"elementor-element elementor-element-da021b8 elementor-widget elementor-widget-text-editor\" data-id=\"da021b8\" data-element_type=\"widget\" data-widget_type=\"text-editor.default\">\n\t\t\t\t<div class=\"elementor-widget-container\">\n\t\t\t\t\t\t\t\t\t<p>\u00bfA donde puedes ir?<\/p>\t\t\t\t\t\t\t\t<\/div>\n\t\t\t\t<\/div>\n\t\t\t\t<div class=\"elementor-element elementor-element-72f746b elementor-widget__width-initial elementor-widget elementor-widget-text-editor\" data-id=\"72f746b\" data-element_type=\"widget\" data-widget_type=\"text-editor.default\">\n\t\t\t\t<div class=\"elementor-widget-container\">\n\t\t\t\t\t\t\t\t\t<p>La terapia Nano CellCare est\u00e1 disponible en los sectores de Salud y Deporte y Belleza y Bienestar. Puede visitar a varios terapeutas certificados por Nano CellCare, desde dermat\u00f3logos hasta fisioterapeutas (deportivos), cl\u00ednicas est\u00e9ticas, natur\u00f3patas y terapeutas ortomoleculares en toda Europa.<\/p>\t\t\t\t\t\t\t\t<\/div>\n\t\t\t\t<\/div>\n\t\t\t\t<\/div>\n\t\t<div class=\"elementor-element elementor-element-906cd0c e-con-full e-flex e-con e-child\" data-id=\"906cd0c\" data-element_type=\"container\">\n\t\t\t\t<div class=\"elementor-element elementor-element-a611ac6 elementor-widget__width-auto elementor-widget elementor-widget-text-editor\" data-id=\"a611ac6\" data-element_type=\"widget\" data-widget_type=\"text-editor.default\">\n\t\t\t\t<div class=\"elementor-widget-container\">\n\t\t\t\t\t\t\t\t\tnano cuidado celular\t\t\t\t\t\t\t\t<\/div>\n\t\t\t\t<\/div>\n\t\t\t\t<div class=\"elementor-element elementor-element-33f1e60 elementor-widget elementor-widget-text-editor\" data-id=\"33f1e60\" data-element_type=\"widget\" data-widget_type=\"text-editor.default\">\n\t\t\t\t<div class=\"elementor-widget-container\">\n\t\t\t\t\t\t\t\t\t<h3>\u00bfC\u00f3mo funciona la terapia Nano CellCare?<\/h3>\t\t\t\t\t\t\t\t<\/div>\n\t\t\t\t<\/div>\n\t\t\t\t<div class=\"elementor-element elementor-element-0d0e7d3 elementor-widget__width-initial elementor-widget elementor-widget-text-editor\" data-id=\"0d0e7d3\" data-element_type=\"widget\" data-widget_type=\"text-editor.default\">\n\t\t\t\t<div class=\"elementor-widget-container\">\n\t\t\t\t\t\t\t\t\t<p>En el \u00e1mbito de las terapias complementarias y alternativas, Nano CellCare se destaca como una innovaci\u00f3n notable, respaldada por una investigaci\u00f3n pionera realizada por el Doctor Profesor Andreas Zimmer y su equipo en la Universidad de Graz en Austria.<\/p><p>Esta terapia utiliza nanopart\u00edculas l\u00edquidas, con un tama\u00f1o promedio de entre 100 nm y 800 nm, que el cuerpo puede absorber a trav\u00e9s de la piel y por inhalaci\u00f3n. Esto es posible gracias al sistema Nano CellCare, que emplea nanotecnolog\u00eda \u00fanica patentada en Alemania.<\/p><p>El sistema no s\u00f3lo produce l\u00edquido cargado negativamente, en contraste con nuestro cuerpo cargado positivamente, sino que tambi\u00e9n nebuliza las nanopart\u00edculas a alta velocidad, mejorando significativamente su absorci\u00f3n a trav\u00e9s de la piel.<\/p>\t\t\t\t\t\t\t\t<\/div>\n\t\t\t\t<\/div>\n\t\t\t\t<\/div>\n\t\t\t\t\t<\/div>\n\t\t\t\t<\/div>\n\t\t<div class=\"elementor-element elementor-element-a1cf940 e-flex e-con-boxed e-con e-parent\" data-id=\"a1cf940\" data-element_type=\"container\">\n\t\t\t\t\t<div class=\"e-con-inner\">\n\t\t\t\t<div class=\"elementor-element elementor-element-85e0441 elementor-widget elementor-widget-video\" data-id=\"85e0441\" data-element_type=\"widget\" data-settings=\"{&quot;youtube_url&quot;:&quot;https:\\\/\\\/www.youtube.com\\\/watch?v=XHOmBV4js_E&quot;,&quot;show_image_overlay&quot;:&quot;yes&quot;,&quot;image_overlay&quot;:{&quot;url&quot;:&quot;https:\\\/\\\/www.nanohealthcare.eu\\\/wp-content\\\/uploads\\\/2024\\\/06\\\/Image.jpg&quot;,&quot;id&quot;:313,&quot;size&quot;:&quot;&quot;,&quot;alt&quot;:&quot;&quot;,&quot;source&quot;:&quot;library&quot;},&quot;lazy_load&quot;:&quot;yes&quot;,&quot;video_type&quot;:&quot;youtube&quot;,&quot;controls&quot;:&quot;yes&quot;}\" data-widget_type=\"video.default\">\n\t\t\t\t<div class=\"elementor-widget-container\">\n\t\t\t\t\t\t\t<div class=\"elementor-wrapper elementor-open-inline\">\n\t\t\t<div class=\"elementor-video\"><\/div>\t\t\t\t<div class=\"elementor-custom-embed-image-overlay\" style=\"background-image: url(https:\/\/www.nanohealthcare.eu\/wp-content\/uploads\/2024\/06\/Image.jpg);\">\n\t\t\t\t\t\t\t\t\t\t\t\t\t\t\t\t<div class=\"elementor-custom-embed-play\" role=\"button\" aria-label=\"Reproducir v\u00eddeo\" tabindex=\"0\" data-no-translation-aria-label=\"\">\n\t\t\t\t\t\t\t<svg aria-hidden=\"true\" class=\"e-font-icon-svg e-fas-play-circle\" viewbox=\"0 0 512 512\" xmlns=\"http:\/\/www.w3.org\/2000\/svg\"><path d=\"M256 8C119 8 8 119 8 256s111 248 248 248 248-111 248-248S393 8 256 8zm115.7 272l-176 101c-15.8 8.8-35.7-2.5-35.7-21V152c0-18.4 19.8-29.8 35.7-21l176 107c16.4 9.2 16.4 32.9 0 42z\"><\/path><\/svg>\t\t\t\t\t\t<\/div>\n\t\t\t\t\t\t\t\t\t<\/div>\n\t\t\t\t\t<\/div>\n\t\t\t\t\t\t<\/div>\n\t\t\t\t<\/div>\n\t\t\t\t\t<\/div>\n\t\t\t\t<\/div>\n\t\t<div class=\"elementor-element elementor-element-ed423cc e-flex e-con-boxed e-con e-parent\" data-id=\"ed423cc\" data-element_type=\"container\">\n\t\t\t\t\t<div class=\"e-con-inner\">\n\t\t\t\t<div class=\"elementor-element elementor-element-b693f86 elementor-widget__width-auto elementor-widget elementor-widget-text-editor\" data-id=\"b693f86\" data-element_type=\"widget\" data-widget_type=\"text-editor.default\">\n\t\t\t\t<div class=\"elementor-widget-container\">\n\t\t\t\t\t\t\t\t\tnano cuidado celular\t\t\t\t\t\t\t\t<\/div>\n\t\t\t\t<\/div>\n\t\t\t\t<div class=\"elementor-element elementor-element-2f2344d elementor-widget elementor-widget-text-editor\" data-id=\"2f2344d\" data-element_type=\"widget\" data-widget_type=\"text-editor.default\">\n\t\t\t\t<div class=\"elementor-widget-container\">\n\t\t\t\t\t\t\t\t\t<h3>Combinaci\u00f3n de ingredientes naturales y nanotecnolog\u00eda<\/h3>\t\t\t\t\t\t\t\t<\/div>\n\t\t\t\t<\/div>\n\t\t\t\t<div class=\"elementor-element elementor-element-c1c31ad elementor-widget__width-initial elementor-widget elementor-widget-text-editor\" data-id=\"c1c31ad\" data-element_type=\"widget\" data-widget_type=\"text-editor.default\">\n\t\t\t\t<div class=\"elementor-widget-container\">\n\t\t\t\t\t\t\t\t\t<p>Una de las caracter\u00edsticas destacadas de la Terapia Nano CellCare es la inteligente combinaci\u00f3n de \u00e1cido hialur\u00f3nico con las nanopart\u00edculas producidas. El \u00e1cido hialur\u00f3nico, una sustancia natural del cuerpo con propiedades regenerativas comprobadas, act\u00faa como un potente aliado en la recuperaci\u00f3n celular.<\/p><p>La acci\u00f3n complementaria del \u00e1cido hialur\u00f3nico en nanopart\u00edculas l\u00edquidas no solo favorece la mejora de la textura de la piel, sino que tambi\u00e9n puede afectar tejidos m\u00e1s profundos y articulaciones, lo que lo hace especialmente valioso para pacientes con problemas articulares y afecciones inflamatorias.<\/p>\t\t\t\t\t\t\t\t<\/div>\n\t\t\t\t<\/div>\n\t\t\t\t<div class=\"elementor-element elementor-element-cb2501e elementor-widget__width-initial elementor-widget elementor-widget-text-editor\" data-id=\"cb2501e\" data-element_type=\"widget\" data-widget_type=\"text-editor.default\">\n\t\t\t\t<div class=\"elementor-widget-container\">\n\t\t\t\t\t\t\t\t\t<p>La mezcla de minerales de la sal del Mar Muerto y la nanotecnolog\u00eda avanzada allana el camino para la regeneraci\u00f3n celular y puede ayudar a restaurar los procesos celulares a su estado durante una fase m\u00e1s joven de la vida.<\/p><p>Es esencial que los terapeutas y m\u00e9dicos adopten enfoques innovadores como Nano CellCare, que no solo se basan en principios naturales sino que tambi\u00e9n est\u00e1n ampliamente respaldados por investigaciones cient\u00edficas, ofreciendo un enfoque hol\u00edstico para la salud y el bienestar de sus clientes.<\/p>\t\t\t\t\t\t\t\t<\/div>\n\t\t\t\t<\/div>\n\t\t\t\t\t<\/div>\n\t\t\t\t<\/div>\n\t\t<div class=\"elementor-element elementor-element-2b60e247 elementor-hidden-mobile e-flex e-con-boxed e-con e-parent\" data-id=\"2b60e247\" data-element_type=\"container\" data-settings=\"{&quot;background_background&quot;:&quot;classic&quot;}\">\n\t\t\t\t\t<div class=\"e-con-inner\">\n\t\t<div class=\"elementor-element elementor-element-631232ad e-con-full e-flex e-con e-child\" data-id=\"631232ad\" data-element_type=\"container\">\n\t\t\t\t<\/div>\n\t\t<div class=\"elementor-element elementor-element-b5f786c e-con-full e-flex e-con e-child\" data-id=\"b5f786c\" data-element_type=\"container\" data-settings=\"{&quot;background_background&quot;:&quot;classic&quot;}\">\n\t\t\t\t<div class=\"elementor-element elementor-element-2b578015 elementor-widget__width-initial elementor-widget elementor-widget-text-editor\" data-id=\"2b578015\" data-element_type=\"widget\" data-widget_type=\"text-editor.default\">\n\t\t\t\t<div class=\"elementor-widget-container\">\n\t\t\t\t\t\t\t\t\tPlaza del cuerpo Europa\t\t\t\t\t\t\t\t<\/div>\n\t\t\t\t<\/div>\n\t\t\t\t<div class=\"elementor-element elementor-element-422c3ead elementor-widget__width-initial elementor-widget elementor-widget-text-editor\" data-id=\"422c3ead\" data-element_type=\"widget\" data-widget_type=\"text-editor.default\">\n\t\t\t\t<div class=\"elementor-widget-container\">\n\t\t\t\t\t\t\t\t\t<p>Body Plaza Europe es un conglomerado din\u00e1mico e innovador dentro del sector de la belleza y la salud. Con la revolucionaria l\u00ednea de productos patentada Nano CellCare.<\/p>\t\t\t\t\t\t\t\t<\/div>\n\t\t\t\t<\/div>\n\t\t<div class=\"elementor-element elementor-element-3a37a6ca e-con-full e-flex e-con e-child\" data-id=\"3a37a6ca\" data-element_type=\"container\">\n\t\t\t\t<div class=\"elementor-element elementor-element-340eb01d elementor-icon-list--layout-inline elementor-list-item-link-inline elementor-align-left elementor-widget__width-initial Zicon elementor-widget elementor-widget-icon-list\" data-id=\"340eb01d\" data-element_type=\"widget\" data-widget_type=\"icon-list.default\">\n\t\t\t\t<div class=\"elementor-widget-container\">\n\t\t\t\t\t\t\t<ul class=\"elementor-icon-list-items elementor-inline-items\">\n\t\t\t\t\t\t\t<li class=\"elementor-icon-list-item elementor-inline-item\">\n\t\t\t\t\t\t\t\t\t\t\t<a href=\"https:\/\/www.nanohealthcare.eu\/es\/locator\/\">\n\n\t\t\t\t\t\t\t\t\t\t\t<span class=\"elementor-icon-list-text\">Encuentra un terapeuta<\/span>\n\t\t\t\t\t\t\t\t\t\t\t<\/a>\n\t\t\t\t\t\t\t\t\t<\/li>\n\t\t\t\t\t\t<\/ul>\n\t\t\t\t\t\t<\/div>\n\t\t\t\t<\/div>\n\t\t\t\t<div class=\"elementor-element elementor-element-61e8d2bf elementor-icon-list--layout-inline elementor-list-item-link-inline elementor-align-left elementor-widget__width-initial Zicon elementor-widget elementor-widget-icon-list\" data-id=\"61e8d2bf\" data-element_type=\"widget\" data-widget_type=\"icon-list.default\">\n\t\t\t\t<div class=\"elementor-widget-container\">\n\t\t\t\t\t\t\t<ul class=\"elementor-icon-list-items elementor-inline-items\">\n\t\t\t\t\t\t\t<li class=\"elementor-icon-list-item elementor-inline-item\">\n\t\t\t\t\t\t\t\t\t\t\t<a href=\"https:\/\/www.nanocellcaretherapy.com\/\" target=\"_blank\" rel=\"noopener\">\n\n\t\t\t\t\t\t\t\t\t\t\t<span class=\"elementor-icon-list-text\">Hazte socio<\/span>\n\t\t\t\t\t\t\t\t\t\t\t<\/a>\n\t\t\t\t\t\t\t\t\t<\/li>\n\t\t\t\t\t\t<\/ul>\n\t\t\t\t\t\t<\/div>\n\t\t\t\t<\/div>\n\t\t\t\t<\/div>\n\t\t\t\t<div class=\"elementor-element elementor-element-7cb0dfd8 elementor-align-left elementor-widget elementor-widget-button\" data-id=\"7cb0dfd8\" data-element_type=\"widget\" data-widget_type=\"button.default\">\n\t\t\t\t<div class=\"elementor-widget-container\">\n\t\t\t\t\t\t\t\t\t<div class=\"elementor-button-wrapper\">\n\t\t\t\t\t<a class=\"elementor-button elementor-button-link elementor-size-sm\" href=\"https:\/\/www.nanohealthcare.eu\/es\/\">\n\t\t\t\t\t\t<span class=\"elementor-button-content-wrapper\">\n\t\t\t\t\t\t\t\t\t<span class=\"elementor-button-text\">M\u00e1s sobre nosotros<\/span>\n\t\t\t\t\t<\/span>\n\t\t\t\t\t<\/a>\n\t\t\t\t<\/div>\n\t\t\t\t\t\t\t\t<\/div>\n\t\t\t\t<\/div>\n\t\t\t\t<\/div>\n\t\t\t\t\t<\/div>\n\t\t\t\t<\/div>\n\t\t\t\t<\/div>","protected":false},"excerpt":{"rendered":"<p>ACERCA DE NANO HEALTHCARE Con Nano Healthcare, mantenerse m\u00e1s sano y vitalmente joven es ahora una realidad. Simplemente compite con [\u2026]<\/p>","protected":false},"author":1,"featured_media":0,"parent":0,"menu_order":0,"comment_status":"closed","ping_status":"closed","template":"","meta":{"_acf_changed":false,"site-sidebar-layout":"no-sidebar","site-content-layout":"","ast-site-content-layout":"full-width-container","site-content-style":"default","site-sidebar-style":"default","ast-global-header-display":"","ast-banner-title-visibility":"","ast-main-header-display":"","ast-hfb-above-header-display":"","ast-hfb-below-header-display":"","ast-hfb-mobile-header-display":"","site-post-title":"disabled","ast-breadcrumbs-content":"","ast-featured-img":"disabled","footer-sml-layout":"","theme-transparent-header-meta":"","adv-header-id-meta":"","stick-header-meta":"","header-above-stick-meta":"","header-main-stick-meta":"","header-below-stick-meta":"","astra-migrate-meta-layouts":"default","ast-page-background-enabled":"default","ast-page-background-meta":{"desktop":{"background-color":"var(--ast-global-color-5)","background-image":"","background-repeat":"repeat","background-position":"center center","background-size":"auto","background-attachment":"scroll","background-type":"","background-media":"","overlay-type":"","overlay-color":"","overlay-opacity":"","overlay-gradient":""},"tablet":{"background-color":"","background-image":"","background-repeat":"repeat","background-position":"center center","background-size":"auto","background-attachment":"scroll","background-type":"","background-media":"","overlay-type":"","overlay-color":"","overlay-opacity":"","overlay-gradient":""},"mobile":{"background-color":"","background-image":"","background-repeat":"repeat","background-position":"center center","background-size":"auto","background-attachment":"scroll","background-type":"","background-media":"","overlay-type":"","overlay-color":"","overlay-opacity":"","overlay-gradient":""}},"ast-content-background-meta":{"desktop":{"background-color":"var(--ast-global-color-4)","background-image":"","background-repeat":"repeat","background-position":"center center","background-size":"auto","background-attachment":"scroll","background-type":"","background-media":"","overlay-type":"","overlay-color":"","overlay-opacity":"","overlay-gradient":""},"tablet":{"background-color":"var(--ast-global-color-4)","background-image":"","background-repeat":"repeat","background-position":"center center","background-size":"auto","background-attachment":"scroll","background-type":"","background-media":"","overlay-type":"","overlay-color":"","overlay-opacity":"","overlay-gradient":""},"mobile":{"background-color":"var(--ast-global-color-4)","background-image":"","background-repeat":"repeat","background-position":"center center","background-size":"auto","background-attachment":"scroll","background-type":"","background-media":"","overlay-type":"","overlay-color":"","overlay-opacity":"","overlay-gradient":""}},"footnotes":""},"class_list":["post-242","page","type-page","status-publish","hentry"],"acf":[],"_links":{"self":[{"href":"https:\/\/www.nanohealthcare.eu\/es\/wp-json\/wp\/v2\/pages\/242","targetHints":{"allow":["GET"]}}],"collection":[{"href":"https:\/\/www.nanohealthcare.eu\/es\/wp-json\/wp\/v2\/pages"}],"about":[{"href":"https:\/\/www.nanohealthcare.eu\/es\/wp-json\/wp\/v2\/types\/page"}],"author":[{"embeddable":true,"href":"https:\/\/www.nanohealthcare.eu\/es\/wp-json\/wp\/v2\/users\/1"}],"replies":[{"embeddable":true,"href":"https:\/\/www.nanohealthcare.eu\/es\/wp-json\/wp\/v2\/comments?post=242"}],"version-history":[{"count":15,"href":"https:\/\/www.nanohealthcare.eu\/es\/wp-json\/wp\/v2\/pages\/242\/revisions"}],"predecessor-version":[{"id":3726,"href":"https:\/\/www.nanohealthcare.eu\/es\/wp-json\/wp\/v2\/pages\/242\/revisions\/3726"}],"wp:attachment":[{"href":"https:\/\/www.nanohealthcare.eu\/es\/wp-json\/wp\/v2\/media?parent=242"}],"curies":[{"name":"gracias","href":"https:\/\/api.w.org\/{rel}","templated":true}]}}