{"id":2217,"date":"2024-12-03T11:53:16","date_gmt":"2024-12-03T11:53:16","guid":{"rendered":"https:\/\/healthcare-plaza.eu\/?page_id=2217"},"modified":"2025-09-23T06:29:48","modified_gmt":"2025-09-23T06:29:48","slug":"partners","status":"publish","type":"page","link":"https:\/\/www.nanohealthcare.eu\/es\/partners\/","title":{"rendered":"Fogonadura"},"content":{"rendered":"<div data-elementor-type=\"wp-page\" data-elementor-id=\"2217\" class=\"elementor elementor-2217\" data-elementor-post-type=\"page\">\n\t\t\t\t<div class=\"elementor-element elementor-element-0ddbb3e e-flex e-con-boxed e-con e-parent\" data-id=\"0ddbb3e\" data-element_type=\"container\" data-settings=\"{&quot;background_background&quot;:&quot;classic&quot;}\">\n\t\t\t\t\t<div class=\"e-con-inner\">\n\t\t\t\t<div class=\"elementor-element elementor-element-620e468 elementor-widget-mobile__width-initial elementor-widget elementor-widget-heading\" data-id=\"620e468\" data-element_type=\"widget\" data-widget_type=\"heading.default\">\n\t\t\t\t<div class=\"elementor-widget-container\">\n\t\t\t\t\t<h1 class=\"elementor-heading-title elementor-size-default\">Fogonadura<\/h1>\t\t\t\t<\/div>\n\t\t\t\t<\/div>\n\t\t\t\t<div class=\"elementor-element elementor-element-7764923 elementor-widget__width-initial elementor-widget elementor-widget-text-editor\" data-id=\"7764923\" data-element_type=\"widget\" data-widget_type=\"text-editor.default\">\n\t\t\t\t<div class=\"elementor-widget-container\">\n\t\t\t\t\t\t\t\t\t<p>Puede encontrar a su respectivo terapeuta de Nano CellCare a trav\u00e9s de\u00a0<strong><a href=\"https:\/\/www.nanohealthcare.eu\/es\/locator\/\">localizador de tratamiento<\/a>. <\/strong>\u00bfTe interesa ser socio? Completa el formulario en nuestra p\u00e1gina de contacto o ll\u00e1manos. <strong>+31 297 74 35 72<\/strong> Para m\u00e1s informaci\u00f3n.<\/p>\t\t\t\t\t\t\t\t<\/div>\n\t\t\t\t<\/div>\n\t\t\t\t\t<\/div>\n\t\t\t\t<\/div>\n\t\t<div class=\"elementor-element elementor-element-9d2c889 e-flex e-con-boxed e-con e-parent\" data-id=\"9d2c889\" data-element_type=\"container\">\n\t\t\t\t\t<div class=\"e-con-inner\">\n\t\t\t\t<div class=\"elementor-element elementor-element-4dafff0 elementor-posts--align-left elementor-grid-3 elementor-grid-tablet-2 elementor-grid-mobile-1 elementor-posts--thumbnail-top elementor-widget elementor-widget-posts\" data-id=\"4dafff0\" data-element_type=\"widget\" data-settings=\"{&quot;pagination_type&quot;:&quot;numbers&quot;,&quot;classic_columns&quot;:&quot;3&quot;,&quot;classic_columns_tablet&quot;:&quot;2&quot;,&quot;classic_columns_mobile&quot;:&quot;1&quot;,&quot;classic_row_gap&quot;:{&quot;unit&quot;:&quot;px&quot;,&quot;size&quot;:35,&quot;sizes&quot;:[]},&quot;classic_row_gap_tablet&quot;:{&quot;unit&quot;:&quot;px&quot;,&quot;size&quot;:&quot;&quot;,&quot;sizes&quot;:[]},&quot;classic_row_gap_mobile&quot;:{&quot;unit&quot;:&quot;px&quot;,&quot;size&quot;:&quot;&quot;,&quot;sizes&quot;:[]}}\" data-widget_type=\"posts.classic\">\n\t\t\t\t<div class=\"elementor-widget-container\">\n\t\t\t\t\t\t\t<div class=\"elementor-posts-container elementor-posts elementor-posts--skin-classic elementor-grid\">\n\t\t\t\t<article class=\"elementor-post elementor-grid-item post-2377 partnerss type-partnerss status-publish format-standard has-post-thumbnail hentry\">\n\t\t\t\t<a class=\"elementor-post__thumbnail__link\" href=\"https:\/\/www.nanohealthcare.eu\/es\/partnerss\/praktijk-hayo-bol\/\" tabindex=\"-1\">\n\t\t\t<div class=\"elementor-post__thumbnail\"><img fetchpriority=\"high\" decoding=\"async\" width=\"915\" height=\"610\" src=\"https:\/\/www.nanohealthcare.eu\/wp-content\/uploads\/2024\/12\/over-IMC-pic2.jpg\" class=\"attachment-full size-full wp-image-2379\" alt=\"\" srcset=\"https:\/\/www.nanohealthcare.eu\/wp-content\/uploads\/2024\/12\/over-IMC-pic2.jpg 915w, https:\/\/www.nanohealthcare.eu\/wp-content\/uploads\/2024\/12\/over-IMC-pic2-300x200.jpg 300w, https:\/\/www.nanohealthcare.eu\/wp-content\/uploads\/2024\/12\/over-IMC-pic2-768x512.jpg 768w, https:\/\/www.nanohealthcare.eu\/wp-content\/uploads\/2024\/12\/over-IMC-pic2-18x12.jpg 18w\" sizes=\"(max-width: 915px) 100vw, 915px\" \/><\/div>\n\t\t<\/a>\n\t\t\t\t<div class=\"elementor-post__text\">\n\t\t\t\t<h3 class=\"elementor-post__title\">\n\t\t\t<a href=\"https:\/\/www.nanohealthcare.eu\/es\/partnerss\/praktijk-hayo-bol\/\">\n\t\t\t\tPr\u00e1ctica Hayo Bol\t\t\t<\/a>\n\t\t<\/h3>\n\t\t\t\t<div class=\"elementor-post__excerpt\">\n\t\t\t<p>Praktijk Hayo Bol Praktijk Hayo Bol De praktijkDe praktijk van Hayo Bol is te vinden in het Friese Joure. Tweewekelijks es hij ook en el Integraal Medisch Centrum van Amsterdam te vinden voor consultan. Sinds 1995 es Hayo un terapeuta natuurgeneeskundig diplomado. Hij werkt vanuit una perspectiva hol\u00edstica que se basa en varios principios: energ\u00eda, prikkeloverdracht, drenaje, agua y agua potable. De behandelingenHet<\/p>\n\t\t<\/div>\n\t\t\t\t\t<div class=\"elementor-post__read-more-wrapper\">\n\t\t\n\t\t<a class=\"elementor-post__read-more\" href=\"https:\/\/www.nanohealthcare.eu\/es\/partnerss\/praktijk-hayo-bol\/\" aria-label=\"M\u00e1s informaci\u00f3n sobre Praktijk Hayo Bol\" tabindex=\"-1\">\n\t\t\tLeer m\u00e1s \u27f6\t\t<\/a>\n\n\t\t\t\t\t<\/div>\n\t\t\t\t<\/div>\n\t\t\t\t<\/article>\n\t\t\t\t<article class=\"elementor-post elementor-grid-item post-2369 partnerss type-partnerss status-publish format-standard has-post-thumbnail hentry\">\n\t\t\t\t<a class=\"elementor-post__thumbnail__link\" href=\"https:\/\/www.nanohealthcare.eu\/es\/partnerss\/instituut-zeewind\/\" tabindex=\"-1\">\n\t\t\t<div class=\"elementor-post__thumbnail\"><img decoding=\"async\" width=\"2560\" height=\"1704\" src=\"https:\/\/www.nanohealthcare.eu\/wp-content\/uploads\/2024\/12\/Zeewind-foto-1-scaled.jpg\" class=\"attachment-full size-full wp-image-2594\" alt=\"\" srcset=\"https:\/\/www.nanohealthcare.eu\/wp-content\/uploads\/2024\/12\/Zeewind-foto-1-scaled.jpg 2560w, https:\/\/www.nanohealthcare.eu\/wp-content\/uploads\/2024\/12\/Zeewind-foto-1-300x200.jpg 300w, https:\/\/www.nanohealthcare.eu\/wp-content\/uploads\/2024\/12\/Zeewind-foto-1-1024x682.jpg 1024w, https:\/\/www.nanohealthcare.eu\/wp-content\/uploads\/2024\/12\/Zeewind-foto-1-768x511.jpg 768w, https:\/\/www.nanohealthcare.eu\/wp-content\/uploads\/2024\/12\/Zeewind-foto-1-1536x1022.jpg 1536w, https:\/\/www.nanohealthcare.eu\/wp-content\/uploads\/2024\/12\/Zeewind-foto-1-2048x1363.jpg 2048w, https:\/\/www.nanohealthcare.eu\/wp-content\/uploads\/2024\/12\/Zeewind-foto-1-18x12.jpg 18w\" sizes=\"(max-width: 2560px) 100vw, 2560px\" \/><\/div>\n\t\t<\/a>\n\t\t\t\t<div class=\"elementor-post__text\">\n\t\t\t\t<h3 class=\"elementor-post__title\">\n\t\t\t<a href=\"https:\/\/www.nanohealthcare.eu\/es\/partnerss\/instituut-zeewind\/\">\n\t\t\t\tInstituto Zeewind\t\t\t<\/a>\n\t\t<\/h3>\n\t\t\t\t<div class=\"elementor-post__excerpt\">\n\t\t\t<p>Instituut Zeewind Instituut Zeewind El instituutInstituut Zeewind abri\u00f3 sus puertas en 1995 desde hace mucho tiempo. La pr\u00e1ctica est\u00e1 desarrollada en el &#039;Oude Dorp&#039; de Amstelveen. Sinds 2005 palabra Zeewind gerundio por Hanna Hasnaoui. Zij werkt Samen conoci\u00f3 a un equipo de especialistas de Schoonheids. Bij Instituut Zeewind kan je terecht voor alles wat met beauty te maken heeft. Zodra je de salon binnenstapt, kun je er zeker van zijn<\/p>\n\t\t<\/div>\n\t\t\t\t\t<div class=\"elementor-post__read-more-wrapper\">\n\t\t\n\t\t<a class=\"elementor-post__read-more\" href=\"https:\/\/www.nanohealthcare.eu\/es\/partnerss\/instituut-zeewind\/\" aria-label=\"M\u00e1s informaci\u00f3n sobre Instituut Zeewind\" tabindex=\"-1\">\n\t\t\tLeer m\u00e1s \u27f6\t\t<\/a>\n\n\t\t\t\t\t<\/div>\n\t\t\t\t<\/div>\n\t\t\t\t<\/article>\n\t\t\t\t<article class=\"elementor-post elementor-grid-item post-2355 partnerss type-partnerss status-publish format-standard has-post-thumbnail hentry\">\n\t\t\t\t<a class=\"elementor-post__thumbnail__link\" href=\"https:\/\/www.nanohealthcare.eu\/es\/partnerss\/herrots-health-energy\/\" tabindex=\"-1\">\n\t\t\t<div class=\"elementor-post__thumbnail\"><img decoding=\"async\" width=\"2560\" height=\"1704\" src=\"https:\/\/www.nanohealthcare.eu\/wp-content\/uploads\/2024\/12\/4D44666-scaled.jpg\" class=\"attachment-full size-full wp-image-2360\" alt=\"\" srcset=\"https:\/\/www.nanohealthcare.eu\/wp-content\/uploads\/2024\/12\/4D44666-scaled.jpg 2560w, https:\/\/www.nanohealthcare.eu\/wp-content\/uploads\/2024\/12\/4D44666-300x200.jpg 300w, https:\/\/www.nanohealthcare.eu\/wp-content\/uploads\/2024\/12\/4D44666-1024x682.jpg 1024w, https:\/\/www.nanohealthcare.eu\/wp-content\/uploads\/2024\/12\/4D44666-768x511.jpg 768w, https:\/\/www.nanohealthcare.eu\/wp-content\/uploads\/2024\/12\/4D44666-1536x1022.jpg 1536w, https:\/\/www.nanohealthcare.eu\/wp-content\/uploads\/2024\/12\/4D44666-2048x1363.jpg 2048w, https:\/\/www.nanohealthcare.eu\/wp-content\/uploads\/2024\/12\/4D44666-18x12.jpg 18w\" sizes=\"(max-width: 2560px) 100vw, 2560px\" \/><\/div>\n\t\t<\/a>\n\t\t\t\t<div class=\"elementor-post__text\">\n\t\t\t\t<h3 class=\"elementor-post__title\">\n\t\t\t<a href=\"https:\/\/www.nanohealthcare.eu\/es\/partnerss\/herrots-health-energy\/\">\n\t\t\t\tSalud y energ\u00eda de HERROT\t\t\t<\/a>\n\t\t<\/h3>\n\t\t\t\t<div class=\"elementor-post__excerpt\">\n\t\t\t<p>HERROT&#039;S Health &amp; Energy HERROT&#039;S Health &amp; Energy HERROT&#039;S Health &amp; EnergyVeronike es un terap\u00e9utico Nano CellCare certificado. Daarnaast heeft zij nog een tiental opleidingen gevolgd, waaronder darmspecialist en ortomoleculair voedingsadviseur. Daarom kunnen cli\u00ebnten bij HERROT&#039;s kiezen uit diversas behandelingen, zoals therapie Nano CellCare, therapie orthomoleculaire therapie, Total Reset therapie y coaching trayectoriacten. \u201cIk werk vanuit de visie dat het lichaam zichzelf kan verbeteren<\/p>\n\t\t<\/div>\n\t\t\t\t\t<div class=\"elementor-post__read-more-wrapper\">\n\t\t\n\t\t<a class=\"elementor-post__read-more\" href=\"https:\/\/www.nanohealthcare.eu\/es\/partnerss\/herrots-health-energy\/\" aria-label=\"M\u00e1s informaci\u00f3n sobre HERROT\u2019S Health &amp; Energy\" tabindex=\"-1\">\n\t\t\tLeer m\u00e1s \u27f6\t\t<\/a>\n\n\t\t\t\t\t<\/div>\n\t\t\t\t<\/div>\n\t\t\t\t<\/article>\n\t\t\t\t<article class=\"elementor-post elementor-grid-item post-2333 partnerss type-partnerss status-publish format-standard has-post-thumbnail hentry\">\n\t\t\t\t<a class=\"elementor-post__thumbnail__link\" href=\"https:\/\/www.nanohealthcare.eu\/es\/partnerss\/vitality-management\/\" tabindex=\"-1\">\n\t\t\t<div class=\"elementor-post__thumbnail\"><img loading=\"lazy\" decoding=\"async\" width=\"2560\" height=\"2048\" src=\"https:\/\/www.nanohealthcare.eu\/wp-content\/uploads\/2024\/12\/4D43802-scaled.jpg\" class=\"attachment-full size-full wp-image-2337\" alt=\"\" srcset=\"https:\/\/www.nanohealthcare.eu\/wp-content\/uploads\/2024\/12\/4D43802-scaled.jpg 2560w, https:\/\/www.nanohealthcare.eu\/wp-content\/uploads\/2024\/12\/4D43802-300x240.jpg 300w, https:\/\/www.nanohealthcare.eu\/wp-content\/uploads\/2024\/12\/4D43802-1024x819.jpg 1024w, https:\/\/www.nanohealthcare.eu\/wp-content\/uploads\/2024\/12\/4D43802-768x614.jpg 768w, https:\/\/www.nanohealthcare.eu\/wp-content\/uploads\/2024\/12\/4D43802-1536x1229.jpg 1536w, https:\/\/www.nanohealthcare.eu\/wp-content\/uploads\/2024\/12\/4D43802-2048x1638.jpg 2048w, https:\/\/www.nanohealthcare.eu\/wp-content\/uploads\/2024\/12\/4D43802-15x12.jpg 15w\" sizes=\"(max-width: 2560px) 100vw, 2560px\" \/><\/div>\n\t\t<\/a>\n\t\t\t\t<div class=\"elementor-post__text\">\n\t\t\t\t<h3 class=\"elementor-post__title\">\n\t\t\t<a href=\"https:\/\/www.nanohealthcare.eu\/es\/partnerss\/vitality-management\/\">\n\t\t\t\tGesti\u00f3n de la vitalidad\t\t\t<\/a>\n\t\t<\/h3>\n\t\t\t\t<div class=\"elementor-post__excerpt\">\n\t\t\t<p>Gesti\u00f3n de la vitalidad Gesti\u00f3n de la vitalidad Werk aan je vitaliteitSinds 1996 public\u00f3 Derk de Kloet aan het roer van zijn bedrijf Gesti\u00f3n de la vitalidad. Met zijn coaching praktijk helpt hij individuen and equipos met het verbeteren van hun vitaliteit. Het gaat hierbij vooral om cli\u00ebnten die moeten presteren onder hoge druk. Derk biedt persoonlijke ondersteuning op mental y fysiek vlak. Vitality Management est\u00e1 gestionado en Kortenhoef. Entrenamiento<\/p>\n\t\t<\/div>\n\t\t\t\t\t<div class=\"elementor-post__read-more-wrapper\">\n\t\t\n\t\t<a class=\"elementor-post__read-more\" href=\"https:\/\/www.nanohealthcare.eu\/es\/partnerss\/vitality-management\/\" aria-label=\"M\u00e1s informaci\u00f3n sobre Vitality Management\" tabindex=\"-1\">\n\t\t\tLeer m\u00e1s \u27f6\t\t<\/a>\n\n\t\t\t\t\t<\/div>\n\t\t\t\t<\/div>\n\t\t\t\t<\/article>\n\t\t\t\t<article class=\"elementor-post elementor-grid-item post-2325 partnerss type-partnerss status-publish format-standard has-post-thumbnail hentry\">\n\t\t\t\t<a class=\"elementor-post__thumbnail__link\" href=\"https:\/\/www.nanohealthcare.eu\/es\/partnerss\/natural-health-checck\/\" tabindex=\"-1\">\n\t\t\t<div class=\"elementor-post__thumbnail\"><img loading=\"lazy\" decoding=\"async\" width=\"1500\" height=\"1000\" src=\"https:\/\/www.nanohealthcare.eu\/wp-content\/uploads\/2024\/12\/Foto-2-Natural-Nano-Therapy-.jpeg\" class=\"attachment-full size-full wp-image-2511\" alt=\"\" srcset=\"https:\/\/www.nanohealthcare.eu\/wp-content\/uploads\/2024\/12\/Foto-2-Natural-Nano-Therapy-.jpeg 1500w, https:\/\/www.nanohealthcare.eu\/wp-content\/uploads\/2024\/12\/Foto-2-Natural-Nano-Therapy--300x200.jpeg 300w, https:\/\/www.nanohealthcare.eu\/wp-content\/uploads\/2024\/12\/Foto-2-Natural-Nano-Therapy--1024x683.jpeg 1024w, https:\/\/www.nanohealthcare.eu\/wp-content\/uploads\/2024\/12\/Foto-2-Natural-Nano-Therapy--768x512.jpeg 768w, https:\/\/www.nanohealthcare.eu\/wp-content\/uploads\/2024\/12\/Foto-2-Natural-Nano-Therapy--18x12.jpeg 18w\" sizes=\"(max-width: 1500px) 100vw, 1500px\" \/><\/div>\n\t\t<\/a>\n\t\t\t\t<div class=\"elementor-post__text\">\n\t\t\t\t<h3 class=\"elementor-post__title\">\n\t\t\t<a href=\"https:\/\/www.nanohealthcare.eu\/es\/partnerss\/natural-health-checck\/\">\n\t\t\t\tChequeo de salud natural\t\t\t<\/a>\n\t\t<\/h3>\n\t\t\t\t<div class=\"elementor-post__excerpt\">\n\t\t\t<p>Natural Health Check Natural Health Check Van carri\u00e8re in het bedrijfsleven naar eigen gezondheidspraktijkNatural Health Check es en 2007 opgericht door Tanja den Dunnen. Ze is haar carri\u00e8re begonnen in het bedrijfsleven en heeft zich na een aantal jaar laten omscholen tot ortomoleculair kPNI-therapeut y electro-acupunturist. Na haar bevallingen had ze langdurig vermoeidheidsklachten y is ze zich gaan verdiepen in de orthomoleculaire geneeskunde.<\/p>\n\t\t<\/div>\n\t\t\t\t\t<div class=\"elementor-post__read-more-wrapper\">\n\t\t\n\t\t<a class=\"elementor-post__read-more\" href=\"https:\/\/www.nanohealthcare.eu\/es\/partnerss\/natural-health-checck\/\" aria-label=\"M\u00e1s informaci\u00f3n sobre Natural Health Check\" tabindex=\"-1\">\n\t\t\tLeer m\u00e1s \u27f6\t\t<\/a>\n\n\t\t\t\t\t<\/div>\n\t\t\t\t<\/div>\n\t\t\t\t<\/article>\n\t\t\t\t<article class=\"elementor-post elementor-grid-item post-2277 partnerss type-partnerss status-publish format-standard has-post-thumbnail hentry\">\n\t\t\t\t<a class=\"elementor-post__thumbnail__link\" href=\"https:\/\/www.nanohealthcare.eu\/es\/partnerss\/body-plaza-nano-center\/\" tabindex=\"-1\">\n\t\t\t<div class=\"elementor-post__thumbnail\"><img loading=\"lazy\" decoding=\"async\" width=\"2560\" height=\"1704\" src=\"https:\/\/www.nanohealthcare.eu\/wp-content\/uploads\/2024\/12\/4D46937-scaled.jpg\" class=\"attachment-full size-full wp-image-2294\" alt=\"Body Plaza Nano Center - Behandeling\" srcset=\"https:\/\/www.nanohealthcare.eu\/wp-content\/uploads\/2024\/12\/4D46937-scaled.jpg 2560w, https:\/\/www.nanohealthcare.eu\/wp-content\/uploads\/2024\/12\/4D46937-300x200.jpg 300w, https:\/\/www.nanohealthcare.eu\/wp-content\/uploads\/2024\/12\/4D46937-1024x682.jpg 1024w, https:\/\/www.nanohealthcare.eu\/wp-content\/uploads\/2024\/12\/4D46937-768x511.jpg 768w, https:\/\/www.nanohealthcare.eu\/wp-content\/uploads\/2024\/12\/4D46937-1536x1022.jpg 1536w, https:\/\/www.nanohealthcare.eu\/wp-content\/uploads\/2024\/12\/4D46937-2048x1363.jpg 2048w, https:\/\/www.nanohealthcare.eu\/wp-content\/uploads\/2024\/12\/4D46937-18x12.jpg 18w\" sizes=\"(max-width: 2560px) 100vw, 2560px\" \/><\/div>\n\t\t<\/a>\n\t\t\t\t<div class=\"elementor-post__text\">\n\t\t\t\t<h3 class=\"elementor-post__title\">\n\t\t\t<a href=\"https:\/\/www.nanohealthcare.eu\/es\/partnerss\/body-plaza-nano-center\/\">\n\t\t\t\tBody Plaza Nano Center\t\t\t<\/a>\n\t\t<\/h3>\n\t\t\t\t<div class=\"elementor-post__excerpt\">\n\t\t\t<p>Body Plaza Nano Center Body Plaza Nano Center Zorgcentrum reuni\u00f3 diversas disciplinas Body Plaza Nano Center est\u00e1 construido en un zorgcentrum en Veghel. Aqu\u00ed tenemos un osteopaat, un terapeuta voetreflex, un podoterapeuta, un entrenador personal y un terapeuta Nano CellCare. Met todas estas disciplinas son las mejores formas de tratarlas con el cliente. Body Plaza Nano Center est\u00e1 situado bajo la direcci\u00f3n de Hans Zwart. Hij<\/p>\n\t\t<\/div>\n\t\t\t\t\t<div class=\"elementor-post__read-more-wrapper\">\n\t\t\n\t\t<a class=\"elementor-post__read-more\" href=\"https:\/\/www.nanohealthcare.eu\/es\/partnerss\/body-plaza-nano-center\/\" aria-label=\"M\u00e1s informaci\u00f3n sobre Body Plaza Nano Center\" tabindex=\"-1\">\n\t\t\tLeer m\u00e1s \u27f6\t\t<\/a>\n\n\t\t\t\t\t<\/div>\n\t\t\t\t<\/div>\n\t\t\t\t<\/article>\n\t\t\t\t<article class=\"elementor-post elementor-grid-item post-2166 partnerss type-partnerss status-publish format-standard has-post-thumbnail hentry\">\n\t\t\t\t<a class=\"elementor-post__thumbnail__link\" href=\"https:\/\/www.nanohealthcare.eu\/es\/partnerss\/hayo-bol-practice\/\" tabindex=\"-1\">\n\t\t\t<div class=\"elementor-post__thumbnail\"><img loading=\"lazy\" decoding=\"async\" width=\"2048\" height=\"1348\" src=\"https:\/\/www.nanohealthcare.eu\/wp-content\/uploads\/2024\/12\/4D41740-scaled-e1732873827684-2048x1348-1.jpg\" class=\"attachment-full size-full wp-image-2215\" alt=\"\" srcset=\"https:\/\/www.nanohealthcare.eu\/wp-content\/uploads\/2024\/12\/4D41740-scaled-e1732873827684-2048x1348-1.jpg 2048w, https:\/\/www.nanohealthcare.eu\/wp-content\/uploads\/2024\/12\/4D41740-scaled-e1732873827684-2048x1348-1-300x197.jpg 300w, https:\/\/www.nanohealthcare.eu\/wp-content\/uploads\/2024\/12\/4D41740-scaled-e1732873827684-2048x1348-1-1024x674.jpg 1024w, https:\/\/www.nanohealthcare.eu\/wp-content\/uploads\/2024\/12\/4D41740-scaled-e1732873827684-2048x1348-1-768x506.jpg 768w, https:\/\/www.nanohealthcare.eu\/wp-content\/uploads\/2024\/12\/4D41740-scaled-e1732873827684-2048x1348-1-1536x1011.jpg 1536w, https:\/\/www.nanohealthcare.eu\/wp-content\/uploads\/2024\/12\/4D41740-scaled-e1732873827684-2048x1348-1-18x12.jpg 18w\" sizes=\"(max-width: 2048px) 100vw, 2048px\" \/><\/div>\n\t\t<\/a>\n\t\t\t\t<div class=\"elementor-post__text\">\n\t\t\t\t<h3 class=\"elementor-post__title\">\n\t\t\t<a href=\"https:\/\/www.nanohealthcare.eu\/es\/partnerss\/hayo-bol-practice\/\">\n\t\t\t\tEquilibrio y alimentaci\u00f3n\t\t\t<\/a>\n\t\t<\/h3>\n\t\t\t\t<div class=\"elementor-post__excerpt\">\n\t\t\t<p>La pr\u00e1ctica<br \/> Balans &amp; Voeding es la pr\u00e1ctica de Rob Visscher. Hij is de praktijk gestaget in 2013 and is momenteel gevestigd aan de Witherenstraat en Venlo. En la pr\u00e1ctica, kan je terecht voor uiteenlopende klachten, van migraine tot aan huidklachten y van hielspoor tot aan un verstoord immuunsysteem. Rob heeft een behandelruimte voor Nano CellCare y daarnaast vind je in zijn\t\t<\/div>\n\t\t\t\t\t<div class=\"elementor-post__read-more-wrapper\">\n\t\t\n\t\t<a class=\"elementor-post__read-more\" href=\"https:\/\/www.nanohealthcare.eu\/es\/partnerss\/hayo-bol-practice\/\" aria-label=\"M\u00e1s informaci\u00f3n sobre Balans en Voeding\" tabindex=\"-1\">\n\t\t\tLeer m\u00e1s \u27f6\t\t<\/a>\n\n\t\t\t\t\t<\/div>\n\t\t\t\t<\/div>\n\t\t\t\t<\/article>\n\t\t\t\t<\/div>\n\t\t\n\t\t\t\t\t\t<\/div>\n\t\t\t\t<\/div>\n\t\t\t\t\t<\/div>\n\t\t\t\t<\/div>\n\t\t\t\t<\/div>","protected":false},"excerpt":{"rendered":"<p>Partners You can find your respective Nano CellCare therapist via the\u00a0treatment locator. Interested in becoming a partner?\u00a0Fill out the form [&hellip;]<\/p>","protected":false},"author":1,"featured_media":0,"parent":0,"menu_order":0,"comment_status":"closed","ping_status":"closed","template":"","meta":{"_acf_changed":false,"site-sidebar-layout":"no-sidebar","site-content-layout":"","ast-site-content-layout":"full-width-container","site-content-style":"default","site-sidebar-style":"default","ast-global-header-display":"","ast-banner-title-visibility":"","ast-main-header-display":"","ast-hfb-above-header-display":"","ast-hfb-below-header-display":"","ast-hfb-mobile-header-display":"","site-post-title":"disabled","ast-breadcrumbs-content":"","ast-featured-img":"disabled","footer-sml-layout":"","theme-transparent-header-meta":"","adv-header-id-meta":"","stick-header-meta":"","header-above-stick-meta":"","header-main-stick-meta":"","header-below-stick-meta":"","astra-migrate-meta-layouts":"default","ast-page-background-enabled":"default","ast-page-background-meta":{"desktop":{"background-color":"var(--ast-global-color-5)","background-image":"","background-repeat":"repeat","background-position":"center center","background-size":"auto","background-attachment":"scroll","background-type":"","background-media":"","overlay-type":"","overlay-color":"","overlay-opacity":"","overlay-gradient":""},"tablet":{"background-color":"","background-image":"","background-repeat":"repeat","background-position":"center center","background-size":"auto","background-attachment":"scroll","background-type":"","background-media":"","overlay-type":"","overlay-color":"","overlay-opacity":"","overlay-gradient":""},"mobile":{"background-color":"","background-image":"","background-repeat":"repeat","background-position":"center center","background-size":"auto","background-attachment":"scroll","background-type":"","background-media":"","overlay-type":"","overlay-color":"","overlay-opacity":"","overlay-gradient":""}},"ast-content-background-meta":{"desktop":{"background-color":"var(--ast-global-color-4)","background-image":"","background-repeat":"repeat","background-position":"center center","background-size":"auto","background-attachment":"scroll","background-type":"","background-media":"","overlay-type":"","overlay-color":"","overlay-opacity":"","overlay-gradient":""},"tablet":{"background-color":"var(--ast-global-color-4)","background-image":"","background-repeat":"repeat","background-position":"center center","background-size":"auto","background-attachment":"scroll","background-type":"","background-media":"","overlay-type":"","overlay-color":"","overlay-opacity":"","overlay-gradient":""},"mobile":{"background-color":"var(--ast-global-color-4)","background-image":"","background-repeat":"repeat","background-position":"center center","background-size":"auto","background-attachment":"scroll","background-type":"","background-media":"","overlay-type":"","overlay-color":"","overlay-opacity":"","overlay-gradient":""}},"footnotes":""},"class_list":["post-2217","page","type-page","status-publish","hentry"],"acf":[],"_links":{"self":[{"href":"https:\/\/www.nanohealthcare.eu\/es\/wp-json\/wp\/v2\/pages\/2217","targetHints":{"allow":["GET"]}}],"collection":[{"href":"https:\/\/www.nanohealthcare.eu\/es\/wp-json\/wp\/v2\/pages"}],"about":[{"href":"https:\/\/www.nanohealthcare.eu\/es\/wp-json\/wp\/v2\/types\/page"}],"author":[{"embeddable":true,"href":"https:\/\/www.nanohealthcare.eu\/es\/wp-json\/wp\/v2\/users\/1"}],"replies":[{"embeddable":true,"href":"https:\/\/www.nanohealthcare.eu\/es\/wp-json\/wp\/v2\/comments?post=2217"}],"version-history":[{"count":64,"href":"https:\/\/www.nanohealthcare.eu\/es\/wp-json\/wp\/v2\/pages\/2217\/revisions"}],"predecessor-version":[{"id":3729,"href":"https:\/\/www.nanohealthcare.eu\/es\/wp-json\/wp\/v2\/pages\/2217\/revisions\/3729"}],"wp:attachment":[{"href":"https:\/\/www.nanohealthcare.eu\/es\/wp-json\/wp\/v2\/media?parent=2217"}],"curies":[{"name":"gracias","href":"https:\/\/api.w.org\/{rel}","templated":true}]}}