{"id":634,"date":"2024-07-02T20:11:30","date_gmt":"2024-07-02T20:11:30","guid":{"rendered":"https:\/\/healthcare-plaza.eu\/?page_id=634"},"modified":"2025-09-23T06:27:10","modified_gmt":"2025-09-23T06:27:10","slug":"nano-cellcare","status":"publish","type":"page","link":"https:\/\/www.nanohealthcare.eu\/de\/nano-cellcare\/","title":{"rendered":"Nano-Zellpflege"},"content":{"rendered":"<div data-elementor-type=\"wp-page\" data-elementor-id=\"634\" class=\"elementor elementor-634\" data-elementor-post-type=\"page\">\n\t\t\t\t<div class=\"elementor-element elementor-element-9927488 e-flex e-con-boxed e-con e-parent\" data-id=\"9927488\" data-element_type=\"container\" data-settings=\"{&quot;background_background&quot;:&quot;classic&quot;}\">\n\t\t\t\t\t<div class=\"e-con-inner\">\n\t\t\t\t<div class=\"elementor-element elementor-element-a51d079 elementor-widget-mobile__width-initial elementor-widget elementor-widget-heading\" data-id=\"a51d079\" data-element_type=\"widget\" data-widget_type=\"heading.default\">\n\t\t\t\t<div class=\"elementor-widget-container\">\n\t\t\t\t\t<h1 class=\"elementor-heading-title elementor-size-default\">Nano-Zellpflege\n<\/h1>\t\t\t\t<\/div>\n\t\t\t\t<\/div>\n\t\t\t\t<div class=\"elementor-element elementor-element-6816cca elementor-widget__width-initial elementor-widget elementor-widget-text-editor\" data-id=\"6816cca\" data-element_type=\"widget\" data-widget_type=\"text-editor.default\">\n\t\t\t\t<div class=\"elementor-widget-container\">\n\t\t\t\t\t\t\t\t\t<p>Mit Nano Healthcare ist es jetzt m\u00f6glich, ges\u00fcnder und vitaler zu bleiben. Trotzen Sie der Zeit, f\u00fchlen Sie sich fitter und strahlen Sie wieder Jugendlichkeit aus.<\/p>\t\t\t\t\t\t\t\t<\/div>\n\t\t\t\t<\/div>\n\t\t\t\t\t<\/div>\n\t\t\t\t<\/div>\n\t\t<div class=\"elementor-element elementor-element-05b6c0c e-flex e-con-boxed e-con e-child\" data-id=\"05b6c0c\" data-element_type=\"container\">\n\t\t\t\t\t<div class=\"e-con-inner\">\n\t\t\t\t<div class=\"elementor-element elementor-element-8dd812f elementor-widget__width-auto elementor-widget elementor-widget-text-editor\" data-id=\"8dd812f\" data-element_type=\"widget\" data-widget_type=\"text-editor.default\">\n\t\t\t\t<div class=\"elementor-widget-container\">\n\t\t\t\t\t\t\t\t\t<p>NANO CELLCARE<\/p>\t\t\t\t\t\t\t\t<\/div>\n\t\t\t\t<\/div>\n\t\t\t\t<div class=\"elementor-element elementor-element-84ac021 elementor-widget elementor-widget-text-editor\" data-id=\"84ac021\" data-element_type=\"widget\" data-widget_type=\"text-editor.default\">\n\t\t\t\t<div class=\"elementor-widget-container\">\n\t\t\t\t\t\t\t\t\t<p><strong>Kombination aus nat\u00fcrlichen Inhaltsstoffen und Nanotechnologie<\/strong><\/p>\t\t\t\t\t\t\t\t<\/div>\n\t\t\t\t<\/div>\n\t\t\t\t<div class=\"elementor-element elementor-element-5ee503f elementor-widget__width-initial elementor-widget elementor-widget-text-editor\" data-id=\"5ee503f\" data-element_type=\"widget\" data-widget_type=\"text-editor.default\">\n\t\t\t\t<div class=\"elementor-widget-container\">\n\t\t\t\t\t\t\t\t\t<p>Ein Hauptmerkmal der Nano CellCare-Therapie ist die intelligente Kombination von Hyalurons\u00e4ure mit speziell entwickelten Nanopartikeln. Als nat\u00fcrlich vorkommende Substanz mit nachgewiesenen regenerativen Eigenschaften spielt Hyalurons\u00e4ure eine entscheidende Rolle bei der Zellreparatur. Dieser synergistische Effekt verbessert nicht nur die Hautstruktur, sondern wirkt sich auch positiv auf tiefere Gewebeschichten und Gelenke aus und ist daher besonders f\u00fcr Menschen mit Gelenkproblemen und entz\u00fcndlichen Erkrankungen von Bedeutung.<\/p>\t\t\t\t\t\t\t\t<\/div>\n\t\t\t\t<\/div>\n\t\t\t\t<div class=\"elementor-element elementor-element-ec1a64c elementor-widget__width-initial elementor-widget elementor-widget-text-editor\" data-id=\"ec1a64c\" data-element_type=\"widget\" data-widget_type=\"text-editor.default\">\n\t\t\t\t<div class=\"elementor-widget-container\">\n\t\t\t\t\t\t\t\t\t<p>Die Kombination von Mineralsalzen aus dem Toten Meer mit fortschrittlicher Nanotechnologie erschlie\u00dft das Potenzial der Zellregeneration und tr\u00e4gt dazu bei, Zellprozesse zu einem j\u00fcngeren Zustand wiederherzustellen. F\u00fcr Therapeuten und Mediziner ist es unerl\u00e4sslich, innovative Ans\u00e4tze wie Nano CellCare zu nutzen. Diese basieren auf nat\u00fcrlichen Prinzipien, sind wissenschaftlich fundiert und bieten einen ganzheitlichen Ansatz f\u00fcr Gesundheit und Wohlbefinden.<\/p>\t\t\t\t\t\t\t\t<\/div>\n\t\t\t\t<\/div>\n\t\t\t\t<div class=\"elementor-element elementor-element-5dcdcb1 elementor-widget__width-initial elementor-widget elementor-widget-text-editor\" data-id=\"5dcdcb1\" data-element_type=\"widget\" data-widget_type=\"text-editor.default\">\n\t\t\t\t<div class=\"elementor-widget-container\">\n\t\t\t\t\t\t\t\t\t<p>Die Nano CellCare-Therapie ist eine erg\u00e4nzende, nicht-medizinische Behandlung, die unabh\u00e4ngig oder als Erg\u00e4nzung zu medizinischen, paramedizinischen und alternativen Therapien angewendet werden kann.<\/p>\t\t\t\t\t\t\t\t<\/div>\n\t\t\t\t<\/div>\n\t\t\t\t\t<\/div>\n\t\t\t\t<\/div>\n\t\t<div class=\"elementor-element elementor-element-af244f8 e-flex e-con-boxed e-con e-parent\" data-id=\"af244f8\" data-element_type=\"container\">\n\t\t\t\t\t<div class=\"e-con-inner\">\n\t\t\t\t<div class=\"elementor-element elementor-element-f423c85 elementor-widget elementor-widget-video\" data-id=\"f423c85\" data-element_type=\"widget\" data-settings=\"{&quot;youtube_url&quot;:&quot;https:\\\/\\\/www.youtube.com\\\/watch?v=i9_K52A3YLU&quot;,&quot;show_image_overlay&quot;:&quot;yes&quot;,&quot;image_overlay&quot;:{&quot;url&quot;:&quot;https:\\\/\\\/www.nanohealthcare.eu\\\/wp-content\\\/uploads\\\/2024\\\/11\\\/cellcare-video-afbeelding.png&quot;,&quot;id&quot;:1929,&quot;size&quot;:&quot;&quot;,&quot;alt&quot;:&quot;&quot;,&quot;source&quot;:&quot;library&quot;},&quot;video_type&quot;:&quot;youtube&quot;,&quot;controls&quot;:&quot;yes&quot;}\" data-widget_type=\"video.default\">\n\t\t\t\t<div class=\"elementor-widget-container\">\n\t\t\t\t\t\t\t<div class=\"elementor-wrapper elementor-open-inline\">\n\t\t\t<div class=\"elementor-video\"><\/div>\t\t\t\t<div class=\"elementor-custom-embed-image-overlay\" style=\"background-image: url(https:\/\/www.nanohealthcare.eu\/wp-content\/uploads\/2024\/11\/cellcare-video-afbeelding.png);\">\n\t\t\t\t\t\t\t\t\t\t\t\t\t\t\t\t<div class=\"elementor-custom-embed-play\" role=\"button\" aria-label=\"Video abspielen\" tabindex=\"0\" data-no-translation-aria-label=\"\">\n\t\t\t\t\t\t\t<svg aria-hidden=\"true\" class=\"e-font-icon-svg e-eicon-play\" viewbox=\"0 0 1000 1000\" xmlns=\"http:\/\/www.w3.org\/2000\/svg\"><path d=\"M838 162C746 71 633 25 500 25 371 25 258 71 163 162 71 254 25 367 25 500 25 633 71 746 163 837 254 929 367 979 500 979 633 979 746 933 838 837 929 746 975 633 975 500 975 367 929 254 838 162M808 192C892 279 933 379 933 500 933 621 892 725 808 808 725 892 621 938 500 938 379 938 279 896 196 808 113 725 67 621 67 500 67 379 108 279 196 192 279 108 383 62 500 62 621 62 721 108 808 192M438 392V642L642 517 438 392Z\"><\/path><\/svg>\t\t\t\t\t\t<\/div>\n\t\t\t\t\t\t\t\t\t<\/div>\n\t\t\t\t\t<\/div>\n\t\t\t\t\t\t<\/div>\n\t\t\t\t<\/div>\n\t\t\t\t\t<\/div>\n\t\t\t\t<\/div>\n\t\t<div class=\"elementor-element elementor-element-4db0f72 e-flex e-con-boxed e-con e-parent\" data-id=\"4db0f72\" data-element_type=\"container\" id=\"salt\">\n\t\t\t\t\t<div class=\"e-con-inner\">\n\t\t<div class=\"elementor-element elementor-element-77bf7b0 e-con-full e-flex e-con e-child\" data-id=\"77bf7b0\" data-element_type=\"container\">\n\t\t\t\t<div class=\"elementor-element elementor-element-f877758 elementor-widget__width-auto elementor-widget elementor-widget-text-editor\" data-id=\"f877758\" data-element_type=\"widget\" data-widget_type=\"text-editor.default\">\n\t\t\t\t<div class=\"elementor-widget-container\">\n\t\t\t\t\t\t\t\t\tNano-Kartuschen\t\t\t\t\t\t\t\t<\/div>\n\t\t\t\t<\/div>\n\t\t\t\t<div class=\"elementor-element elementor-element-4217c39 elementor-widget elementor-widget-text-editor\" data-id=\"4217c39\" data-element_type=\"widget\" data-widget_type=\"text-editor.default\">\n\t\t\t\t<div class=\"elementor-widget-container\">\n\t\t\t\t\t\t\t\t\tHyalurons\u00e4ure (HYA):\n\t\t\t\t\t\t\t\t<\/div>\n\t\t\t\t<\/div>\n\t\t\t\t<div class=\"elementor-element elementor-element-d395f2d elementor-widget__width-initial elementor-widget elementor-widget-text-editor\" data-id=\"d395f2d\" data-element_type=\"widget\" data-widget_type=\"text-editor.default\">\n\t\t\t\t<div class=\"elementor-widget-container\">\n\t\t\t\t\t\t\t\t\t<p>Mit dem zunehmenden Wissen \u00fcber die Rolle der Hyalurons\u00e4ure im K\u00f6rper und ihre Anwendung in der Nano CellCare-Therapie steht Komplement\u00e4r- und Alternativtherapeuten, Physiotherapeuten und \u00c4rzten nun eine solide wissenschaftliche Grundlage zur Verf\u00fcgung.<\/p><p>\u00a0<\/p><p>Die Kombination nat\u00fcrlicher Inhaltsstoffe mit unserer Nanotechnologie, wie sie das Nano CellCare System demonstriert, bietet vielversprechende Perspektiven f\u00fcr die Behandlung verschiedener Erkrankungen. Basierend auf langj\u00e4hriger praktischer Erfahrung und wissenschaftlicher Forschung stellt diese Therapie einen bedeutenden Schritt hin zu einem ganzheitlichen Ansatz f\u00fcr Gesundheit und Wohlbefinden dar.<\/p>\t\t\t\t\t\t\t\t<\/div>\n\t\t\t\t<\/div>\n\t\t\t\t<\/div>\n\t\t<div class=\"elementor-element elementor-element-44ca3ba e-con-full e-flex e-con e-child\" data-id=\"44ca3ba\" data-element_type=\"container\">\n\t\t\t\t<div class=\"elementor-element elementor-element-42bd2fa elementor-widget__width-auto elementor-widget elementor-widget-text-editor\" data-id=\"42bd2fa\" data-element_type=\"widget\" data-widget_type=\"text-editor.default\">\n\t\t\t\t<div class=\"elementor-widget-container\">\n\t\t\t\t\t\t\t\t\tNano-Kartuschen\t\t\t\t\t\t\t\t<\/div>\n\t\t\t\t<\/div>\n\t\t\t\t<div class=\"elementor-element elementor-element-9a7bd73 elementor-widget elementor-widget-text-editor\" data-id=\"9a7bd73\" data-element_type=\"widget\" data-widget_type=\"text-editor.default\">\n\t\t\t\t<div class=\"elementor-widget-container\">\n\t\t\t\t\t\t\t\t\t<p>Mineralsalze aus dem Toten Meer:<\/p>\t\t\t\t\t\t\t\t<\/div>\n\t\t\t\t<\/div>\n\t\t\t\t<div class=\"elementor-element elementor-element-be59f6c elementor-widget__width-initial elementor-widget elementor-widget-text-editor\" data-id=\"be59f6c\" data-element_type=\"widget\" data-widget_type=\"text-editor.default\">\n\t\t\t\t<div class=\"elementor-widget-container\">\n\t\t\t\t\t\t\t\t\t<p>Ein zentraler Bestandteil der Nano CellCare-Therapie ist die Verwendung von Mineralsalzen aus dem Toten Meer. Diese Salze sind reich an essentiellen Mineralien wie Magnesium, Kalzium, Kalium und Bromid. Wissenschaftliche Studien belegen, dass diese Mineralien eine wichtige Rolle bei zahlreichen biologischen Prozessen spielen, darunter Atmung, Muskelfunktion, Nervenleitung und Zellregeneration.<\/p><p>\u00a0<\/p><p>Die Nano CellCare-Therapie kombiniert nat\u00fcrliche Mineralien aus dem Toten Meer mit fortschrittlicher Nanotechnologie. Dies gew\u00e4hrleistet eine effektive und effiziente Aufnahme dieser essentiellen Mineralien auf Zellebene. Dies ist besonders wichtig, da die F\u00e4higkeit des K\u00f6rpers, Mineralien aus der Nahrung aufzunehmen, mit zunehmendem Alter nachl\u00e4sst.<\/p>\t\t\t\t\t\t\t\t<\/div>\n\t\t\t\t<\/div>\n\t\t\t\t<\/div>\n\t\t\t\t\t<\/div>\n\t\t\t\t<\/div>\n\t\t<div class=\"elementor-element elementor-element-96d5724 elementor-hidden-mobile e-flex e-con-boxed e-con e-parent\" data-id=\"96d5724\" data-element_type=\"container\" data-settings=\"{&quot;background_background&quot;:&quot;classic&quot;}\">\n\t\t\t\t\t<div class=\"e-con-inner\">\n\t\t<div class=\"elementor-element elementor-element-3e5de07 e-con-full e-flex e-con e-child\" data-id=\"3e5de07\" data-element_type=\"container\">\n\t\t\t\t<\/div>\n\t\t<div class=\"elementor-element elementor-element-354d633 e-con-full e-flex e-con e-child\" data-id=\"354d633\" data-element_type=\"container\" data-settings=\"{&quot;background_background&quot;:&quot;classic&quot;}\">\n\t\t\t\t<div class=\"elementor-element elementor-element-9547207 elementor-widget__width-initial elementor-widget elementor-widget-text-editor\" data-id=\"9547207\" data-element_type=\"widget\" data-widget_type=\"text-editor.default\">\n\t\t\t\t<div class=\"elementor-widget-container\">\n\t\t\t\t\t\t\t\t\tBody Plaza Europa\t\t\t\t\t\t\t\t<\/div>\n\t\t\t\t<\/div>\n\t\t\t\t<div class=\"elementor-element elementor-element-7b38cae elementor-widget__width-initial elementor-widget elementor-widget-text-editor\" data-id=\"7b38cae\" data-element_type=\"widget\" data-widget_type=\"text-editor.default\">\n\t\t\t\t<div class=\"elementor-widget-container\">\n\t\t\t\t\t\t\t\t\t<p>Body Plaza Europe ist ein dynamischer und innovativer Konzern in der Sch\u00f6nheits- und Gesundheitsbranche. Mit der revolution\u00e4ren und patentierten Produktlinie Nano CellCare.<\/p>\t\t\t\t\t\t\t\t<\/div>\n\t\t\t\t<\/div>\n\t\t<div class=\"elementor-element elementor-element-c900524 e-con-full e-flex e-con e-child\" data-id=\"c900524\" data-element_type=\"container\">\n\t\t\t\t<div class=\"elementor-element elementor-element-b35bf20 elementor-icon-list--layout-inline elementor-list-item-link-inline elementor-align-left elementor-widget__width-initial Zicon elementor-widget elementor-widget-icon-list\" data-id=\"b35bf20\" data-element_type=\"widget\" data-widget_type=\"icon-list.default\">\n\t\t\t\t<div class=\"elementor-widget-container\">\n\t\t\t\t\t\t\t<ul class=\"elementor-icon-list-items elementor-inline-items\">\n\t\t\t\t\t\t\t<li class=\"elementor-icon-list-item elementor-inline-item\">\n\t\t\t\t\t\t\t\t\t\t\t<a href=\"https:\/\/www.nanohealthcare.eu\/de\/contact\/\">\n\n\t\t\t\t\t\t\t\t\t\t\t<span class=\"elementor-icon-list-text\">Therapeuten finden<\/span>\n\t\t\t\t\t\t\t\t\t\t\t<\/a>\n\t\t\t\t\t\t\t\t\t<\/li>\n\t\t\t\t\t\t<\/ul>\n\t\t\t\t\t\t<\/div>\n\t\t\t\t<\/div>\n\t\t\t\t<div class=\"elementor-element elementor-element-649a4c3 elementor-icon-list--layout-inline elementor-list-item-link-inline elementor-align-left elementor-widget__width-initial Zicon elementor-widget elementor-widget-icon-list\" data-id=\"649a4c3\" data-element_type=\"widget\" data-widget_type=\"icon-list.default\">\n\t\t\t\t<div class=\"elementor-widget-container\">\n\t\t\t\t\t\t\t<ul class=\"elementor-icon-list-items elementor-inline-items\">\n\t\t\t\t\t\t\t<li class=\"elementor-icon-list-item elementor-inline-item\">\n\t\t\t\t\t\t\t\t\t\t\t<a href=\"https:\/\/www.nanohealthcare.eu\/de\/contact\/\">\n\n\t\t\t\t\t\t\t\t\t\t\t<span class=\"elementor-icon-list-text\">Partner werden<\/span>\n\t\t\t\t\t\t\t\t\t\t\t<\/a>\n\t\t\t\t\t\t\t\t\t<\/li>\n\t\t\t\t\t\t<\/ul>\n\t\t\t\t\t\t<\/div>\n\t\t\t\t<\/div>\n\t\t\t\t<\/div>\n\t\t\t\t<div class=\"elementor-element elementor-element-5bf9cf1 elementor-align-left elementor-widget elementor-widget-button\" data-id=\"5bf9cf1\" data-element_type=\"widget\" data-widget_type=\"button.default\">\n\t\t\t\t<div class=\"elementor-widget-container\">\n\t\t\t\t\t\t\t\t\t<div class=\"elementor-button-wrapper\">\n\t\t\t\t\t<a class=\"elementor-button elementor-button-link elementor-size-sm\" href=\"https:\/\/www.nanohealthcare.eu\/de\/\">\n\t\t\t\t\t\t<span class=\"elementor-button-content-wrapper\">\n\t\t\t\t\t\t\t\t\t<span class=\"elementor-button-text\">Mehr \u00fcber uns<\/span>\n\t\t\t\t\t<\/span>\n\t\t\t\t\t<\/a>\n\t\t\t\t<\/div>\n\t\t\t\t\t\t\t\t<\/div>\n\t\t\t\t<\/div>\n\t\t\t\t<\/div>\n\t\t\t\t\t<\/div>\n\t\t\t\t<\/div>\n\t\t\t\t<\/div>","protected":false},"excerpt":{"rendered":"<p>Nano Cellcare Mit Nano Healthcare ist es jetzt m\u00f6glich, ges\u00fcnder und vitaler zu bleiben. Trotzen Sie der Zeit, f\u00fchlen Sie sich fitter und strahlen Sie [\u2026]<\/p>","protected":false},"author":1,"featured_media":0,"parent":0,"menu_order":0,"comment_status":"closed","ping_status":"closed","template":"","meta":{"_acf_changed":false,"site-sidebar-layout":"no-sidebar","site-content-layout":"","ast-site-content-layout":"full-width-container","site-content-style":"default","site-sidebar-style":"default","ast-global-header-display":"","ast-banner-title-visibility":"","ast-main-header-display":"","ast-hfb-above-header-display":"","ast-hfb-below-header-display":"","ast-hfb-mobile-header-display":"","site-post-title":"disabled","ast-breadcrumbs-content":"","ast-featured-img":"disabled","footer-sml-layout":"","theme-transparent-header-meta":"","adv-header-id-meta":"","stick-header-meta":"","header-above-stick-meta":"","header-main-stick-meta":"","header-below-stick-meta":"","astra-migrate-meta-layouts":"default","ast-page-background-enabled":"default","ast-page-background-meta":{"desktop":{"background-color":"var(--ast-global-color-5)","background-image":"","background-repeat":"repeat","background-position":"center center","background-size":"auto","background-attachment":"scroll","background-type":"","background-media":"","overlay-type":"","overlay-color":"","overlay-opacity":"","overlay-gradient":""},"tablet":{"background-color":"","background-image":"","background-repeat":"repeat","background-position":"center center","background-size":"auto","background-attachment":"scroll","background-type":"","background-media":"","overlay-type":"","overlay-color":"","overlay-opacity":"","overlay-gradient":""},"mobile":{"background-color":"","background-image":"","background-repeat":"repeat","background-position":"center center","background-size":"auto","background-attachment":"scroll","background-type":"","background-media":"","overlay-type":"","overlay-color":"","overlay-opacity":"","overlay-gradient":""}},"ast-content-background-meta":{"desktop":{"background-color":"var(--ast-global-color-4)","background-image":"","background-repeat":"repeat","background-position":"center center","background-size":"auto","background-attachment":"scroll","background-type":"","background-media":"","overlay-type":"","overlay-color":"","overlay-opacity":"","overlay-gradient":""},"tablet":{"background-color":"var(--ast-global-color-4)","background-image":"","background-repeat":"repeat","background-position":"center center","background-size":"auto","background-attachment":"scroll","background-type":"","background-media":"","overlay-type":"","overlay-color":"","overlay-opacity":"","overlay-gradient":""},"mobile":{"background-color":"var(--ast-global-color-4)","background-image":"","background-repeat":"repeat","background-position":"center center","background-size":"auto","background-attachment":"scroll","background-type":"","background-media":"","overlay-type":"","overlay-color":"","overlay-opacity":"","overlay-gradient":""}},"footnotes":""},"class_list":["post-634","page","type-page","status-publish","hentry"],"acf":[],"_links":{"self":[{"href":"https:\/\/www.nanohealthcare.eu\/de\/wp-json\/wp\/v2\/pages\/634","targetHints":{"allow":["GET"]}}],"collection":[{"href":"https:\/\/www.nanohealthcare.eu\/de\/wp-json\/wp\/v2\/pages"}],"about":[{"href":"https:\/\/www.nanohealthcare.eu\/de\/wp-json\/wp\/v2\/types\/page"}],"author":[{"embeddable":true,"href":"https:\/\/www.nanohealthcare.eu\/de\/wp-json\/wp\/v2\/users\/1"}],"replies":[{"embeddable":true,"href":"https:\/\/www.nanohealthcare.eu\/de\/wp-json\/wp\/v2\/comments?post=634"}],"version-history":[{"count":30,"href":"https:\/\/www.nanohealthcare.eu\/de\/wp-json\/wp\/v2\/pages\/634\/revisions"}],"predecessor-version":[{"id":3714,"href":"https:\/\/www.nanohealthcare.eu\/de\/wp-json\/wp\/v2\/pages\/634\/revisions\/3714"}],"wp:attachment":[{"href":"https:\/\/www.nanohealthcare.eu\/de\/wp-json\/wp\/v2\/media?parent=634"}],"curies":[{"name":"wp","href":"https:\/\/api.w.org\/{rel}","templated":true}]}}