{"id":242,"date":"2024-06-28T18:01:44","date_gmt":"2024-06-28T18:01:44","guid":{"rendered":"https:\/\/healthcare-plaza.eu\/?page_id=242"},"modified":"2025-09-23T06:29:22","modified_gmt":"2025-09-23T06:29:22","slug":"about","status":"publish","type":"page","link":"https:\/\/www.nanohealthcare.eu\/de\/about\/","title":{"rendered":"Um"},"content":{"rendered":"<div data-elementor-type=\"wp-page\" data-elementor-id=\"242\" class=\"elementor elementor-242\" data-elementor-post-type=\"page\">\n\t\t\t\t<div class=\"elementor-element elementor-element-9e56554 e-flex e-con-boxed e-con e-parent\" data-id=\"9e56554\" data-element_type=\"container\" data-settings=\"{&quot;background_background&quot;:&quot;classic&quot;}\">\n\t\t\t\t\t<div class=\"e-con-inner\">\n\t\t\t\t<div class=\"elementor-element elementor-element-a2892d8 elementor-widget elementor-widget-heading\" data-id=\"a2892d8\" data-element_type=\"widget\" data-widget_type=\"heading.default\">\n\t\t\t\t<div class=\"elementor-widget-container\">\n\t\t\t\t\t<h1 class=\"elementor-heading-title elementor-size-default\">\u00dcBER NANO HEALTHCARE\n<\/h1>\t\t\t\t<\/div>\n\t\t\t\t<\/div>\n\t\t\t\t<div class=\"elementor-element elementor-element-8ff2b16 elementor-widget__width-initial elementor-widget elementor-widget-text-editor\" data-id=\"8ff2b16\" data-element_type=\"widget\" data-widget_type=\"text-editor.default\">\n\t\t\t\t<div class=\"elementor-widget-container\">\n\t\t\t\t\t\t\t\t\tMit Nano Healthcare ist es jetzt wirklich m\u00f6glich, ges\u00fcnder und vitaler j\u00fcnger zu bleiben. Stellen Sie sich der Zeit, f\u00fchlen Sie sich fitter und strahlen Sie wieder wie vor Jahren.\n\t\t\t\t\t\t\t\t<\/div>\n\t\t\t\t<\/div>\n\t\t\t\t\t<\/div>\n\t\t\t\t<\/div>\n\t\t<div class=\"elementor-element elementor-element-855a61c e-flex e-con-boxed e-con e-parent\" data-id=\"855a61c\" data-element_type=\"container\">\n\t\t\t\t\t<div class=\"e-con-inner\">\n\t\t<div class=\"elementor-element elementor-element-25c55f7 e-con-full e-flex e-con e-child\" data-id=\"25c55f7\" data-element_type=\"container\">\n\t\t\t\t<div class=\"elementor-element elementor-element-8698f98 elementor-widget__width-auto elementor-widget elementor-widget-text-editor\" data-id=\"8698f98\" data-element_type=\"widget\" data-widget_type=\"text-editor.default\">\n\t\t\t\t<div class=\"elementor-widget-container\">\n\t\t\t\t\t\t\t\t\tNano-Zellpflege\t\t\t\t\t\t\t\t<\/div>\n\t\t\t\t<\/div>\n\t\t\t\t<div class=\"elementor-element elementor-element-da021b8 elementor-widget elementor-widget-text-editor\" data-id=\"da021b8\" data-element_type=\"widget\" data-widget_type=\"text-editor.default\">\n\t\t\t\t<div class=\"elementor-widget-container\">\n\t\t\t\t\t\t\t\t\t<p>Wohin kannst du gehen?<\/p>\t\t\t\t\t\t\t\t<\/div>\n\t\t\t\t<\/div>\n\t\t\t\t<div class=\"elementor-element elementor-element-72f746b elementor-widget__width-initial elementor-widget elementor-widget-text-editor\" data-id=\"72f746b\" data-element_type=\"widget\" data-widget_type=\"text-editor.default\">\n\t\t\t\t<div class=\"elementor-widget-container\">\n\t\t\t\t\t\t\t\t\t<p>Die Nano CellCare Therapie ist in den Bereichen Gesundheit &amp; Sport sowie Sch\u00f6nheit &amp; Wellness verf\u00fcgbar. Sie k\u00f6nnen verschiedene zertifizierte Nano CellCare Therapeuten in ganz Europa aufsuchen, von Hautspezialisten \u00fcber (Sport-)Physiotherapeuten bis hin zu Sch\u00f6nheitskliniken, Naturheilkundlern und orthomolekularen Therapeuten.<\/p>\t\t\t\t\t\t\t\t<\/div>\n\t\t\t\t<\/div>\n\t\t\t\t<\/div>\n\t\t<div class=\"elementor-element elementor-element-906cd0c e-con-full e-flex e-con e-child\" data-id=\"906cd0c\" data-element_type=\"container\">\n\t\t\t\t<div class=\"elementor-element elementor-element-a611ac6 elementor-widget__width-auto elementor-widget elementor-widget-text-editor\" data-id=\"a611ac6\" data-element_type=\"widget\" data-widget_type=\"text-editor.default\">\n\t\t\t\t<div class=\"elementor-widget-container\">\n\t\t\t\t\t\t\t\t\tNano-Zellpflege\t\t\t\t\t\t\t\t<\/div>\n\t\t\t\t<\/div>\n\t\t\t\t<div class=\"elementor-element elementor-element-33f1e60 elementor-widget elementor-widget-text-editor\" data-id=\"33f1e60\" data-element_type=\"widget\" data-widget_type=\"text-editor.default\">\n\t\t\t\t<div class=\"elementor-widget-container\">\n\t\t\t\t\t\t\t\t\t<h3>Wie funktioniert die Nano CellCare-Therapie?<\/h3>\t\t\t\t\t\t\t\t<\/div>\n\t\t\t\t<\/div>\n\t\t\t\t<div class=\"elementor-element elementor-element-0d0e7d3 elementor-widget__width-initial elementor-widget elementor-widget-text-editor\" data-id=\"0d0e7d3\" data-element_type=\"widget\" data-widget_type=\"text-editor.default\">\n\t\t\t\t<div class=\"elementor-widget-container\">\n\t\t\t\t\t\t\t\t\t<p>Im Bereich der Komplement\u00e4r- und Alternativtherapien stellt Nano CellCare eine bemerkenswerte Innovation dar, die auf der bahnbrechenden Forschung von Dr. Professor Andreas Zimmer und seinem Team an der Universit\u00e4t Graz in \u00d6sterreich beruht.<\/p><p>Bei dieser Therapie kommen fl\u00fcssige Nanopartikel mit einer durchschnittlichen Gr\u00f6\u00dfe zwischen 100 und 800 nm zum Einsatz, die \u00fcber die Haut und durch Inhalation vom K\u00f6rper aufgenommen werden k\u00f6nnen. M\u00f6glich wird dies durch das Nano CellCare-System, das auf einer einzigartigen, in Deutschland patentierten Nanotechnologie basiert.<\/p><p>Das System produziert nicht nur negativ geladene Fl\u00fcssigkeit (im Gegensatz zu unserem positiv geladenen K\u00f6rper), sondern vernebelt die Nanopartikel auch mit hoher Geschwindigkeit, wodurch ihre Aufnahme durch die Haut deutlich verbessert wird.<\/p>\t\t\t\t\t\t\t\t<\/div>\n\t\t\t\t<\/div>\n\t\t\t\t<\/div>\n\t\t\t\t\t<\/div>\n\t\t\t\t<\/div>\n\t\t<div class=\"elementor-element elementor-element-a1cf940 e-flex e-con-boxed e-con e-parent\" data-id=\"a1cf940\" data-element_type=\"container\">\n\t\t\t\t\t<div class=\"e-con-inner\">\n\t\t\t\t<div class=\"elementor-element elementor-element-85e0441 elementor-widget elementor-widget-video\" data-id=\"85e0441\" data-element_type=\"widget\" data-settings=\"{&quot;youtube_url&quot;:&quot;https:\\\/\\\/www.youtube.com\\\/watch?v=XHOmBV4js_E&quot;,&quot;show_image_overlay&quot;:&quot;yes&quot;,&quot;image_overlay&quot;:{&quot;url&quot;:&quot;https:\\\/\\\/www.nanohealthcare.eu\\\/wp-content\\\/uploads\\\/2024\\\/06\\\/Image.jpg&quot;,&quot;id&quot;:313,&quot;size&quot;:&quot;&quot;,&quot;alt&quot;:&quot;&quot;,&quot;source&quot;:&quot;library&quot;},&quot;lazy_load&quot;:&quot;yes&quot;,&quot;video_type&quot;:&quot;youtube&quot;,&quot;controls&quot;:&quot;yes&quot;}\" data-widget_type=\"video.default\">\n\t\t\t\t<div class=\"elementor-widget-container\">\n\t\t\t\t\t\t\t<div class=\"elementor-wrapper elementor-open-inline\">\n\t\t\t<div class=\"elementor-video\"><\/div>\t\t\t\t<div class=\"elementor-custom-embed-image-overlay\" style=\"background-image: url(https:\/\/www.nanohealthcare.eu\/wp-content\/uploads\/2024\/06\/Image.jpg);\">\n\t\t\t\t\t\t\t\t\t\t\t\t\t\t\t\t<div class=\"elementor-custom-embed-play\" role=\"button\" aria-label=\"Video abspielen\" tabindex=\"0\">\n\t\t\t\t\t\t\t<svg aria-hidden=\"true\" class=\"e-font-icon-svg e-fas-play-circle\" viewbox=\"0 0 512 512\" xmlns=\"http:\/\/www.w3.org\/2000\/svg\"><path d=\"M256 8C119 8 8 119 8 256s111 248 248 248 248-111 248-248S393 8 256 8zm115.7 272l-176 101c-15.8 8.8-35.7-2.5-35.7-21V152c0-18.4 19.8-29.8 35.7-21l176 107c16.4 9.2 16.4 32.9 0 42z\"><\/path><\/svg>\t\t\t\t\t\t<\/div>\n\t\t\t\t\t\t\t\t\t<\/div>\n\t\t\t\t\t<\/div>\n\t\t\t\t\t\t<\/div>\n\t\t\t\t<\/div>\n\t\t\t\t\t<\/div>\n\t\t\t\t<\/div>\n\t\t<div class=\"elementor-element elementor-element-ed423cc e-flex e-con-boxed e-con e-parent\" data-id=\"ed423cc\" data-element_type=\"container\">\n\t\t\t\t\t<div class=\"e-con-inner\">\n\t\t\t\t<div class=\"elementor-element elementor-element-b693f86 elementor-widget__width-auto elementor-widget elementor-widget-text-editor\" data-id=\"b693f86\" data-element_type=\"widget\" data-widget_type=\"text-editor.default\">\n\t\t\t\t<div class=\"elementor-widget-container\">\n\t\t\t\t\t\t\t\t\tNano-Zellpflege\t\t\t\t\t\t\t\t<\/div>\n\t\t\t\t<\/div>\n\t\t\t\t<div class=\"elementor-element elementor-element-2f2344d elementor-widget elementor-widget-text-editor\" data-id=\"2f2344d\" data-element_type=\"widget\" data-widget_type=\"text-editor.default\">\n\t\t\t\t<div class=\"elementor-widget-container\">\n\t\t\t\t\t\t\t\t\t<h3>Kombination aus nat\u00fcrlichen Inhaltsstoffen und Nanotechnologie<\/h3>\t\t\t\t\t\t\t\t<\/div>\n\t\t\t\t<\/div>\n\t\t\t\t<div class=\"elementor-element elementor-element-c1c31ad elementor-widget__width-initial elementor-widget elementor-widget-text-editor\" data-id=\"c1c31ad\" data-element_type=\"widget\" data-widget_type=\"text-editor.default\">\n\t\t\t\t<div class=\"elementor-widget-container\">\n\t\t\t\t\t\t\t\t\t<p>Eines der bemerkenswerten Merkmale der Nano CellCare Therapie ist die intelligente Kombination von Hyalurons\u00e4ure mit den produzierten Nanopartikeln. Hyalurons\u00e4ure, eine nat\u00fcrlich vorkommende Substanz im K\u00f6rper mit nachgewiesenen regenerativen Eigenschaften, wirkt als starker Verb\u00fcndeter bei der Regeneration auf Zellebene.<\/p><p>Die erg\u00e4nzende Wirkung der Hyalurons\u00e4ure in fl\u00fcssigen Nanopartikeln unterst\u00fctzt nicht nur die Verbesserung der Hautstruktur, sondern kann auch tiefere Gewebe und Gelenke beeinflussen, was sie besonders wertvoll f\u00fcr Patienten mit Gelenkproblemen und entz\u00fcndlichen Erkrankungen macht.<\/p>\t\t\t\t\t\t\t\t<\/div>\n\t\t\t\t<\/div>\n\t\t\t\t<div class=\"elementor-element elementor-element-cb2501e elementor-widget__width-initial elementor-widget elementor-widget-text-editor\" data-id=\"cb2501e\" data-element_type=\"widget\" data-widget_type=\"text-editor.default\">\n\t\t\t\t<div class=\"elementor-widget-container\">\n\t\t\t\t\t\t\t\t\t<p>Die Mischung aus Mineralien aus Salz aus dem Toten Meer und fortschrittlicher Nanotechnologie ebnet den Weg f\u00fcr die Zellregeneration und kann dazu beitragen, die Zellprozesse in den Zustand einer j\u00fcngeren Lebensphase zur\u00fcckzusetzen.<\/p><p>F\u00fcr Therapeuten und \u00c4rzte ist es von entscheidender Bedeutung, innovative Ans\u00e4tze wie Nano CellCare zu verfolgen, die nicht nur auf nat\u00fcrlichen Prinzipien beruhen, sondern auch weitgehend durch wissenschaftliche Forschung unterst\u00fctzt werden und einen ganzheitlichen Ansatz f\u00fcr die Gesundheit und das Wohlbefinden ihrer Patienten bieten.<\/p>\t\t\t\t\t\t\t\t<\/div>\n\t\t\t\t<\/div>\n\t\t\t\t\t<\/div>\n\t\t\t\t<\/div>\n\t\t<div class=\"elementor-element elementor-element-2b60e247 elementor-hidden-mobile e-flex e-con-boxed e-con e-parent\" data-id=\"2b60e247\" data-element_type=\"container\" data-settings=\"{&quot;background_background&quot;:&quot;classic&quot;}\">\n\t\t\t\t\t<div class=\"e-con-inner\">\n\t\t<div class=\"elementor-element elementor-element-631232ad e-con-full e-flex e-con e-child\" data-id=\"631232ad\" data-element_type=\"container\">\n\t\t\t\t<\/div>\n\t\t<div class=\"elementor-element elementor-element-b5f786c e-con-full e-flex e-con e-child\" data-id=\"b5f786c\" data-element_type=\"container\" data-settings=\"{&quot;background_background&quot;:&quot;classic&quot;}\">\n\t\t\t\t<div class=\"elementor-element elementor-element-2b578015 elementor-widget__width-initial elementor-widget elementor-widget-text-editor\" data-id=\"2b578015\" data-element_type=\"widget\" data-widget_type=\"text-editor.default\">\n\t\t\t\t<div class=\"elementor-widget-container\">\n\t\t\t\t\t\t\t\t\tBody Plaza Europa\t\t\t\t\t\t\t\t<\/div>\n\t\t\t\t<\/div>\n\t\t\t\t<div class=\"elementor-element elementor-element-422c3ead elementor-widget__width-initial elementor-widget elementor-widget-text-editor\" data-id=\"422c3ead\" data-element_type=\"widget\" data-widget_type=\"text-editor.default\">\n\t\t\t\t<div class=\"elementor-widget-container\">\n\t\t\t\t\t\t\t\t\t<p>Body Plaza Europe ist ein dynamischer und innovativer Konzern in der Sch\u00f6nheits- und Gesundheitsbranche. Mit der revolution\u00e4ren und patentierten Produktlinie Nano CellCare.<\/p>\t\t\t\t\t\t\t\t<\/div>\n\t\t\t\t<\/div>\n\t\t<div class=\"elementor-element elementor-element-3a37a6ca e-con-full e-flex e-con e-child\" data-id=\"3a37a6ca\" data-element_type=\"container\">\n\t\t\t\t<div class=\"elementor-element elementor-element-340eb01d elementor-icon-list--layout-inline elementor-list-item-link-inline elementor-align-left elementor-widget__width-initial Zicon elementor-widget elementor-widget-icon-list\" data-id=\"340eb01d\" data-element_type=\"widget\" data-widget_type=\"icon-list.default\">\n\t\t\t\t<div class=\"elementor-widget-container\">\n\t\t\t\t\t\t\t<ul class=\"elementor-icon-list-items elementor-inline-items\">\n\t\t\t\t\t\t\t<li class=\"elementor-icon-list-item elementor-inline-item\">\n\t\t\t\t\t\t\t\t\t\t\t<a href=\"https:\/\/www.nanohealthcare.eu\/de\/locator\/\">\n\n\t\t\t\t\t\t\t\t\t\t\t<span class=\"elementor-icon-list-text\">Therapeuten finden<\/span>\n\t\t\t\t\t\t\t\t\t\t\t<\/a>\n\t\t\t\t\t\t\t\t\t<\/li>\n\t\t\t\t\t\t<\/ul>\n\t\t\t\t\t\t<\/div>\n\t\t\t\t<\/div>\n\t\t\t\t<div class=\"elementor-element elementor-element-61e8d2bf elementor-icon-list--layout-inline elementor-list-item-link-inline elementor-align-left elementor-widget__width-initial Zicon elementor-widget elementor-widget-icon-list\" data-id=\"61e8d2bf\" data-element_type=\"widget\" data-widget_type=\"icon-list.default\">\n\t\t\t\t<div class=\"elementor-widget-container\">\n\t\t\t\t\t\t\t<ul class=\"elementor-icon-list-items elementor-inline-items\">\n\t\t\t\t\t\t\t<li class=\"elementor-icon-list-item elementor-inline-item\">\n\t\t\t\t\t\t\t\t\t\t\t<a href=\"https:\/\/www.nanocellcaretherapy.com\/\" target=\"_blank\" rel=\"noopener\">\n\n\t\t\t\t\t\t\t\t\t\t\t<span class=\"elementor-icon-list-text\">Partner werden<\/span>\n\t\t\t\t\t\t\t\t\t\t\t<\/a>\n\t\t\t\t\t\t\t\t\t<\/li>\n\t\t\t\t\t\t<\/ul>\n\t\t\t\t\t\t<\/div>\n\t\t\t\t<\/div>\n\t\t\t\t<\/div>\n\t\t\t\t<div class=\"elementor-element elementor-element-7cb0dfd8 elementor-align-left elementor-widget elementor-widget-button\" data-id=\"7cb0dfd8\" data-element_type=\"widget\" data-widget_type=\"button.default\">\n\t\t\t\t<div class=\"elementor-widget-container\">\n\t\t\t\t\t\t\t\t\t<div class=\"elementor-button-wrapper\">\n\t\t\t\t\t<a class=\"elementor-button elementor-button-link elementor-size-sm\" href=\"https:\/\/www.nanohealthcare.eu\/de\/\">\n\t\t\t\t\t\t<span class=\"elementor-button-content-wrapper\">\n\t\t\t\t\t\t\t\t\t<span class=\"elementor-button-text\">Mehr \u00fcber uns<\/span>\n\t\t\t\t\t<\/span>\n\t\t\t\t\t<\/a>\n\t\t\t\t<\/div>\n\t\t\t\t\t\t\t\t<\/div>\n\t\t\t\t<\/div>\n\t\t\t\t<\/div>\n\t\t\t\t\t<\/div>\n\t\t\t\t<\/div>\n\t\t\t\t<\/div>","protected":false},"excerpt":{"rendered":"<p>\u00dcBER NANO HEALTHCARE Mit Nano Healthcare wird ein ges\u00fcnderes und vitaleres Leben jetzt Wirklichkeit. Vergleichen Sie einfach mit [\u2026]<\/p>","protected":false},"author":1,"featured_media":0,"parent":0,"menu_order":0,"comment_status":"closed","ping_status":"closed","template":"","meta":{"_acf_changed":false,"site-sidebar-layout":"no-sidebar","site-content-layout":"","ast-site-content-layout":"full-width-container","site-content-style":"default","site-sidebar-style":"default","ast-global-header-display":"","ast-banner-title-visibility":"","ast-main-header-display":"","ast-hfb-above-header-display":"","ast-hfb-below-header-display":"","ast-hfb-mobile-header-display":"","site-post-title":"disabled","ast-breadcrumbs-content":"","ast-featured-img":"disabled","footer-sml-layout":"","theme-transparent-header-meta":"","adv-header-id-meta":"","stick-header-meta":"","header-above-stick-meta":"","header-main-stick-meta":"","header-below-stick-meta":"","astra-migrate-meta-layouts":"default","ast-page-background-enabled":"default","ast-page-background-meta":{"desktop":{"background-color":"var(--ast-global-color-5)","background-image":"","background-repeat":"repeat","background-position":"center center","background-size":"auto","background-attachment":"scroll","background-type":"","background-media":"","overlay-type":"","overlay-color":"","overlay-opacity":"","overlay-gradient":""},"tablet":{"background-color":"","background-image":"","background-repeat":"repeat","background-position":"center center","background-size":"auto","background-attachment":"scroll","background-type":"","background-media":"","overlay-type":"","overlay-color":"","overlay-opacity":"","overlay-gradient":""},"mobile":{"background-color":"","background-image":"","background-repeat":"repeat","background-position":"center center","background-size":"auto","background-attachment":"scroll","background-type":"","background-media":"","overlay-type":"","overlay-color":"","overlay-opacity":"","overlay-gradient":""}},"ast-content-background-meta":{"desktop":{"background-color":"var(--ast-global-color-4)","background-image":"","background-repeat":"repeat","background-position":"center center","background-size":"auto","background-attachment":"scroll","background-type":"","background-media":"","overlay-type":"","overlay-color":"","overlay-opacity":"","overlay-gradient":""},"tablet":{"background-color":"var(--ast-global-color-4)","background-image":"","background-repeat":"repeat","background-position":"center center","background-size":"auto","background-attachment":"scroll","background-type":"","background-media":"","overlay-type":"","overlay-color":"","overlay-opacity":"","overlay-gradient":""},"mobile":{"background-color":"var(--ast-global-color-4)","background-image":"","background-repeat":"repeat","background-position":"center center","background-size":"auto","background-attachment":"scroll","background-type":"","background-media":"","overlay-type":"","overlay-color":"","overlay-opacity":"","overlay-gradient":""}},"footnotes":""},"class_list":["post-242","page","type-page","status-publish","hentry"],"acf":[],"_links":{"self":[{"href":"https:\/\/www.nanohealthcare.eu\/de\/wp-json\/wp\/v2\/pages\/242","targetHints":{"allow":["GET"]}}],"collection":[{"href":"https:\/\/www.nanohealthcare.eu\/de\/wp-json\/wp\/v2\/pages"}],"about":[{"href":"https:\/\/www.nanohealthcare.eu\/de\/wp-json\/wp\/v2\/types\/page"}],"author":[{"embeddable":true,"href":"https:\/\/www.nanohealthcare.eu\/de\/wp-json\/wp\/v2\/users\/1"}],"replies":[{"embeddable":true,"href":"https:\/\/www.nanohealthcare.eu\/de\/wp-json\/wp\/v2\/comments?post=242"}],"version-history":[{"count":15,"href":"https:\/\/www.nanohealthcare.eu\/de\/wp-json\/wp\/v2\/pages\/242\/revisions"}],"predecessor-version":[{"id":3726,"href":"https:\/\/www.nanohealthcare.eu\/de\/wp-json\/wp\/v2\/pages\/242\/revisions\/3726"}],"wp:attachment":[{"href":"https:\/\/www.nanohealthcare.eu\/de\/wp-json\/wp\/v2\/media?parent=242"}],"curies":[{"name":"wp","href":"https:\/\/api.w.org\/{rel}","templated":true}]}}