{"id":2217,"date":"2024-12-03T11:53:16","date_gmt":"2024-12-03T11:53:16","guid":{"rendered":"https:\/\/healthcare-plaza.eu\/?page_id=2217"},"modified":"2025-09-23T06:29:48","modified_gmt":"2025-09-23T06:29:48","slug":"partners","status":"publish","type":"page","link":"https:\/\/www.nanohealthcare.eu\/de\/partners\/","title":{"rendered":"Partner-Angebote"},"content":{"rendered":"<div data-elementor-type=\"wp-page\" data-elementor-id=\"2217\" class=\"elementor elementor-2217\" data-elementor-post-type=\"page\">\n\t\t\t\t<div class=\"elementor-element elementor-element-0ddbb3e e-flex e-con-boxed e-con e-parent\" data-id=\"0ddbb3e\" data-element_type=\"container\" data-settings=\"{&quot;background_background&quot;:&quot;classic&quot;}\">\n\t\t\t\t\t<div class=\"e-con-inner\">\n\t\t\t\t<div class=\"elementor-element elementor-element-620e468 elementor-widget-mobile__width-initial elementor-widget elementor-widget-heading\" data-id=\"620e468\" data-element_type=\"widget\" data-widget_type=\"heading.default\">\n\t\t\t\t<div class=\"elementor-widget-container\">\n\t\t\t\t\t<h1 class=\"elementor-heading-title elementor-size-default\">Partner-Angebote<\/h1>\t\t\t\t<\/div>\n\t\t\t\t<\/div>\n\t\t\t\t<div class=\"elementor-element elementor-element-7764923 elementor-widget__width-initial elementor-widget elementor-widget-text-editor\" data-id=\"7764923\" data-element_type=\"widget\" data-widget_type=\"text-editor.default\">\n\t\t\t\t<div class=\"elementor-widget-container\">\n\t\t\t\t\t\t\t\t\t<p>Ihren jeweiligen Nano CellCare Therapeuten finden Sie \u00fcber die\u00a0<strong><a href=\"https:\/\/www.nanohealthcare.eu\/de\/locator\/\">Behandlungsfinder<\/a>. <\/strong>M\u00f6chten Sie Partner werden? F\u00fcllen Sie das Formular auf unserer Kontaktseite aus oder rufen Sie an <strong>+31 297 74 35 72<\/strong> f\u00fcr weitere Informationen.<\/p>\t\t\t\t\t\t\t\t<\/div>\n\t\t\t\t<\/div>\n\t\t\t\t\t<\/div>\n\t\t\t\t<\/div>\n\t\t<div class=\"elementor-element elementor-element-9d2c889 e-flex e-con-boxed e-con e-parent\" data-id=\"9d2c889\" data-element_type=\"container\">\n\t\t\t\t\t<div class=\"e-con-inner\">\n\t\t\t\t<div class=\"elementor-element elementor-element-4dafff0 elementor-posts--align-left elementor-grid-3 elementor-grid-tablet-2 elementor-grid-mobile-1 elementor-posts--thumbnail-top elementor-widget elementor-widget-posts\" data-id=\"4dafff0\" data-element_type=\"widget\" data-settings=\"{&quot;pagination_type&quot;:&quot;numbers&quot;,&quot;classic_columns&quot;:&quot;3&quot;,&quot;classic_columns_tablet&quot;:&quot;2&quot;,&quot;classic_columns_mobile&quot;:&quot;1&quot;,&quot;classic_row_gap&quot;:{&quot;unit&quot;:&quot;px&quot;,&quot;size&quot;:35,&quot;sizes&quot;:[]},&quot;classic_row_gap_tablet&quot;:{&quot;unit&quot;:&quot;px&quot;,&quot;size&quot;:&quot;&quot;,&quot;sizes&quot;:[]},&quot;classic_row_gap_mobile&quot;:{&quot;unit&quot;:&quot;px&quot;,&quot;size&quot;:&quot;&quot;,&quot;sizes&quot;:[]}}\" data-widget_type=\"posts.classic\">\n\t\t\t\t<div class=\"elementor-widget-container\">\n\t\t\t\t\t\t\t<div class=\"elementor-posts-container elementor-posts elementor-posts--skin-classic elementor-grid\">\n\t\t\t\t<article class=\"elementor-post elementor-grid-item post-2377 partnerss type-partnerss status-publish format-standard has-post-thumbnail hentry\">\n\t\t\t\t<a class=\"elementor-post__thumbnail__link\" href=\"https:\/\/www.nanohealthcare.eu\/de\/partnerss\/praktijk-hayo-bol\/\" tabindex=\"-1\">\n\t\t\t<div class=\"elementor-post__thumbnail\"><img fetchpriority=\"high\" decoding=\"async\" width=\"915\" height=\"610\" src=\"https:\/\/www.nanohealthcare.eu\/wp-content\/uploads\/2024\/12\/over-IMC-pic2.jpg\" class=\"attachment-full size-full wp-image-2379\" alt=\"\" srcset=\"https:\/\/www.nanohealthcare.eu\/wp-content\/uploads\/2024\/12\/over-IMC-pic2.jpg 915w, https:\/\/www.nanohealthcare.eu\/wp-content\/uploads\/2024\/12\/over-IMC-pic2-300x200.jpg 300w, https:\/\/www.nanohealthcare.eu\/wp-content\/uploads\/2024\/12\/over-IMC-pic2-768x512.jpg 768w, https:\/\/www.nanohealthcare.eu\/wp-content\/uploads\/2024\/12\/over-IMC-pic2-18x12.jpg 18w\" sizes=\"(max-width: 915px) 100vw, 915px\" \/><\/div>\n\t\t<\/a>\n\t\t\t\t<div class=\"elementor-post__text\">\n\t\t\t\t<h3 class=\"elementor-post__title\">\n\t\t\t<a href=\"https:\/\/www.nanohealthcare.eu\/de\/partnerss\/praktijk-hayo-bol\/\">\n\t\t\t\tPraktijk Hayo Bol\t\t\t<\/a>\n\t\t<\/h3>\n\t\t\t\t<div class=\"elementor-post__excerpt\">\n\t\t\t<p>Praktijk Hayo Bol Praktijk Hayo Bol Das PraktijkDe Praktijk von Hayo Bol ist in Friese Joure zu finden. Tweewekelijks ist ebenfalls im Integraal Medisch Centrum van Amsterdam t\u00e4tig, um sich beraten zu lassen. Seit 1995 ist er ein diplomierter Naturtherapeut. Es handelt sich um eine ganzheitliche Perspektive, die auf den folgenden Prinzipien basiert: Energie, Wasserentsorgung, Entw\u00e4sserung, Wasser und Wasser. De behandelingenHet<\/p>\n\t\t<\/div>\n\t\t\t\t\t<div class=\"elementor-post__read-more-wrapper\">\n\t\t\n\t\t<a class=\"elementor-post__read-more\" href=\"https:\/\/www.nanohealthcare.eu\/de\/partnerss\/praktijk-hayo-bol\/\" aria-label=\"Mehr \u00fcber Praktijk Hayo Bol\" tabindex=\"-1\">\n\t\t\tMehr lesen \u27f6\t\t<\/a>\n\n\t\t\t\t\t<\/div>\n\t\t\t\t<\/div>\n\t\t\t\t<\/article>\n\t\t\t\t<article class=\"elementor-post elementor-grid-item post-2369 partnerss type-partnerss status-publish format-standard has-post-thumbnail hentry\">\n\t\t\t\t<a class=\"elementor-post__thumbnail__link\" href=\"https:\/\/www.nanohealthcare.eu\/de\/partnerss\/instituut-zeewind\/\" tabindex=\"-1\">\n\t\t\t<div class=\"elementor-post__thumbnail\"><img decoding=\"async\" width=\"2560\" height=\"1704\" src=\"https:\/\/www.nanohealthcare.eu\/wp-content\/uploads\/2024\/12\/Zeewind-foto-1-scaled.jpg\" class=\"attachment-full size-full wp-image-2594\" alt=\"\" srcset=\"https:\/\/www.nanohealthcare.eu\/wp-content\/uploads\/2024\/12\/Zeewind-foto-1-scaled.jpg 2560w, https:\/\/www.nanohealthcare.eu\/wp-content\/uploads\/2024\/12\/Zeewind-foto-1-300x200.jpg 300w, https:\/\/www.nanohealthcare.eu\/wp-content\/uploads\/2024\/12\/Zeewind-foto-1-1024x682.jpg 1024w, https:\/\/www.nanohealthcare.eu\/wp-content\/uploads\/2024\/12\/Zeewind-foto-1-768x511.jpg 768w, https:\/\/www.nanohealthcare.eu\/wp-content\/uploads\/2024\/12\/Zeewind-foto-1-1536x1022.jpg 1536w, https:\/\/www.nanohealthcare.eu\/wp-content\/uploads\/2024\/12\/Zeewind-foto-1-2048x1363.jpg 2048w, https:\/\/www.nanohealthcare.eu\/wp-content\/uploads\/2024\/12\/Zeewind-foto-1-18x12.jpg 18w\" sizes=\"(max-width: 2560px) 100vw, 2560px\" \/><\/div>\n\t\t<\/a>\n\t\t\t\t<div class=\"elementor-post__text\">\n\t\t\t\t<h3 class=\"elementor-post__title\">\n\t\t\t<a href=\"https:\/\/www.nanohealthcare.eu\/de\/partnerss\/instituut-zeewind\/\">\n\t\t\t\tInstitut Zeewind\t\t\t<\/a>\n\t\t<\/h3>\n\t\t\t\t<div class=\"elementor-post__excerpt\">\n\t\t\t<p>Institut Zeewind Institut Zeewind Das Institut Zeewind wurde 1995 vor wenigen Tagen er\u00f6ffnet. Die Praxis liegt im \u201eOude Dorp\u201c von Amstelveen. Sinds 2005 Wordt Zeewind Gerundium von Hanna Hasnaoui. Ich habe mit einem Team von Schoonheidsspezialisten zusammengearbeitet. Das Institut Zeewind kann f\u00fcr alles zust\u00e4ndig sein, was Sch\u00f6nheit hervorbringt. Zodra ist im Innenbereich des Salons, Sie ist ein echter Hingucker<\/p>\n\t\t<\/div>\n\t\t\t\t\t<div class=\"elementor-post__read-more-wrapper\">\n\t\t\n\t\t<a class=\"elementor-post__read-more\" href=\"https:\/\/www.nanohealthcare.eu\/de\/partnerss\/instituut-zeewind\/\" aria-label=\"Mehr \u00fcber das Instituut Zeewind\" tabindex=\"-1\">\n\t\t\tMehr lesen \u27f6\t\t<\/a>\n\n\t\t\t\t\t<\/div>\n\t\t\t\t<\/div>\n\t\t\t\t<\/article>\n\t\t\t\t<article class=\"elementor-post elementor-grid-item post-2355 partnerss type-partnerss status-publish format-standard has-post-thumbnail hentry\">\n\t\t\t\t<a class=\"elementor-post__thumbnail__link\" href=\"https:\/\/www.nanohealthcare.eu\/de\/partnerss\/herrots-health-energy\/\" tabindex=\"-1\">\n\t\t\t<div class=\"elementor-post__thumbnail\"><img decoding=\"async\" width=\"2560\" height=\"1704\" src=\"https:\/\/www.nanohealthcare.eu\/wp-content\/uploads\/2024\/12\/4D44666-scaled.jpg\" class=\"attachment-full size-full wp-image-2360\" alt=\"\" srcset=\"https:\/\/www.nanohealthcare.eu\/wp-content\/uploads\/2024\/12\/4D44666-scaled.jpg 2560w, https:\/\/www.nanohealthcare.eu\/wp-content\/uploads\/2024\/12\/4D44666-300x200.jpg 300w, https:\/\/www.nanohealthcare.eu\/wp-content\/uploads\/2024\/12\/4D44666-1024x682.jpg 1024w, https:\/\/www.nanohealthcare.eu\/wp-content\/uploads\/2024\/12\/4D44666-768x511.jpg 768w, https:\/\/www.nanohealthcare.eu\/wp-content\/uploads\/2024\/12\/4D44666-1536x1022.jpg 1536w, https:\/\/www.nanohealthcare.eu\/wp-content\/uploads\/2024\/12\/4D44666-2048x1363.jpg 2048w, https:\/\/www.nanohealthcare.eu\/wp-content\/uploads\/2024\/12\/4D44666-18x12.jpg 18w\" sizes=\"(max-width: 2560px) 100vw, 2560px\" \/><\/div>\n\t\t<\/a>\n\t\t\t\t<div class=\"elementor-post__text\">\n\t\t\t\t<h3 class=\"elementor-post__title\">\n\t\t\t<a href=\"https:\/\/www.nanohealthcare.eu\/de\/partnerss\/herrots-health-energy\/\">\n\t\t\t\tHERROT&#039;S Gesundheit &amp; Energie\t\t\t<\/a>\n\t\t<\/h3>\n\t\t\t\t<div class=\"elementor-post__excerpt\">\n\t\t\t<p>HERROT&#039;S Health &amp; Energy HERROT&#039;S Health &amp; Energy HERROT&#039;s Health &amp; EnergyVeronike ist eine zertifizierte Nano CellCare-Therapeutin. Da es sich hierbei um einen Facharzt handelt, der sich auf einen Darmspezialisten und einen orthomolekularen Gesundheitsberater spezialisiert hat. Daarom kann Klienten von HERROTs Kunden aus verschiedenen Bereichen sein, darunter Nano CellCare-Therapie, orthomolekulare Therapie, Total Reset-Therapie und Coaching-Abl\u00e4ufe. \u201eIch werde sehen, dass die Person, die sie braucht, sie weitergeben kann<\/p>\n\t\t<\/div>\n\t\t\t\t\t<div class=\"elementor-post__read-more-wrapper\">\n\t\t\n\t\t<a class=\"elementor-post__read-more\" href=\"https:\/\/www.nanohealthcare.eu\/de\/partnerss\/herrots-health-energy\/\" aria-label=\"Mehr \u00fcber HERROT&#039;S Health &amp; Energy\" tabindex=\"-1\">\n\t\t\tMehr lesen \u27f6\t\t<\/a>\n\n\t\t\t\t\t<\/div>\n\t\t\t\t<\/div>\n\t\t\t\t<\/article>\n\t\t\t\t<article class=\"elementor-post elementor-grid-item post-2333 partnerss type-partnerss status-publish format-standard has-post-thumbnail hentry\">\n\t\t\t\t<a class=\"elementor-post__thumbnail__link\" href=\"https:\/\/www.nanohealthcare.eu\/de\/partnerss\/vitality-management\/\" tabindex=\"-1\">\n\t\t\t<div class=\"elementor-post__thumbnail\"><img loading=\"lazy\" decoding=\"async\" width=\"2560\" height=\"2048\" src=\"https:\/\/www.nanohealthcare.eu\/wp-content\/uploads\/2024\/12\/4D43802-scaled.jpg\" class=\"attachment-full size-full wp-image-2337\" alt=\"\" srcset=\"https:\/\/www.nanohealthcare.eu\/wp-content\/uploads\/2024\/12\/4D43802-scaled.jpg 2560w, https:\/\/www.nanohealthcare.eu\/wp-content\/uploads\/2024\/12\/4D43802-300x240.jpg 300w, https:\/\/www.nanohealthcare.eu\/wp-content\/uploads\/2024\/12\/4D43802-1024x819.jpg 1024w, https:\/\/www.nanohealthcare.eu\/wp-content\/uploads\/2024\/12\/4D43802-768x614.jpg 768w, https:\/\/www.nanohealthcare.eu\/wp-content\/uploads\/2024\/12\/4D43802-1536x1229.jpg 1536w, https:\/\/www.nanohealthcare.eu\/wp-content\/uploads\/2024\/12\/4D43802-2048x1638.jpg 2048w, https:\/\/www.nanohealthcare.eu\/wp-content\/uploads\/2024\/12\/4D43802-15x12.jpg 15w\" sizes=\"(max-width: 2560px) 100vw, 2560px\" \/><\/div>\n\t\t<\/a>\n\t\t\t\t<div class=\"elementor-post__text\">\n\t\t\t\t<h3 class=\"elementor-post__title\">\n\t\t\t<a href=\"https:\/\/www.nanohealthcare.eu\/de\/partnerss\/vitality-management\/\">\n\t\t\t\tVitalit\u00e4tsmanagement\t\t\t<\/a>\n\t\t<\/h3>\n\t\t\t\t<div class=\"elementor-post__excerpt\">\n\t\t\t<p>Vitality Management Vitality Management Werk seit 1996, geboren von Derk de Kloet, einer der f\u00fchrenden Anbieter von Vitality Management. Dieses praktische Coaching hat jedem Einzelnen und jedem Team dabei geholfen, seine Vitalit\u00e4t zu verbessern. Hier haben wir den Kunden die M\u00f6glichkeit, unter hohem Druck Druck auszu\u00fcben. Derk hat sich pers\u00f6nlich auf die Suche nach einem Buch gemacht. Vitality Management ist in Kortenhoef ans\u00e4ssig. Coaching<\/p>\n\t\t<\/div>\n\t\t\t\t\t<div class=\"elementor-post__read-more-wrapper\">\n\t\t\n\t\t<a class=\"elementor-post__read-more\" href=\"https:\/\/www.nanohealthcare.eu\/de\/partnerss\/vitality-management\/\" aria-label=\"Mehr \u00fcber Vitalit\u00e4tsmanagement\" tabindex=\"-1\">\n\t\t\tMehr lesen \u27f6\t\t<\/a>\n\n\t\t\t\t\t<\/div>\n\t\t\t\t<\/div>\n\t\t\t\t<\/article>\n\t\t\t\t<article class=\"elementor-post elementor-grid-item post-2325 partnerss type-partnerss status-publish format-standard has-post-thumbnail hentry\">\n\t\t\t\t<a class=\"elementor-post__thumbnail__link\" href=\"https:\/\/www.nanohealthcare.eu\/de\/partnerss\/natural-health-checck\/\" tabindex=\"-1\">\n\t\t\t<div class=\"elementor-post__thumbnail\"><img loading=\"lazy\" decoding=\"async\" width=\"1500\" height=\"1000\" src=\"https:\/\/www.nanohealthcare.eu\/wp-content\/uploads\/2024\/12\/Foto-2-Natural-Nano-Therapy-.jpeg\" class=\"attachment-full size-full wp-image-2511\" alt=\"\" srcset=\"https:\/\/www.nanohealthcare.eu\/wp-content\/uploads\/2024\/12\/Foto-2-Natural-Nano-Therapy-.jpeg 1500w, https:\/\/www.nanohealthcare.eu\/wp-content\/uploads\/2024\/12\/Foto-2-Natural-Nano-Therapy--300x200.jpeg 300w, https:\/\/www.nanohealthcare.eu\/wp-content\/uploads\/2024\/12\/Foto-2-Natural-Nano-Therapy--1024x683.jpeg 1024w, https:\/\/www.nanohealthcare.eu\/wp-content\/uploads\/2024\/12\/Foto-2-Natural-Nano-Therapy--768x512.jpeg 768w, https:\/\/www.nanohealthcare.eu\/wp-content\/uploads\/2024\/12\/Foto-2-Natural-Nano-Therapy--18x12.jpeg 18w\" sizes=\"(max-width: 1500px) 100vw, 1500px\" \/><\/div>\n\t\t<\/a>\n\t\t\t\t<div class=\"elementor-post__text\">\n\t\t\t\t<h3 class=\"elementor-post__title\">\n\t\t\t<a href=\"https:\/\/www.nanohealthcare.eu\/de\/partnerss\/natural-health-checck\/\">\n\t\t\t\tNat\u00fcrlicher Gesundheitscheck\t\t\t<\/a>\n\t\t<\/h3>\n\t\t\t\t<div class=\"elementor-post__excerpt\">\n\t\t\t<p>Natural Health Check Natural Health Check Eine Karriere in der Branche, die zu einer eigenen Gesundheitspraxis gef\u00fchrt hat. Natural Health Check wurde 2007 von Tanja den Dunnen er\u00f6ffnet. Ihre Karriere begann in der Praxis und sie wurde ein Jahr sp\u00e4ter von einem orthomolekularen KPNI-Therapeuten und einem Elektroakupunkturisten betreut. Meiner Meinung nach waren die langwierigen Verhandlungen und die Notwendigkeit, sich in der orthomolekularen Genesekunde zurechtzufinden.<\/p>\n\t\t<\/div>\n\t\t\t\t\t<div class=\"elementor-post__read-more-wrapper\">\n\t\t\n\t\t<a class=\"elementor-post__read-more\" href=\"https:\/\/www.nanohealthcare.eu\/de\/partnerss\/natural-health-checck\/\" aria-label=\"Mehr \u00fcber Natural Health Check\" tabindex=\"-1\">\n\t\t\tMehr lesen \u27f6\t\t<\/a>\n\n\t\t\t\t\t<\/div>\n\t\t\t\t<\/div>\n\t\t\t\t<\/article>\n\t\t\t\t<article class=\"elementor-post elementor-grid-item post-2277 partnerss type-partnerss status-publish format-standard has-post-thumbnail hentry\">\n\t\t\t\t<a class=\"elementor-post__thumbnail__link\" href=\"https:\/\/www.nanohealthcare.eu\/de\/partnerss\/body-plaza-nano-center\/\" tabindex=\"-1\">\n\t\t\t<div class=\"elementor-post__thumbnail\"><img loading=\"lazy\" decoding=\"async\" width=\"2560\" height=\"1704\" src=\"https:\/\/www.nanohealthcare.eu\/wp-content\/uploads\/2024\/12\/4D46937-scaled.jpg\" class=\"attachment-full size-full wp-image-2294\" alt=\"Body Plaza Nano Center - Behandeling\" srcset=\"https:\/\/www.nanohealthcare.eu\/wp-content\/uploads\/2024\/12\/4D46937-scaled.jpg 2560w, https:\/\/www.nanohealthcare.eu\/wp-content\/uploads\/2024\/12\/4D46937-300x200.jpg 300w, https:\/\/www.nanohealthcare.eu\/wp-content\/uploads\/2024\/12\/4D46937-1024x682.jpg 1024w, https:\/\/www.nanohealthcare.eu\/wp-content\/uploads\/2024\/12\/4D46937-768x511.jpg 768w, https:\/\/www.nanohealthcare.eu\/wp-content\/uploads\/2024\/12\/4D46937-1536x1022.jpg 1536w, https:\/\/www.nanohealthcare.eu\/wp-content\/uploads\/2024\/12\/4D46937-2048x1363.jpg 2048w, https:\/\/www.nanohealthcare.eu\/wp-content\/uploads\/2024\/12\/4D46937-18x12.jpg 18w\" sizes=\"(max-width: 2560px) 100vw, 2560px\" \/><\/div>\n\t\t<\/a>\n\t\t\t\t<div class=\"elementor-post__text\">\n\t\t\t\t<h3 class=\"elementor-post__title\">\n\t\t\t<a href=\"https:\/\/www.nanohealthcare.eu\/de\/partnerss\/body-plaza-nano-center\/\">\n\t\t\t\tBody Plaza Nano Center\t\t\t<\/a>\n\t\t<\/h3>\n\t\t\t\t<div class=\"elementor-post__excerpt\">\n\t\t\t<p>Body Plaza Nano Center Body Plaza Nano Center Zorgcentrum mit verschiedenen Disziplinen Das Body Plaza Nano Center ist in einem Zorgcentrum in Veghel ans\u00e4ssig. Hier sind ein Osteopath, ein Fu\u00dfreflexzonentherapeut, ein Podotherapeut, ein Personal Trainer und ein Nano CellCare Therapeut. Mit all diesen Disziplinen kann den Kunden die beste Behandlung geboten werden. Body Plaza Nano Center unter der Leitung von Hans Zwart. Hij<\/p>\n\t\t<\/div>\n\t\t\t\t\t<div class=\"elementor-post__read-more-wrapper\">\n\t\t\n\t\t<a class=\"elementor-post__read-more\" href=\"https:\/\/www.nanohealthcare.eu\/de\/partnerss\/body-plaza-nano-center\/\" aria-label=\"Mehr \u00fcber Body Plaza Nano Center\" tabindex=\"-1\">\n\t\t\tMehr lesen \u27f6\t\t<\/a>\n\n\t\t\t\t\t<\/div>\n\t\t\t\t<\/div>\n\t\t\t\t<\/article>\n\t\t\t\t<article class=\"elementor-post elementor-grid-item post-2166 partnerss type-partnerss status-publish format-standard has-post-thumbnail hentry\">\n\t\t\t\t<a class=\"elementor-post__thumbnail__link\" href=\"https:\/\/www.nanohealthcare.eu\/de\/partnerss\/hayo-bol-practice\/\" tabindex=\"-1\">\n\t\t\t<div class=\"elementor-post__thumbnail\"><img loading=\"lazy\" decoding=\"async\" width=\"2048\" height=\"1348\" src=\"https:\/\/www.nanohealthcare.eu\/wp-content\/uploads\/2024\/12\/4D41740-scaled-e1732873827684-2048x1348-1.jpg\" class=\"attachment-full size-full wp-image-2215\" alt=\"\" srcset=\"https:\/\/www.nanohealthcare.eu\/wp-content\/uploads\/2024\/12\/4D41740-scaled-e1732873827684-2048x1348-1.jpg 2048w, https:\/\/www.nanohealthcare.eu\/wp-content\/uploads\/2024\/12\/4D41740-scaled-e1732873827684-2048x1348-1-300x197.jpg 300w, https:\/\/www.nanohealthcare.eu\/wp-content\/uploads\/2024\/12\/4D41740-scaled-e1732873827684-2048x1348-1-1024x674.jpg 1024w, https:\/\/www.nanohealthcare.eu\/wp-content\/uploads\/2024\/12\/4D41740-scaled-e1732873827684-2048x1348-1-768x506.jpg 768w, https:\/\/www.nanohealthcare.eu\/wp-content\/uploads\/2024\/12\/4D41740-scaled-e1732873827684-2048x1348-1-1536x1011.jpg 1536w, https:\/\/www.nanohealthcare.eu\/wp-content\/uploads\/2024\/12\/4D41740-scaled-e1732873827684-2048x1348-1-18x12.jpg 18w\" sizes=\"(max-width: 2048px) 100vw, 2048px\" \/><\/div>\n\t\t<\/a>\n\t\t\t\t<div class=\"elementor-post__text\">\n\t\t\t\t<h3 class=\"elementor-post__title\">\n\t\t\t<a href=\"https:\/\/www.nanohealthcare.eu\/de\/partnerss\/hayo-bol-practice\/\">\n\t\t\t\tGleichgewicht und Ern\u00e4hrung\t\t\t<\/a>\n\t\t<\/h3>\n\t\t\t\t<div class=\"elementor-post__excerpt\">\n\t\t\t<p>Die Praxis<br \/> Balans &amp; Voeding ist das Praktikum von Rob Visscher. Sie hat 2013 praktisch begonnen und ist derzeit in der Witherenstraat in Venlo untergebracht. In der Praxis kann es f\u00fcr Patienten mit eingeschr\u00e4nkter Mobilit\u00e4t, Migr\u00e4ne, Kopfschmerzen und Hielspoor zu einer Verletzung des Immunsystems kommen. Rob war ein H\u00e4ndler f\u00fcr Nano CellCare und kam dann dorthin\t\t<\/div>\n\t\t\t\t\t<div class=\"elementor-post__read-more-wrapper\">\n\t\t\n\t\t<a class=\"elementor-post__read-more\" href=\"https:\/\/www.nanohealthcare.eu\/de\/partnerss\/hayo-bol-practice\/\" aria-label=\"Mehr \u00fcber Balans en Voeding\" tabindex=\"-1\">\n\t\t\tMehr lesen \u27f6\t\t<\/a>\n\n\t\t\t\t\t<\/div>\n\t\t\t\t<\/div>\n\t\t\t\t<\/article>\n\t\t\t\t<\/div>\n\t\t\n\t\t\t\t\t\t<\/div>\n\t\t\t\t<\/div>\n\t\t\t\t\t<\/div>\n\t\t\t\t<\/div>\n\t\t\t\t<\/div>","protected":false},"excerpt":{"rendered":"<p>Partner: Ihren zust\u00e4ndigen Nano CellCare-Therapeuten finden Sie \u00fcber die Behandlungssuche. Haben Sie Interesse, Partner zu werden? F\u00fcllen Sie das Formular aus [\u2026]<\/p>","protected":false},"author":1,"featured_media":0,"parent":0,"menu_order":0,"comment_status":"closed","ping_status":"closed","template":"","meta":{"_acf_changed":false,"site-sidebar-layout":"no-sidebar","site-content-layout":"","ast-site-content-layout":"full-width-container","site-content-style":"default","site-sidebar-style":"default","ast-global-header-display":"","ast-banner-title-visibility":"","ast-main-header-display":"","ast-hfb-above-header-display":"","ast-hfb-below-header-display":"","ast-hfb-mobile-header-display":"","site-post-title":"disabled","ast-breadcrumbs-content":"","ast-featured-img":"disabled","footer-sml-layout":"","theme-transparent-header-meta":"","adv-header-id-meta":"","stick-header-meta":"","header-above-stick-meta":"","header-main-stick-meta":"","header-below-stick-meta":"","astra-migrate-meta-layouts":"default","ast-page-background-enabled":"default","ast-page-background-meta":{"desktop":{"background-color":"var(--ast-global-color-5)","background-image":"","background-repeat":"repeat","background-position":"center center","background-size":"auto","background-attachment":"scroll","background-type":"","background-media":"","overlay-type":"","overlay-color":"","overlay-opacity":"","overlay-gradient":""},"tablet":{"background-color":"","background-image":"","background-repeat":"repeat","background-position":"center center","background-size":"auto","background-attachment":"scroll","background-type":"","background-media":"","overlay-type":"","overlay-color":"","overlay-opacity":"","overlay-gradient":""},"mobile":{"background-color":"","background-image":"","background-repeat":"repeat","background-position":"center center","background-size":"auto","background-attachment":"scroll","background-type":"","background-media":"","overlay-type":"","overlay-color":"","overlay-opacity":"","overlay-gradient":""}},"ast-content-background-meta":{"desktop":{"background-color":"var(--ast-global-color-4)","background-image":"","background-repeat":"repeat","background-position":"center center","background-size":"auto","background-attachment":"scroll","background-type":"","background-media":"","overlay-type":"","overlay-color":"","overlay-opacity":"","overlay-gradient":""},"tablet":{"background-color":"var(--ast-global-color-4)","background-image":"","background-repeat":"repeat","background-position":"center center","background-size":"auto","background-attachment":"scroll","background-type":"","background-media":"","overlay-type":"","overlay-color":"","overlay-opacity":"","overlay-gradient":""},"mobile":{"background-color":"var(--ast-global-color-4)","background-image":"","background-repeat":"repeat","background-position":"center center","background-size":"auto","background-attachment":"scroll","background-type":"","background-media":"","overlay-type":"","overlay-color":"","overlay-opacity":"","overlay-gradient":""}},"footnotes":""},"class_list":["post-2217","page","type-page","status-publish","hentry"],"acf":[],"_links":{"self":[{"href":"https:\/\/www.nanohealthcare.eu\/de\/wp-json\/wp\/v2\/pages\/2217","targetHints":{"allow":["GET"]}}],"collection":[{"href":"https:\/\/www.nanohealthcare.eu\/de\/wp-json\/wp\/v2\/pages"}],"about":[{"href":"https:\/\/www.nanohealthcare.eu\/de\/wp-json\/wp\/v2\/types\/page"}],"author":[{"embeddable":true,"href":"https:\/\/www.nanohealthcare.eu\/de\/wp-json\/wp\/v2\/users\/1"}],"replies":[{"embeddable":true,"href":"https:\/\/www.nanohealthcare.eu\/de\/wp-json\/wp\/v2\/comments?post=2217"}],"version-history":[{"count":64,"href":"https:\/\/www.nanohealthcare.eu\/de\/wp-json\/wp\/v2\/pages\/2217\/revisions"}],"predecessor-version":[{"id":3729,"href":"https:\/\/www.nanohealthcare.eu\/de\/wp-json\/wp\/v2\/pages\/2217\/revisions\/3729"}],"wp:attachment":[{"href":"https:\/\/www.nanohealthcare.eu\/de\/wp-json\/wp\/v2\/media?parent=2217"}],"curies":[{"name":"wp","href":"https:\/\/api.w.org\/{rel}","templated":true}]}}