{"id":242,"date":"2024-06-28T18:01:44","date_gmt":"2024-06-28T18:01:44","guid":{"rendered":"https:\/\/healthcare-plaza.eu\/?page_id=242"},"modified":"2025-09-23T06:29:22","modified_gmt":"2025-09-23T06:29:22","slug":"about","status":"publish","type":"page","link":"https:\/\/www.nanohealthcare.eu\/cs\/about\/","title":{"rendered":"O"},"content":{"rendered":"<div data-elementor-type=\"wp-page\" data-elementor-id=\"242\" class=\"elementor elementor-242\" data-elementor-post-type=\"page\">\n\t\t\t\t<div class=\"elementor-element elementor-element-9e56554 e-flex e-con-boxed e-con e-parent\" data-id=\"9e56554\" data-element_type=\"container\" data-settings=\"{&quot;background_background&quot;:&quot;classic&quot;}\">\n\t\t\t\t\t<div class=\"e-con-inner\">\n\t\t\t\t<div class=\"elementor-element elementor-element-a2892d8 elementor-widget elementor-widget-heading\" data-id=\"a2892d8\" data-element_type=\"widget\" data-widget_type=\"heading.default\">\n\t\t\t\t<div class=\"elementor-widget-container\">\n\t\t\t\t\t<h1 class=\"elementor-heading-title elementor-size-default\">O NANO ZDRAVOTNICTV\u00cd\n<\/h1>\t\t\t\t<\/div>\n\t\t\t\t<\/div>\n\t\t\t\t<div class=\"elementor-element elementor-element-8ff2b16 elementor-widget__width-initial elementor-widget elementor-widget-text-editor\" data-id=\"8ff2b16\" data-element_type=\"widget\" data-widget_type=\"text-editor.default\">\n\t\t\t\t<div class=\"elementor-widget-container\">\n\t\t\t\t\t\t\t\t\tS Nano Healthcare je nyn\u00ed z\u016fstat zdrav\u011bj\u0161\u00ed a vit\u00e1ln\u011b mlad\u0161\u00ed skute\u010dn\u011b realitou. Jednodu\u0161e sout\u011b\u017eit s \u010dasem, c\u00edtit se fit a zaz\u00e1\u0159it znovu jako p\u0159ed lety.\n\t\t\t\t\t\t\t\t<\/div>\n\t\t\t\t<\/div>\n\t\t\t\t\t<\/div>\n\t\t\t\t<\/div>\n\t\t<div class=\"elementor-element elementor-element-855a61c e-flex e-con-boxed e-con e-parent\" data-id=\"855a61c\" data-element_type=\"container\">\n\t\t\t\t\t<div class=\"e-con-inner\">\n\t\t<div class=\"elementor-element elementor-element-25c55f7 e-con-full e-flex e-con e-child\" data-id=\"25c55f7\" data-element_type=\"container\">\n\t\t\t\t<div class=\"elementor-element elementor-element-8698f98 elementor-widget__width-auto elementor-widget elementor-widget-text-editor\" data-id=\"8698f98\" data-element_type=\"widget\" data-widget_type=\"text-editor.default\">\n\t\t\t\t<div class=\"elementor-widget-container\">\n\t\t\t\t\t\t\t\t\tnano p\u00e9\u010de o bu\u0148ky\t\t\t\t\t\t\t\t<\/div>\n\t\t\t\t<\/div>\n\t\t\t\t<div class=\"elementor-element elementor-element-da021b8 elementor-widget elementor-widget-text-editor\" data-id=\"da021b8\" data-element_type=\"widget\" data-widget_type=\"text-editor.default\">\n\t\t\t\t<div class=\"elementor-widget-container\">\n\t\t\t\t\t\t\t\t\t<p>kam m\u016f\u017ee\u0161 j\u00edt?<\/p>\t\t\t\t\t\t\t\t<\/div>\n\t\t\t\t<\/div>\n\t\t\t\t<div class=\"elementor-element elementor-element-72f746b elementor-widget__width-initial elementor-widget elementor-widget-text-editor\" data-id=\"72f746b\" data-element_type=\"widget\" data-widget_type=\"text-editor.default\">\n\t\t\t\t<div class=\"elementor-widget-container\">\n\t\t\t\t\t\t\t\t\t<p>Nano CellCare Therapy je k dispozici v sektorech Zdrav\u00ed a sport a Kr\u00e1sa a wellness. M\u016f\u017eete nav\u0161t\u00edvit r\u016fzn\u00e9 certifikovan\u00e9 terapeuty Nano CellCare, od ko\u017en\u00edch specialist\u016f po (sportovn\u00ed) fyzioterapeuty, estetick\u00e9 kliniky, naturopaty a ortomolekul\u00e1rn\u00ed terapeuty po cel\u00e9 Evrop\u011b.<\/p>\t\t\t\t\t\t\t\t<\/div>\n\t\t\t\t<\/div>\n\t\t\t\t<\/div>\n\t\t<div class=\"elementor-element elementor-element-906cd0c e-con-full e-flex e-con e-child\" data-id=\"906cd0c\" data-element_type=\"container\">\n\t\t\t\t<div class=\"elementor-element elementor-element-a611ac6 elementor-widget__width-auto elementor-widget elementor-widget-text-editor\" data-id=\"a611ac6\" data-element_type=\"widget\" data-widget_type=\"text-editor.default\">\n\t\t\t\t<div class=\"elementor-widget-container\">\n\t\t\t\t\t\t\t\t\tnano p\u00e9\u010de o bu\u0148ky\t\t\t\t\t\t\t\t<\/div>\n\t\t\t\t<\/div>\n\t\t\t\t<div class=\"elementor-element elementor-element-33f1e60 elementor-widget elementor-widget-text-editor\" data-id=\"33f1e60\" data-element_type=\"widget\" data-widget_type=\"text-editor.default\">\n\t\t\t\t<div class=\"elementor-widget-container\">\n\t\t\t\t\t\t\t\t\t<h3>Jak funguje terapie Nano CellCare?<\/h3>\t\t\t\t\t\t\t\t<\/div>\n\t\t\t\t<\/div>\n\t\t\t\t<div class=\"elementor-element elementor-element-0d0e7d3 elementor-widget__width-initial elementor-widget elementor-widget-text-editor\" data-id=\"0d0e7d3\" data-element_type=\"widget\" data-widget_type=\"text-editor.default\">\n\t\t\t\t<div class=\"elementor-widget-container\">\n\t\t\t\t\t\t\t\t\t<p>V oblasti dopl\u0148kov\u00fdch a alternativn\u00edch terapi\u00ed vynik\u00e1 Nano CellCare jako pozoruhodn\u00e1 inovace podpo\u0159en\u00e1 p\u0159evratn\u00fdm v\u00fdzkumem, kter\u00fd provedl doktor profesor Andreas Zimmer a jeho t\u00fdm na univerzit\u011b v rakousk\u00e9m Grazu.<\/p><p>Tato terapie vyu\u017e\u00edv\u00e1 kapaln\u00e9 nano\u010d\u00e1stice o velikosti v pr\u016fm\u011bru mezi 100 nm a 800 nm, kter\u00e9 mohou b\u00fdt t\u011blem absorbov\u00e1ny k\u016f\u017e\u00ed a inhalac\u00ed. Umo\u017e\u0148uje to syst\u00e9m Nano CellCare, kter\u00fd vyu\u017e\u00edv\u00e1 unik\u00e1tn\u00ed n\u011bmecky patentovanou nanotechnologii.<\/p><p>Syst\u00e9m nejen produkuje z\u00e1porn\u011b nabitou kapalinu, na rozd\u00edl od na\u0161eho kladn\u011b nabit\u00e9ho t\u011bla, ale tak\u00e9 rozpra\u0161uje nano\u010d\u00e1stice vysokou rychlost\u00ed, \u010d\u00edm\u017e v\u00fdrazn\u011b zvy\u0161uje jejich absorpci k\u016f\u017e\u00ed.<\/p>\t\t\t\t\t\t\t\t<\/div>\n\t\t\t\t<\/div>\n\t\t\t\t<\/div>\n\t\t\t\t\t<\/div>\n\t\t\t\t<\/div>\n\t\t<div class=\"elementor-element elementor-element-a1cf940 e-flex e-con-boxed e-con e-parent\" data-id=\"a1cf940\" data-element_type=\"container\">\n\t\t\t\t\t<div class=\"e-con-inner\">\n\t\t\t\t<div class=\"elementor-element elementor-element-85e0441 elementor-widget elementor-widget-video\" data-id=\"85e0441\" data-element_type=\"widget\" data-settings=\"{&quot;youtube_url&quot;:&quot;https:\\\/\\\/www.youtube.com\\\/watch?v=XHOmBV4js_E&quot;,&quot;show_image_overlay&quot;:&quot;yes&quot;,&quot;image_overlay&quot;:{&quot;url&quot;:&quot;https:\\\/\\\/www.nanohealthcare.eu\\\/wp-content\\\/uploads\\\/2024\\\/06\\\/Image.jpg&quot;,&quot;id&quot;:313,&quot;size&quot;:&quot;&quot;,&quot;alt&quot;:&quot;&quot;,&quot;source&quot;:&quot;library&quot;},&quot;lazy_load&quot;:&quot;yes&quot;,&quot;video_type&quot;:&quot;youtube&quot;,&quot;controls&quot;:&quot;yes&quot;}\" data-widget_type=\"video.default\">\n\t\t\t\t<div class=\"elementor-widget-container\">\n\t\t\t\t\t\t\t<div class=\"elementor-wrapper elementor-open-inline\">\n\t\t\t<div class=\"elementor-video\"><\/div>\t\t\t\t<div class=\"elementor-custom-embed-image-overlay\" style=\"background-image: url(https:\/\/www.nanohealthcare.eu\/wp-content\/uploads\/2024\/06\/Image.jpg);\">\n\t\t\t\t\t\t\t\t\t\t\t\t\t\t\t\t<div class=\"elementor-custom-embed-play\" role=\"button\" aria-label=\"Video afspelen\" tabindex=\"0\" data-no-translation-aria-label=\"\">\n\t\t\t\t\t\t\t<svg aria-hidden=\"true\" class=\"e-font-icon-svg e-fas-play-circle\" viewbox=\"0 0 512 512\" xmlns=\"http:\/\/www.w3.org\/2000\/svg\"><path d=\"M256 8C119 8 8 119 8 256s111 248 248 248 248-111 248-248S393 8 256 8zm115.7 272l-176 101c-15.8 8.8-35.7-2.5-35.7-21V152c0-18.4 19.8-29.8 35.7-21l176 107c16.4 9.2 16.4 32.9 0 42z\"><\/path><\/svg>\t\t\t\t\t\t<\/div>\n\t\t\t\t\t\t\t\t\t<\/div>\n\t\t\t\t\t<\/div>\n\t\t\t\t\t\t<\/div>\n\t\t\t\t<\/div>\n\t\t\t\t\t<\/div>\n\t\t\t\t<\/div>\n\t\t<div class=\"elementor-element elementor-element-ed423cc e-flex e-con-boxed e-con e-parent\" data-id=\"ed423cc\" data-element_type=\"container\">\n\t\t\t\t\t<div class=\"e-con-inner\">\n\t\t\t\t<div class=\"elementor-element elementor-element-b693f86 elementor-widget__width-auto elementor-widget elementor-widget-text-editor\" data-id=\"b693f86\" data-element_type=\"widget\" data-widget_type=\"text-editor.default\">\n\t\t\t\t<div class=\"elementor-widget-container\">\n\t\t\t\t\t\t\t\t\tnano p\u00e9\u010de o bu\u0148ky\t\t\t\t\t\t\t\t<\/div>\n\t\t\t\t<\/div>\n\t\t\t\t<div class=\"elementor-element elementor-element-2f2344d elementor-widget elementor-widget-text-editor\" data-id=\"2f2344d\" data-element_type=\"widget\" data-widget_type=\"text-editor.default\">\n\t\t\t\t<div class=\"elementor-widget-container\">\n\t\t\t\t\t\t\t\t\t<h3>Kombinace p\u0159\u00edrodn\u00edch ingredienc\u00ed a nanotechnologi\u00ed<\/h3>\t\t\t\t\t\t\t\t<\/div>\n\t\t\t\t<\/div>\n\t\t\t\t<div class=\"elementor-element elementor-element-c1c31ad elementor-widget__width-initial elementor-widget elementor-widget-text-editor\" data-id=\"c1c31ad\" data-element_type=\"widget\" data-widget_type=\"text-editor.default\">\n\t\t\t\t<div class=\"elementor-widget-container\">\n\t\t\t\t\t\t\t\t\t<p>Jednou z pozoruhodn\u00fdch vlastnost\u00ed Nano CellCare Therapy je inteligentn\u00ed kombinace kyseliny hyaluronov\u00e9 s produkovan\u00fdmi nano\u010d\u00e1sticemi. Kyselina hyaluronov\u00e1, p\u0159irozen\u011b se vyskytuj\u00edc\u00ed l\u00e1tka v t\u011ble s prok\u00e1zan\u00fdmi regenera\u010dn\u00edmi vlastnostmi, p\u016fsob\u00ed jako siln\u00fd spojenec p\u0159i obnov\u011b na bun\u011b\u010dn\u00e9 \u00farovni.<\/p><p>Dopl\u0148kov\u00e9 p\u016fsoben\u00ed kyseliny hyaluronov\u00e9 v tekut\u00fdch nano\u010d\u00e1stic\u00edch podporuje nejen zlep\u0161en\u00ed textury poko\u017eky, ale m\u016f\u017ee ovlivnit i hlub\u0161\u00ed tk\u00e1n\u011b a klouby, co\u017e je zvl\u00e1\u0161t\u011b cenn\u00e9 pro pacienty s kloubn\u00edmi probl\u00e9my a z\u00e1n\u011btliv\u00fdmi stavy.<\/p>\t\t\t\t\t\t\t\t<\/div>\n\t\t\t\t<\/div>\n\t\t\t\t<div class=\"elementor-element elementor-element-cb2501e elementor-widget__width-initial elementor-widget elementor-widget-text-editor\" data-id=\"cb2501e\" data-element_type=\"widget\" data-widget_type=\"text-editor.default\">\n\t\t\t\t<div class=\"elementor-widget-container\">\n\t\t\t\t\t\t\t\t\t<p>Sm\u011bs miner\u00e1l\u016f ze soli z Mrtv\u00e9ho mo\u0159e a pokro\u010dil\u00e9 nanotechnologie dl\u00e1\u017ed\u00ed cestu k regeneraci bun\u011bk a m\u016f\u017ee pomoci obnovit bun\u011b\u010dn\u00e9 procesy do jejich stavu v mlad\u0161\u00ed f\u00e1zi \u017eivota.<\/p><p>Pro terapeuty a l\u00e9ka\u0159e je nezbytn\u00e9, aby p\u0159ijali inovativn\u00ed p\u0159\u00edstupy, jako je Nano CellCare, kter\u00e9 nejsou zalo\u017eeny pouze na p\u0159\u00edrodn\u00edch principech, ale jsou tak\u00e9 z velk\u00e9 \u010d\u00e1sti podporov\u00e1ny v\u011bdeck\u00fdm v\u00fdzkumem a nab\u00edzej\u00ed holistick\u00fd p\u0159\u00edstup ke zdrav\u00ed a pohod\u011b sv\u00fdch klient\u016f.<\/p>\t\t\t\t\t\t\t\t<\/div>\n\t\t\t\t<\/div>\n\t\t\t\t\t<\/div>\n\t\t\t\t<\/div>\n\t\t<div class=\"elementor-element elementor-element-2b60e247 elementor-hidden-mobile e-flex e-con-boxed e-con e-parent\" data-id=\"2b60e247\" data-element_type=\"container\" data-settings=\"{&quot;background_background&quot;:&quot;classic&quot;}\">\n\t\t\t\t\t<div class=\"e-con-inner\">\n\t\t<div class=\"elementor-element elementor-element-631232ad e-con-full e-flex e-con e-child\" data-id=\"631232ad\" data-element_type=\"container\">\n\t\t\t\t<\/div>\n\t\t<div class=\"elementor-element elementor-element-b5f786c e-con-full e-flex e-con e-child\" data-id=\"b5f786c\" data-element_type=\"container\" data-settings=\"{&quot;background_background&quot;:&quot;classic&quot;}\">\n\t\t\t\t<div class=\"elementor-element elementor-element-2b578015 elementor-widget__width-initial elementor-widget elementor-widget-text-editor\" data-id=\"2b578015\" data-element_type=\"widget\" data-widget_type=\"text-editor.default\">\n\t\t\t\t<div class=\"elementor-widget-container\">\n\t\t\t\t\t\t\t\t\tBody plaza Evropa\t\t\t\t\t\t\t\t<\/div>\n\t\t\t\t<\/div>\n\t\t\t\t<div class=\"elementor-element elementor-element-422c3ead elementor-widget__width-initial elementor-widget elementor-widget-text-editor\" data-id=\"422c3ead\" data-element_type=\"widget\" data-widget_type=\"text-editor.default\">\n\t\t\t\t<div class=\"elementor-widget-container\">\n\t\t\t\t\t\t\t\t\t<p>Body Plaza Europe je dynamick\u00fd a inovativn\u00ed konglomer\u00e1t v odv\u011btv\u00ed kr\u00e1sy a zdrav\u00ed. S revolu\u010dn\u00ed a patentovanou produktovou \u0159adou Nano CellCare.<\/p>\t\t\t\t\t\t\t\t<\/div>\n\t\t\t\t<\/div>\n\t\t<div class=\"elementor-element elementor-element-3a37a6ca e-con-full e-flex e-con e-child\" data-id=\"3a37a6ca\" data-element_type=\"container\">\n\t\t\t\t<div class=\"elementor-element elementor-element-340eb01d elementor-icon-list--layout-inline elementor-list-item-link-inline elementor-align-left elementor-widget__width-initial Zicon elementor-widget elementor-widget-icon-list\" data-id=\"340eb01d\" data-element_type=\"widget\" data-widget_type=\"icon-list.default\">\n\t\t\t\t<div class=\"elementor-widget-container\">\n\t\t\t\t\t\t\t<ul class=\"elementor-icon-list-items elementor-inline-items\">\n\t\t\t\t\t\t\t<li class=\"elementor-icon-list-item elementor-inline-item\">\n\t\t\t\t\t\t\t\t\t\t\t<a href=\"https:\/\/www.nanohealthcare.eu\/cs\/locator\/\">\n\n\t\t\t\t\t\t\t\t\t\t\t<span class=\"elementor-icon-list-text\">Najd\u011bte si terapeuta<\/span>\n\t\t\t\t\t\t\t\t\t\t\t<\/a>\n\t\t\t\t\t\t\t\t\t<\/li>\n\t\t\t\t\t\t<\/ul>\n\t\t\t\t\t\t<\/div>\n\t\t\t\t<\/div>\n\t\t\t\t<div class=\"elementor-element elementor-element-61e8d2bf elementor-icon-list--layout-inline elementor-list-item-link-inline elementor-align-left elementor-widget__width-initial Zicon elementor-widget elementor-widget-icon-list\" data-id=\"61e8d2bf\" data-element_type=\"widget\" data-widget_type=\"icon-list.default\">\n\t\t\t\t<div class=\"elementor-widget-container\">\n\t\t\t\t\t\t\t<ul class=\"elementor-icon-list-items elementor-inline-items\">\n\t\t\t\t\t\t\t<li class=\"elementor-icon-list-item elementor-inline-item\">\n\t\t\t\t\t\t\t\t\t\t\t<a href=\"https:\/\/www.nanocellcaretherapy.com\/\" target=\"_blank\" rel=\"noopener\">\n\n\t\t\t\t\t\t\t\t\t\t\t<span class=\"elementor-icon-list-text\">Sta\u0148te se partnerem<\/span>\n\t\t\t\t\t\t\t\t\t\t\t<\/a>\n\t\t\t\t\t\t\t\t\t<\/li>\n\t\t\t\t\t\t<\/ul>\n\t\t\t\t\t\t<\/div>\n\t\t\t\t<\/div>\n\t\t\t\t<\/div>\n\t\t\t\t<div class=\"elementor-element elementor-element-7cb0dfd8 elementor-align-left elementor-widget elementor-widget-button\" data-id=\"7cb0dfd8\" data-element_type=\"widget\" data-widget_type=\"button.default\">\n\t\t\t\t<div class=\"elementor-widget-container\">\n\t\t\t\t\t\t\t\t\t<div class=\"elementor-button-wrapper\">\n\t\t\t\t\t<a class=\"elementor-button elementor-button-link elementor-size-sm\" href=\"https:\/\/www.nanohealthcare.eu\/cs\/\">\n\t\t\t\t\t\t<span class=\"elementor-button-content-wrapper\">\n\t\t\t\t\t\t\t\t\t<span class=\"elementor-button-text\">V\u00edce o n\u00e1s<\/span>\n\t\t\t\t\t<\/span>\n\t\t\t\t\t<\/a>\n\t\t\t\t<\/div>\n\t\t\t\t\t\t\t\t<\/div>\n\t\t\t\t<\/div>\n\t\t\t\t<\/div>\n\t\t\t\t\t<\/div>\n\t\t\t\t<\/div>\n\t\t\t\t<\/div>","protected":false},"excerpt":{"rendered":"<p>O NANO HEALTHCARE S Nano Healthcare je nyn\u00ed udr\u017een\u00ed zdrav\u00ed a vit\u00e1ln\u011b mlad\u0161\u00ed realitou. Jednodu\u0161e sout\u011b\u017ete s [\u2026]<\/p>","protected":false},"author":1,"featured_media":0,"parent":0,"menu_order":0,"comment_status":"closed","ping_status":"closed","template":"","meta":{"_acf_changed":false,"site-sidebar-layout":"no-sidebar","site-content-layout":"","ast-site-content-layout":"full-width-container","site-content-style":"default","site-sidebar-style":"default","ast-global-header-display":"","ast-banner-title-visibility":"","ast-main-header-display":"","ast-hfb-above-header-display":"","ast-hfb-below-header-display":"","ast-hfb-mobile-header-display":"","site-post-title":"disabled","ast-breadcrumbs-content":"","ast-featured-img":"disabled","footer-sml-layout":"","theme-transparent-header-meta":"","adv-header-id-meta":"","stick-header-meta":"","header-above-stick-meta":"","header-main-stick-meta":"","header-below-stick-meta":"","astra-migrate-meta-layouts":"default","ast-page-background-enabled":"default","ast-page-background-meta":{"desktop":{"background-color":"var(--ast-global-color-5)","background-image":"","background-repeat":"repeat","background-position":"center center","background-size":"auto","background-attachment":"scroll","background-type":"","background-media":"","overlay-type":"","overlay-color":"","overlay-opacity":"","overlay-gradient":""},"tablet":{"background-color":"","background-image":"","background-repeat":"repeat","background-position":"center center","background-size":"auto","background-attachment":"scroll","background-type":"","background-media":"","overlay-type":"","overlay-color":"","overlay-opacity":"","overlay-gradient":""},"mobile":{"background-color":"","background-image":"","background-repeat":"repeat","background-position":"center center","background-size":"auto","background-attachment":"scroll","background-type":"","background-media":"","overlay-type":"","overlay-color":"","overlay-opacity":"","overlay-gradient":""}},"ast-content-background-meta":{"desktop":{"background-color":"var(--ast-global-color-4)","background-image":"","background-repeat":"repeat","background-position":"center center","background-size":"auto","background-attachment":"scroll","background-type":"","background-media":"","overlay-type":"","overlay-color":"","overlay-opacity":"","overlay-gradient":""},"tablet":{"background-color":"var(--ast-global-color-4)","background-image":"","background-repeat":"repeat","background-position":"center center","background-size":"auto","background-attachment":"scroll","background-type":"","background-media":"","overlay-type":"","overlay-color":"","overlay-opacity":"","overlay-gradient":""},"mobile":{"background-color":"var(--ast-global-color-4)","background-image":"","background-repeat":"repeat","background-position":"center center","background-size":"auto","background-attachment":"scroll","background-type":"","background-media":"","overlay-type":"","overlay-color":"","overlay-opacity":"","overlay-gradient":""}},"footnotes":""},"class_list":["post-242","page","type-page","status-publish","hentry"],"acf":[],"_links":{"self":[{"href":"https:\/\/www.nanohealthcare.eu\/cs\/wp-json\/wp\/v2\/pages\/242","targetHints":{"allow":["GET"]}}],"collection":[{"href":"https:\/\/www.nanohealthcare.eu\/cs\/wp-json\/wp\/v2\/pages"}],"about":[{"href":"https:\/\/www.nanohealthcare.eu\/cs\/wp-json\/wp\/v2\/types\/page"}],"author":[{"embeddable":true,"href":"https:\/\/www.nanohealthcare.eu\/cs\/wp-json\/wp\/v2\/users\/1"}],"replies":[{"embeddable":true,"href":"https:\/\/www.nanohealthcare.eu\/cs\/wp-json\/wp\/v2\/comments?post=242"}],"version-history":[{"count":15,"href":"https:\/\/www.nanohealthcare.eu\/cs\/wp-json\/wp\/v2\/pages\/242\/revisions"}],"predecessor-version":[{"id":3726,"href":"https:\/\/www.nanohealthcare.eu\/cs\/wp-json\/wp\/v2\/pages\/242\/revisions\/3726"}],"wp:attachment":[{"href":"https:\/\/www.nanohealthcare.eu\/cs\/wp-json\/wp\/v2\/media?parent=242"}],"curies":[{"name":"wp","href":"https:\/\/api.w.org\/{rel}","templated":true}]}}