{"id":2217,"date":"2024-12-03T11:53:16","date_gmt":"2024-12-03T11:53:16","guid":{"rendered":"https:\/\/healthcare-plaza.eu\/?page_id=2217"},"modified":"2025-09-23T06:29:48","modified_gmt":"2025-09-23T06:29:48","slug":"partners","status":"publish","type":"page","link":"https:\/\/www.nanohealthcare.eu\/cs\/partners\/","title":{"rendered":"Partne\u0159i"},"content":{"rendered":"<div data-elementor-type=\"wp-page\" data-elementor-id=\"2217\" class=\"elementor elementor-2217\" data-elementor-post-type=\"page\">\n\t\t\t\t<div class=\"elementor-element elementor-element-0ddbb3e e-flex e-con-boxed e-con e-parent\" data-id=\"0ddbb3e\" data-element_type=\"container\" data-settings=\"{&quot;background_background&quot;:&quot;classic&quot;}\">\n\t\t\t\t\t<div class=\"e-con-inner\">\n\t\t\t\t<div class=\"elementor-element elementor-element-620e468 elementor-widget-mobile__width-initial elementor-widget elementor-widget-heading\" data-id=\"620e468\" data-element_type=\"widget\" data-widget_type=\"heading.default\">\n\t\t\t\t<div class=\"elementor-widget-container\">\n\t\t\t\t\t<h1 class=\"elementor-heading-title elementor-size-default\">Partne\u0159i<\/h1>\t\t\t\t<\/div>\n\t\t\t\t<\/div>\n\t\t\t\t<div class=\"elementor-element elementor-element-7764923 elementor-widget__width-initial elementor-widget elementor-widget-text-editor\" data-id=\"7764923\" data-element_type=\"widget\" data-widget_type=\"text-editor.default\">\n\t\t\t\t<div class=\"elementor-widget-container\">\n\t\t\t\t\t\t\t\t\t<p>Sv\u00e9ho p\u0159\u00edslu\u0161n\u00e9ho terapeuta Nano CellCare m\u016f\u017eete naj\u00edt prost\u0159ednictv\u00edm\u00a0<strong><a href=\"https:\/\/www.nanohealthcare.eu\/cs\/locator\/\">lok\u00e1tor l\u00e9\u010dby<\/a>. <\/strong>M\u00e1te z\u00e1jem st\u00e1t se partnerem? Vypl\u0148te formul\u00e1\u0159 na nebo kontaktn\u00ed str\u00e1nce nebo zavolejte <strong>+31 297 74 35 72<\/strong> pro v\u00edce informac\u00ed.<\/p>\t\t\t\t\t\t\t\t<\/div>\n\t\t\t\t<\/div>\n\t\t\t\t\t<\/div>\n\t\t\t\t<\/div>\n\t\t<div class=\"elementor-element elementor-element-9d2c889 e-flex e-con-boxed e-con e-parent\" data-id=\"9d2c889\" data-element_type=\"container\">\n\t\t\t\t\t<div class=\"e-con-inner\">\n\t\t\t\t<div class=\"elementor-element elementor-element-4dafff0 elementor-posts--align-left elementor-grid-3 elementor-grid-tablet-2 elementor-grid-mobile-1 elementor-posts--thumbnail-top elementor-widget elementor-widget-posts\" data-id=\"4dafff0\" data-element_type=\"widget\" data-settings=\"{&quot;pagination_type&quot;:&quot;numbers&quot;,&quot;classic_columns&quot;:&quot;3&quot;,&quot;classic_columns_tablet&quot;:&quot;2&quot;,&quot;classic_columns_mobile&quot;:&quot;1&quot;,&quot;classic_row_gap&quot;:{&quot;unit&quot;:&quot;px&quot;,&quot;size&quot;:35,&quot;sizes&quot;:[]},&quot;classic_row_gap_tablet&quot;:{&quot;unit&quot;:&quot;px&quot;,&quot;size&quot;:&quot;&quot;,&quot;sizes&quot;:[]},&quot;classic_row_gap_mobile&quot;:{&quot;unit&quot;:&quot;px&quot;,&quot;size&quot;:&quot;&quot;,&quot;sizes&quot;:[]}}\" data-widget_type=\"posts.classic\">\n\t\t\t\t<div class=\"elementor-widget-container\">\n\t\t\t\t\t\t\t<div class=\"elementor-posts-container elementor-posts elementor-posts--skin-classic elementor-grid\">\n\t\t\t\t<article class=\"elementor-post elementor-grid-item post-2377 partnerss type-partnerss status-publish format-standard has-post-thumbnail hentry\">\n\t\t\t\t<a class=\"elementor-post__thumbnail__link\" href=\"https:\/\/www.nanohealthcare.eu\/cs\/partnerss\/praktijk-hayo-bol\/\" tabindex=\"-1\">\n\t\t\t<div class=\"elementor-post__thumbnail\"><img fetchpriority=\"high\" decoding=\"async\" width=\"915\" height=\"610\" src=\"https:\/\/www.nanohealthcare.eu\/wp-content\/uploads\/2024\/12\/over-IMC-pic2.jpg\" class=\"attachment-full size-full wp-image-2379\" alt=\"\" srcset=\"https:\/\/www.nanohealthcare.eu\/wp-content\/uploads\/2024\/12\/over-IMC-pic2.jpg 915w, https:\/\/www.nanohealthcare.eu\/wp-content\/uploads\/2024\/12\/over-IMC-pic2-300x200.jpg 300w, https:\/\/www.nanohealthcare.eu\/wp-content\/uploads\/2024\/12\/over-IMC-pic2-768x512.jpg 768w, https:\/\/www.nanohealthcare.eu\/wp-content\/uploads\/2024\/12\/over-IMC-pic2-18x12.jpg 18w\" sizes=\"(max-width: 915px) 100vw, 915px\" \/><\/div>\n\t\t<\/a>\n\t\t\t\t<div class=\"elementor-post__text\">\n\t\t\t\t<h3 class=\"elementor-post__title\">\n\t\t\t<a href=\"https:\/\/www.nanohealthcare.eu\/cs\/partnerss\/praktijk-hayo-bol\/\">\n\t\t\t\tPraktijk Hayo Bol\t\t\t<\/a>\n\t\t<\/h3>\n\t\t\t\t<div class=\"elementor-post__excerpt\">\n\t\t\t<p>Praktijk Hayo Bol Praktijk Hayo Bol PraktijkDe praktijk van Hayo Bol je te vinden v Het Friese Joure. Tweewekelijks se nach\u00e1z\u00ed ve spole\u010dnosti Integraal Medisch Centrum van Amsterdam, kter\u00e9 v\u00e1m poskytne poradenstv\u00ed. Sinds 1995 je Hayo een gediplomeerd natuurgeneeskundig therapeut. Hij werkt vanuit een hollistisch perspectief dat is gebaseerd op vijf principes: energy, prikkeloverdracht, drainage, voeding en geestelijk welzijn. De behandelingenHet<\/p>\n\t\t<\/div>\n\t\t\t\t\t<div class=\"elementor-post__read-more-wrapper\">\n\t\t\n\t\t<a class=\"elementor-post__read-more\" href=\"https:\/\/www.nanohealthcare.eu\/cs\/partnerss\/praktijk-hayo-bol\/\" aria-label=\"P\u0159e\u010dt\u011bte si v\u00edce o Praktijk Hayo Bol\" tabindex=\"-1\">\n\t\t\tP\u0159e\u010dt\u011bte si v\u00edce \u27f6\t\t<\/a>\n\n\t\t\t\t\t<\/div>\n\t\t\t\t<\/div>\n\t\t\t\t<\/article>\n\t\t\t\t<article class=\"elementor-post elementor-grid-item post-2369 partnerss type-partnerss status-publish format-standard has-post-thumbnail hentry\">\n\t\t\t\t<a class=\"elementor-post__thumbnail__link\" href=\"https:\/\/www.nanohealthcare.eu\/cs\/partnerss\/instituut-zeewind\/\" tabindex=\"-1\">\n\t\t\t<div class=\"elementor-post__thumbnail\"><img decoding=\"async\" width=\"2560\" height=\"1704\" src=\"https:\/\/www.nanohealthcare.eu\/wp-content\/uploads\/2024\/12\/Zeewind-foto-1-scaled.jpg\" class=\"attachment-full size-full wp-image-2594\" alt=\"\" srcset=\"https:\/\/www.nanohealthcare.eu\/wp-content\/uploads\/2024\/12\/Zeewind-foto-1-scaled.jpg 2560w, https:\/\/www.nanohealthcare.eu\/wp-content\/uploads\/2024\/12\/Zeewind-foto-1-300x200.jpg 300w, https:\/\/www.nanohealthcare.eu\/wp-content\/uploads\/2024\/12\/Zeewind-foto-1-1024x682.jpg 1024w, https:\/\/www.nanohealthcare.eu\/wp-content\/uploads\/2024\/12\/Zeewind-foto-1-768x511.jpg 768w, https:\/\/www.nanohealthcare.eu\/wp-content\/uploads\/2024\/12\/Zeewind-foto-1-1536x1022.jpg 1536w, https:\/\/www.nanohealthcare.eu\/wp-content\/uploads\/2024\/12\/Zeewind-foto-1-2048x1363.jpg 2048w, https:\/\/www.nanohealthcare.eu\/wp-content\/uploads\/2024\/12\/Zeewind-foto-1-18x12.jpg 18w\" sizes=\"(max-width: 2560px) 100vw, 2560px\" \/><\/div>\n\t\t<\/a>\n\t\t\t\t<div class=\"elementor-post__text\">\n\t\t\t\t<h3 class=\"elementor-post__title\">\n\t\t\t<a href=\"https:\/\/www.nanohealthcare.eu\/cs\/partnerss\/instituut-zeewind\/\">\n\t\t\t\tInstitut Zeewind\t\t\t<\/a>\n\t\t<\/h3>\n\t\t\t\t<div class=\"elementor-post__excerpt\">\n\t\t\t<p>Instituut Zeewind Instituut Zeewind InstituutInstituut Zeewind byl otev\u0159en v roce 1995 ji\u017e d\u0159\u00edve. Praktijk je ud\u011blen v &#039;Oude Dorp&#039; van Amstelveen. Sinds 2005 wordt Zeewind gerundov\u00e9 dve\u0159e Hanna Hasnaoui. Zij werkt samen se setkal s t\u00fdmem van schoonheidsspecialistes. Bij Instituut Zeewind kan je terecht pre alles wat met beauty te maken heeft. Zodra je de salon binnenstapt, kun je er zeker van zijn<\/p>\n\t\t<\/div>\n\t\t\t\t\t<div class=\"elementor-post__read-more-wrapper\">\n\t\t\n\t\t<a class=\"elementor-post__read-more\" href=\"https:\/\/www.nanohealthcare.eu\/cs\/partnerss\/instituut-zeewind\/\" aria-label=\"P\u0159e\u010dt\u011bte si v\u00edce o Institutu Zeewind\" tabindex=\"-1\">\n\t\t\tP\u0159e\u010dt\u011bte si v\u00edce \u27f6\t\t<\/a>\n\n\t\t\t\t\t<\/div>\n\t\t\t\t<\/div>\n\t\t\t\t<\/article>\n\t\t\t\t<article class=\"elementor-post elementor-grid-item post-2355 partnerss type-partnerss status-publish format-standard has-post-thumbnail hentry\">\n\t\t\t\t<a class=\"elementor-post__thumbnail__link\" href=\"https:\/\/www.nanohealthcare.eu\/cs\/partnerss\/herrots-health-energy\/\" tabindex=\"-1\">\n\t\t\t<div class=\"elementor-post__thumbnail\"><img decoding=\"async\" width=\"2560\" height=\"1704\" src=\"https:\/\/www.nanohealthcare.eu\/wp-content\/uploads\/2024\/12\/4D44666-scaled.jpg\" class=\"attachment-full size-full wp-image-2360\" alt=\"\" srcset=\"https:\/\/www.nanohealthcare.eu\/wp-content\/uploads\/2024\/12\/4D44666-scaled.jpg 2560w, https:\/\/www.nanohealthcare.eu\/wp-content\/uploads\/2024\/12\/4D44666-300x200.jpg 300w, https:\/\/www.nanohealthcare.eu\/wp-content\/uploads\/2024\/12\/4D44666-1024x682.jpg 1024w, https:\/\/www.nanohealthcare.eu\/wp-content\/uploads\/2024\/12\/4D44666-768x511.jpg 768w, https:\/\/www.nanohealthcare.eu\/wp-content\/uploads\/2024\/12\/4D44666-1536x1022.jpg 1536w, https:\/\/www.nanohealthcare.eu\/wp-content\/uploads\/2024\/12\/4D44666-2048x1363.jpg 2048w, https:\/\/www.nanohealthcare.eu\/wp-content\/uploads\/2024\/12\/4D44666-18x12.jpg 18w\" sizes=\"(max-width: 2560px) 100vw, 2560px\" \/><\/div>\n\t\t<\/a>\n\t\t\t\t<div class=\"elementor-post__text\">\n\t\t\t\t<h3 class=\"elementor-post__title\">\n\t\t\t<a href=\"https:\/\/www.nanohealthcare.eu\/cs\/partnerss\/herrots-health-energy\/\">\n\t\t\t\tHERROT&#039;S Health &amp; Energy\t\t\t<\/a>\n\t\t<\/h3>\n\t\t\t\t<div class=\"elementor-post__excerpt\">\n\t\t\t<p>HERROT&#039;S Health &amp; Energy HERROT&#039;S Health &amp; Energy HERROT&#039;S Health &amp; Energy Veronike je certifikovan\u00fdm terapeutem Nano CellCare. Daarnaast heeft zij nog een tiental opleidingen gevolgd, waaronder darmspecialist a orthomoleculair voedingadviseur. Chcete-li z\u00edskat r\u016fzn\u00e9 klienty HERROT&#039;s kiezen pomoc\u00ed r\u016fzn\u00fdch zp\u016fsob\u016f pou\u017eit\u00ed, zoals terapie Nano CellCare, orthomoleculaire therapie, Total Reset therapie a kou\u010dov\u00e1n\u00ed. \u201eIk werk vanuit de visie dat het lichaam zichzelf kan verbeteren<\/p>\n\t\t<\/div>\n\t\t\t\t\t<div class=\"elementor-post__read-more-wrapper\">\n\t\t\n\t\t<a class=\"elementor-post__read-more\" href=\"https:\/\/www.nanohealthcare.eu\/cs\/partnerss\/herrots-health-energy\/\" aria-label=\"P\u0159e\u010dt\u011bte si v\u00edce o HERROT&#039;S Health &amp; Energy\" tabindex=\"-1\">\n\t\t\tP\u0159e\u010dt\u011bte si v\u00edce \u27f6\t\t<\/a>\n\n\t\t\t\t\t<\/div>\n\t\t\t\t<\/div>\n\t\t\t\t<\/article>\n\t\t\t\t<article class=\"elementor-post elementor-grid-item post-2333 partnerss type-partnerss status-publish format-standard has-post-thumbnail hentry\">\n\t\t\t\t<a class=\"elementor-post__thumbnail__link\" href=\"https:\/\/www.nanohealthcare.eu\/cs\/partnerss\/vitality-management\/\" tabindex=\"-1\">\n\t\t\t<div class=\"elementor-post__thumbnail\"><img loading=\"lazy\" decoding=\"async\" width=\"2560\" height=\"2048\" src=\"https:\/\/www.nanohealthcare.eu\/wp-content\/uploads\/2024\/12\/4D43802-scaled.jpg\" class=\"attachment-full size-full wp-image-2337\" alt=\"\" srcset=\"https:\/\/www.nanohealthcare.eu\/wp-content\/uploads\/2024\/12\/4D43802-scaled.jpg 2560w, https:\/\/www.nanohealthcare.eu\/wp-content\/uploads\/2024\/12\/4D43802-300x240.jpg 300w, https:\/\/www.nanohealthcare.eu\/wp-content\/uploads\/2024\/12\/4D43802-1024x819.jpg 1024w, https:\/\/www.nanohealthcare.eu\/wp-content\/uploads\/2024\/12\/4D43802-768x614.jpg 768w, https:\/\/www.nanohealthcare.eu\/wp-content\/uploads\/2024\/12\/4D43802-1536x1229.jpg 1536w, https:\/\/www.nanohealthcare.eu\/wp-content\/uploads\/2024\/12\/4D43802-2048x1638.jpg 2048w, https:\/\/www.nanohealthcare.eu\/wp-content\/uploads\/2024\/12\/4D43802-15x12.jpg 15w\" sizes=\"(max-width: 2560px) 100vw, 2560px\" \/><\/div>\n\t\t<\/a>\n\t\t\t\t<div class=\"elementor-post__text\">\n\t\t\t\t<h3 class=\"elementor-post__title\">\n\t\t\t<a href=\"https:\/\/www.nanohealthcare.eu\/cs\/partnerss\/vitality-management\/\">\n\t\t\t\t\u0158\u00edzen\u00ed vitality\t\t\t<\/a>\n\t\t<\/h3>\n\t\t\t\t<div class=\"elementor-post__excerpt\">\n\t\t\t<p>Vitality Management Vitality Management Werk a je vitaliteitSinds 1996 Staat Derk de Kloet a je \u0159\u00edzen spole\u010dnost\u00ed Vitality Management. Setkal jsem se s tren\u00e9rsk\u00fdmi praktizmy helpt hij individuen en teams meet het verbeteren van hun vitaliteit. Het gaat hierbij vooral om cli\u00ebnten die moeten presteren onder hoge druk. Derk biedt persoonlijke ondersteuning op mentaal en fysiek vlak. Vitality Management je d\u00e1n v Kortenhoef. Kou\u010dov\u00e1n\u00ed<\/p>\n\t\t<\/div>\n\t\t\t\t\t<div class=\"elementor-post__read-more-wrapper\">\n\t\t\n\t\t<a class=\"elementor-post__read-more\" href=\"https:\/\/www.nanohealthcare.eu\/cs\/partnerss\/vitality-management\/\" aria-label=\"P\u0159e\u010dt\u011bte si v\u00edce o \u0159\u00edzen\u00ed vitality\" tabindex=\"-1\">\n\t\t\tP\u0159e\u010dt\u011bte si v\u00edce \u27f6\t\t<\/a>\n\n\t\t\t\t\t<\/div>\n\t\t\t\t<\/div>\n\t\t\t\t<\/article>\n\t\t\t\t<article class=\"elementor-post elementor-grid-item post-2325 partnerss type-partnerss status-publish format-standard has-post-thumbnail hentry\">\n\t\t\t\t<a class=\"elementor-post__thumbnail__link\" href=\"https:\/\/www.nanohealthcare.eu\/cs\/partnerss\/natural-health-checck\/\" tabindex=\"-1\">\n\t\t\t<div class=\"elementor-post__thumbnail\"><img loading=\"lazy\" decoding=\"async\" width=\"1500\" height=\"1000\" src=\"https:\/\/www.nanohealthcare.eu\/wp-content\/uploads\/2024\/12\/Foto-2-Natural-Nano-Therapy-.jpeg\" class=\"attachment-full size-full wp-image-2511\" alt=\"\" srcset=\"https:\/\/www.nanohealthcare.eu\/wp-content\/uploads\/2024\/12\/Foto-2-Natural-Nano-Therapy-.jpeg 1500w, https:\/\/www.nanohealthcare.eu\/wp-content\/uploads\/2024\/12\/Foto-2-Natural-Nano-Therapy--300x200.jpeg 300w, https:\/\/www.nanohealthcare.eu\/wp-content\/uploads\/2024\/12\/Foto-2-Natural-Nano-Therapy--1024x683.jpeg 1024w, https:\/\/www.nanohealthcare.eu\/wp-content\/uploads\/2024\/12\/Foto-2-Natural-Nano-Therapy--768x512.jpeg 768w, https:\/\/www.nanohealthcare.eu\/wp-content\/uploads\/2024\/12\/Foto-2-Natural-Nano-Therapy--18x12.jpeg 18w\" sizes=\"(max-width: 1500px) 100vw, 1500px\" \/><\/div>\n\t\t<\/a>\n\t\t\t\t<div class=\"elementor-post__text\">\n\t\t\t\t<h3 class=\"elementor-post__title\">\n\t\t\t<a href=\"https:\/\/www.nanohealthcare.eu\/cs\/partnerss\/natural-health-checck\/\">\n\t\t\t\tP\u0159irozen\u00e1 zdravotn\u00ed kontrola\t\t\t<\/a>\n\t\t<\/h3>\n\t\t\t\t<div class=\"elementor-post__excerpt\">\n\t\t\t<p>P\u0159irozen\u00e1 kontrola zdravotn\u00edho stavu P\u0159irozen\u00e1 kontrola zdravotn\u00edho stavu Doru\u010den\u00e1 v roce 2007 je v souladu s vlastn\u00edmi d\u016fvody. Zpo\u010d\u00e1tku za\u010d\u00edn\u00e1 v p\u00e9\u010di o pacienta au pacienta s vysokou m\u00edrou pokro\u010dilosti s vysok\u00fdm stupn\u011bm vzd\u011bl\u00e1n\u00ed s orthomolekulov\u00fdm kPNI-terapeutem a elektroakupunkturistou. Na haar bevallingen had ze langdurig vermoeidheidsklachten en je ze zich gaan verdiepen in de orthomoleculaire geneeskunde.<\/p>\n\t\t<\/div>\n\t\t\t\t\t<div class=\"elementor-post__read-more-wrapper\">\n\t\t\n\t\t<a class=\"elementor-post__read-more\" href=\"https:\/\/www.nanohealthcare.eu\/cs\/partnerss\/natural-health-checck\/\" aria-label=\"P\u0159e\u010dt\u011bte si v\u00edce o kontrole p\u0159irozen\u00e9ho zdrav\u00ed\" tabindex=\"-1\">\n\t\t\tP\u0159e\u010dt\u011bte si v\u00edce \u27f6\t\t<\/a>\n\n\t\t\t\t\t<\/div>\n\t\t\t\t<\/div>\n\t\t\t\t<\/article>\n\t\t\t\t<article class=\"elementor-post elementor-grid-item post-2277 partnerss type-partnerss status-publish format-standard has-post-thumbnail hentry\">\n\t\t\t\t<a class=\"elementor-post__thumbnail__link\" href=\"https:\/\/www.nanohealthcare.eu\/cs\/partnerss\/body-plaza-nano-center\/\" tabindex=\"-1\">\n\t\t\t<div class=\"elementor-post__thumbnail\"><img loading=\"lazy\" decoding=\"async\" width=\"2560\" height=\"1704\" src=\"https:\/\/www.nanohealthcare.eu\/wp-content\/uploads\/2024\/12\/4D46937-scaled.jpg\" class=\"attachment-full size-full wp-image-2294\" alt=\"Body Plaza Nano Center - Behandeling\" srcset=\"https:\/\/www.nanohealthcare.eu\/wp-content\/uploads\/2024\/12\/4D46937-scaled.jpg 2560w, https:\/\/www.nanohealthcare.eu\/wp-content\/uploads\/2024\/12\/4D46937-300x200.jpg 300w, https:\/\/www.nanohealthcare.eu\/wp-content\/uploads\/2024\/12\/4D46937-1024x682.jpg 1024w, https:\/\/www.nanohealthcare.eu\/wp-content\/uploads\/2024\/12\/4D46937-768x511.jpg 768w, https:\/\/www.nanohealthcare.eu\/wp-content\/uploads\/2024\/12\/4D46937-1536x1022.jpg 1536w, https:\/\/www.nanohealthcare.eu\/wp-content\/uploads\/2024\/12\/4D46937-2048x1363.jpg 2048w, https:\/\/www.nanohealthcare.eu\/wp-content\/uploads\/2024\/12\/4D46937-18x12.jpg 18w\" sizes=\"(max-width: 2560px) 100vw, 2560px\" \/><\/div>\n\t\t<\/a>\n\t\t\t\t<div class=\"elementor-post__text\">\n\t\t\t\t<h3 class=\"elementor-post__title\">\n\t\t\t<a href=\"https:\/\/www.nanohealthcare.eu\/cs\/partnerss\/body-plaza-nano-center\/\">\n\t\t\t\tBody Plaza Nano Center\t\t\t<\/a>\n\t\t<\/h3>\n\t\t\t\t<div class=\"elementor-post__excerpt\">\n\t\t\t<p>Body Plaza Nano centrum Body Plaza Nano centrum Zorgcentrum se setkalo s r\u016fzn\u00fdmi discipl\u00ednami Centrum Body Plaza Nano je zalo\u017eeno v een zorgcentru ve Veghelu. Jedn\u00e1 se o osteopat, voetreflex therapeut, podotherapeut, osobn\u00ed tren\u00e9r a terapii Nano CellCare. Met al deze discipl\u00edny onder \u00e9\u00e9n dak kan de beste behandeling worden gegeven aan cli\u00ebnten. Body Plaza Nano Center stoj\u00ed pod veden\u00edm Hanse Zwarta. Hij<\/p>\n\t\t<\/div>\n\t\t\t\t\t<div class=\"elementor-post__read-more-wrapper\">\n\t\t\n\t\t<a class=\"elementor-post__read-more\" href=\"https:\/\/www.nanohealthcare.eu\/cs\/partnerss\/body-plaza-nano-center\/\" aria-label=\"P\u0159e\u010dt\u011bte si v\u00edce o centru Body Plaza Nano\" tabindex=\"-1\">\n\t\t\tP\u0159e\u010dt\u011bte si v\u00edce \u27f6\t\t<\/a>\n\n\t\t\t\t\t<\/div>\n\t\t\t\t<\/div>\n\t\t\t\t<\/article>\n\t\t\t\t<article class=\"elementor-post elementor-grid-item post-2166 partnerss type-partnerss status-publish format-standard has-post-thumbnail hentry\">\n\t\t\t\t<a class=\"elementor-post__thumbnail__link\" href=\"https:\/\/www.nanohealthcare.eu\/cs\/partnerss\/hayo-bol-practice\/\" tabindex=\"-1\">\n\t\t\t<div class=\"elementor-post__thumbnail\"><img loading=\"lazy\" decoding=\"async\" width=\"2048\" height=\"1348\" src=\"https:\/\/www.nanohealthcare.eu\/wp-content\/uploads\/2024\/12\/4D41740-scaled-e1732873827684-2048x1348-1.jpg\" class=\"attachment-full size-full wp-image-2215\" alt=\"\" srcset=\"https:\/\/www.nanohealthcare.eu\/wp-content\/uploads\/2024\/12\/4D41740-scaled-e1732873827684-2048x1348-1.jpg 2048w, https:\/\/www.nanohealthcare.eu\/wp-content\/uploads\/2024\/12\/4D41740-scaled-e1732873827684-2048x1348-1-300x197.jpg 300w, https:\/\/www.nanohealthcare.eu\/wp-content\/uploads\/2024\/12\/4D41740-scaled-e1732873827684-2048x1348-1-1024x674.jpg 1024w, https:\/\/www.nanohealthcare.eu\/wp-content\/uploads\/2024\/12\/4D41740-scaled-e1732873827684-2048x1348-1-768x506.jpg 768w, https:\/\/www.nanohealthcare.eu\/wp-content\/uploads\/2024\/12\/4D41740-scaled-e1732873827684-2048x1348-1-1536x1011.jpg 1536w, https:\/\/www.nanohealthcare.eu\/wp-content\/uploads\/2024\/12\/4D41740-scaled-e1732873827684-2048x1348-1-18x12.jpg 18w\" sizes=\"(max-width: 2048px) 100vw, 2048px\" \/><\/div>\n\t\t<\/a>\n\t\t\t\t<div class=\"elementor-post__text\">\n\t\t\t\t<h3 class=\"elementor-post__title\">\n\t\t\t<a href=\"https:\/\/www.nanohealthcare.eu\/cs\/partnerss\/hayo-bol-practice\/\">\n\t\t\t\tBalans en Voeding\t\t\t<\/a>\n\t\t<\/h3>\n\t\t\t\t<div class=\"elementor-post__excerpt\">\n\t\t\t<p>Praktijk<br \/> Balans &amp; Voeding je praktikem Rob Visscher. Hij is de praktijk gestart in 2013 en is momenteel gevestigd aan de Witherenstraat in Venlo. In de praktijk kan je terecht voor uiteenlopende klachten, van migr\u00e9na tot aan huidklachten en van hielspoor tot aan een verstoord immuunsystem. Rob heeft een behandelruimte veor Nano CellCare en daarnaast vind je in zijn\t\t<\/div>\n\t\t\t\t\t<div class=\"elementor-post__read-more-wrapper\">\n\t\t\n\t\t<a class=\"elementor-post__read-more\" href=\"https:\/\/www.nanohealthcare.eu\/cs\/partnerss\/hayo-bol-practice\/\" aria-label=\"P\u0159e\u010dt\u011bte si v\u00edce o Balans en Voeding\" tabindex=\"-1\">\n\t\t\tP\u0159e\u010dt\u011bte si v\u00edce \u27f6\t\t<\/a>\n\n\t\t\t\t\t<\/div>\n\t\t\t\t<\/div>\n\t\t\t\t<\/article>\n\t\t\t\t<\/div>\n\t\t\n\t\t\t\t\t\t<\/div>\n\t\t\t\t<\/div>\n\t\t\t\t\t<\/div>\n\t\t\t\t<\/div>\n\t\t\t\t<\/div>","protected":false},"excerpt":{"rendered":"<p>Partne\u0159i Sv\u00e9ho terapeuta Nano CellCare najdete prost\u0159ednictv\u00edm vyhled\u00e1va\u010de o\u0161et\u0159en\u00ed. M\u00e1te z\u00e1jem st\u00e1t se partnerem? Vypl\u0148te formul\u00e1\u0159 [\u2026]<\/p>","protected":false},"author":1,"featured_media":0,"parent":0,"menu_order":0,"comment_status":"closed","ping_status":"closed","template":"","meta":{"_acf_changed":false,"site-sidebar-layout":"no-sidebar","site-content-layout":"","ast-site-content-layout":"full-width-container","site-content-style":"default","site-sidebar-style":"default","ast-global-header-display":"","ast-banner-title-visibility":"","ast-main-header-display":"","ast-hfb-above-header-display":"","ast-hfb-below-header-display":"","ast-hfb-mobile-header-display":"","site-post-title":"disabled","ast-breadcrumbs-content":"","ast-featured-img":"disabled","footer-sml-layout":"","theme-transparent-header-meta":"","adv-header-id-meta":"","stick-header-meta":"","header-above-stick-meta":"","header-main-stick-meta":"","header-below-stick-meta":"","astra-migrate-meta-layouts":"default","ast-page-background-enabled":"default","ast-page-background-meta":{"desktop":{"background-color":"var(--ast-global-color-5)","background-image":"","background-repeat":"repeat","background-position":"center center","background-size":"auto","background-attachment":"scroll","background-type":"","background-media":"","overlay-type":"","overlay-color":"","overlay-opacity":"","overlay-gradient":""},"tablet":{"background-color":"","background-image":"","background-repeat":"repeat","background-position":"center center","background-size":"auto","background-attachment":"scroll","background-type":"","background-media":"","overlay-type":"","overlay-color":"","overlay-opacity":"","overlay-gradient":""},"mobile":{"background-color":"","background-image":"","background-repeat":"repeat","background-position":"center center","background-size":"auto","background-attachment":"scroll","background-type":"","background-media":"","overlay-type":"","overlay-color":"","overlay-opacity":"","overlay-gradient":""}},"ast-content-background-meta":{"desktop":{"background-color":"var(--ast-global-color-4)","background-image":"","background-repeat":"repeat","background-position":"center center","background-size":"auto","background-attachment":"scroll","background-type":"","background-media":"","overlay-type":"","overlay-color":"","overlay-opacity":"","overlay-gradient":""},"tablet":{"background-color":"var(--ast-global-color-4)","background-image":"","background-repeat":"repeat","background-position":"center center","background-size":"auto","background-attachment":"scroll","background-type":"","background-media":"","overlay-type":"","overlay-color":"","overlay-opacity":"","overlay-gradient":""},"mobile":{"background-color":"var(--ast-global-color-4)","background-image":"","background-repeat":"repeat","background-position":"center center","background-size":"auto","background-attachment":"scroll","background-type":"","background-media":"","overlay-type":"","overlay-color":"","overlay-opacity":"","overlay-gradient":""}},"footnotes":""},"class_list":["post-2217","page","type-page","status-publish","hentry"],"acf":[],"_links":{"self":[{"href":"https:\/\/www.nanohealthcare.eu\/cs\/wp-json\/wp\/v2\/pages\/2217","targetHints":{"allow":["GET"]}}],"collection":[{"href":"https:\/\/www.nanohealthcare.eu\/cs\/wp-json\/wp\/v2\/pages"}],"about":[{"href":"https:\/\/www.nanohealthcare.eu\/cs\/wp-json\/wp\/v2\/types\/page"}],"author":[{"embeddable":true,"href":"https:\/\/www.nanohealthcare.eu\/cs\/wp-json\/wp\/v2\/users\/1"}],"replies":[{"embeddable":true,"href":"https:\/\/www.nanohealthcare.eu\/cs\/wp-json\/wp\/v2\/comments?post=2217"}],"version-history":[{"count":64,"href":"https:\/\/www.nanohealthcare.eu\/cs\/wp-json\/wp\/v2\/pages\/2217\/revisions"}],"predecessor-version":[{"id":3729,"href":"https:\/\/www.nanohealthcare.eu\/cs\/wp-json\/wp\/v2\/pages\/2217\/revisions\/3729"}],"wp:attachment":[{"href":"https:\/\/www.nanohealthcare.eu\/cs\/wp-json\/wp\/v2\/media?parent=2217"}],"curies":[{"name":"wp","href":"https:\/\/api.w.org\/{rel}","templated":true}]}}